{"id":744,"date":"2025-01-17T13:30:19","date_gmt":"2025-01-17T12:30:19","guid":{"rendered":"https:\/\/autonardiexpress.com\/shop\/?post_type=product&#038;p=744"},"modified":"2025-01-17T15:51:56","modified_gmt":"2025-01-17T14:51:56","slug":"bobine-elektrike","status":"publish","type":"product","link":"https:\/\/autonardiexpress.com\/shop\/produkt\/bobine-elektrike\/","title":{"rendered":"Bobin\u00eb elektrike"},"content":{"rendered":"<h2><span style=\"color: #008000\">Electric coil\u00a0 (<span style=\"color: #993366\">Multiplier<\/span>)\u00a0 <\/span><span style=\"color: #800000\">DELPHI<\/span> <span style=\"color: #000080\">GN10637<span style=\"color: #ff6600\">&#8211;<\/span>12B1<\/span><\/h2>\n<h2><span style=\"color: #008000\">\u0397\u03bb\u03b5\u03ba\u03c4\u03c1\u03b9\u03ba\u03cc \u03c0\u03b7\u03bd\u03af\u03bf\u00a0 (<span style=\"color: #993366\">\u03a0\u03bf\u03bb\u03bb\u03b1\u03c0\u03bb\u03b1\u03c3\u03b9\u03b1\u03c3\u03c4\u03ae\u03c2<\/span>)<\/span><\/h2>\n<h2><span style=\"color: #008000\">Bobina elettrica\u00a0 (<span style=\"color: #993366\">Moltiplicatore<\/span>)<\/span><\/h2>\n<p>&nbsp;<\/p>\n<h3><span style=\"color: #003366\">T\u00eb ngjash\u00ebm me numrat\u00a0OEM\u00a0vet\u00ebm p\u00ebr krahasim<\/span><\/h3>\n<ul class=\"pkw-oem__ul\">\n<li>\n<h6><span style=\"color: #993300\">HITACHI (<span style=\"color: #0000ff\">133936<\/span>)<\/span><\/h6>\n<\/li>\n<li>\n<h6><span style=\"color: #993300\">HITACHI (<span style=\"color: #0000ff\">2503936<\/span>)<\/span><\/h6>\n<\/li>\n<li>\n<h6><span style=\"color: #993300\">MAZDA (<span style=\"color: #0000ff\">ZJ20-18-100<\/span>)<\/span><\/h6>\n<\/li>\n<li>\n<h6><span style=\"color: #993300\">MAZDA (<span style=\"color: #0000ff\">ZJ20-18-100A<\/span>)<\/span><\/h6>\n<\/li>\n<\/ul>\n<h3><span style=\"color: #800000\">Prodhuesi Modeli Lloji Fuqia n\u00eb KW Viti i prodhimit\u00a0<\/span><\/h3>\n<ul class=\"pkw-product-models__list\">\n<li class=\"pkw-product-models__product\"><span style=\"color: #808000\"><b class=\"button_dropdown_list\" data-maker=\"72\" data-model=\"5062\" data-prod=\"13812461\">MAZDA 3 Hatchback (BK) ( 10.2003 &#8211; 06.2009 , 84 &#8211; 105 PS)<\/b><\/span><\/li>\n<li class=\"pkw-product-models__product\"><span style=\"color: #808000\"><b class=\"button_dropdown_list\" data-maker=\"72\" data-model=\"5063\" data-prod=\"13812461\"><i class=\"icon arrow\"><\/i>MAZDA 3 Sedan (BK) ( 02.2004 &#8211; 06.2009 , 105 PS)<\/b><\/span><\/li>\n<li class=\"pkw-product-models__product\"><span style=\"color: #808000\"><b class=\"button_dropdown_list\" data-maker=\"72\" data-model=\"6436\" data-prod=\"13812461\"><i class=\"icon arrow\"><\/i>MAZDA 2 Hatchback (DE, DH) ( 07.2007 &#8211; 06.2015 , 75 &#8211; 113 PS)<\/b><\/span><\/li>\n<li class=\"pkw-product-models__product\"><span style=\"color: #808000\"><b class=\"button_dropdown_list\" data-maker=\"72\" data-model=\"8036\" data-prod=\"13812461\"><i class=\"icon arrow\"><\/i>MAZDA 3 Hatchback (BL) ( 12.2008 &#8211; 09.2014 , 105 &#8211; 107 PS)<\/b><\/span><\/li>\n<li class=\"pkw-product-models__product\"><span style=\"color: #808000\"><b class=\"button_dropdown_list\" data-maker=\"72\" data-model=\"8037\" data-prod=\"13812461\"><i class=\"icon arrow\"><\/i>MAZDA 3 Sedan (BL) ( 12.2008 &#8211; 09.2014 , 105 PS)<\/b><\/span><\/li>\n<li class=\"pkw-product-models__product\"><span style=\"color: #808000\"><b class=\"button_dropdown_list\" data-maker=\"72\" data-model=\"9579\" data-prod=\"13812461\"><i class=\"icon arrow\"><\/i>MAZDA 2 Sedan (DE) ( 05.2010 &#8211; 06.2015 , 103 PS)<\/b><\/span><\/li>\n<li class=\"pkw-product-models__product\"><span style=\"color: #808000\"><b class=\"button_dropdown_list\" data-maker=\"72\" data-model=\"11526\" data-prod=\"13812461\"><i class=\"icon arrow\"><\/i>MAZDA 3 Hatchback (BM, BN) ( 09.2013 &#8211; 05.2019 , 105 PS)<\/b><\/span><\/li>\n<li class=\"pkw-product-models__product\"><span style=\"color: #808000\"><b class=\"button_dropdown_list\" data-maker=\"72\" data-model=\"11527\" data-prod=\"13812461\"><i class=\"icon arrow\"><\/i>MAZDA 3 Sedan (BM, BN) ( 09.2013 &#8211; 05.2019 , 105 PS)<\/b><\/span><\/li>\n<\/ul>\n<h4><span style=\"color: #003366\">T\u00eb gjitha pjes\u00ebt n\u00eb nj\u00eb v\u00ebnd \u2013 Zgjidhni tuajat n\u00eb faqen ton\u00eb .<\/span><\/h4>\n","protected":false},"excerpt":{"rendered":"<h2><span style=\"color: #800000\"><span style=\"color: #0000ff\">Bobin\u00eb elektrike<\/span> DELPHI<\/span> <span style=\"color: #000080\">GN10637<span style=\"color: #ff6600\">&#8211;<\/span>12B1<\/span><\/h2>\n<p><strong><span style=\"color: #800000\">OEM :<\/span> <span style=\"color: #003300\">ZJ20-18-100A<\/span><\/strong><\/p>\n<p><strong><span style=\"color: #800000\">EAN :<\/span> <span style=\"color: #003300\">5012759517604<\/span><\/strong><\/p>\n<h6><span style=\"color: #ff0000\">Bobin\u00eb elektrike Mazda- HITACHI<\/span><\/h6>\n<p><span style=\"color: #008000\"><strong>Replacement numbers<\/strong><\/span><\/p>\n<div class=\"related-products-box__item\">\n<p><a class=\"ga-click\" href=\"https:\/\/www.antallaktikaonline.gr\/beru\/12732652\" data-gac=\"Tecdoc_analog_click\" data-ga-action=\"12732652\"><span class=\"image\"><img decoding=\"async\" title=\"BERU GN1063712B1\" src=\"https:\/\/cdn.pkwteile.de\/brands\/thumbs\/11.png?m=3&amp;ccf=10632404\" alt=\"BERU ZS489\" \/>\u00a0 \u00a0 \u00a0 \u00a0 \u00a0 \u00a0<\/span><em><strong><span class=\"atr\">\u2116: ZS489<\/span><\/strong><\/em><\/a><\/p>\n<div class=\"related-products-box__price\"><a class=\"ga-click\" href=\"https:\/\/www.antallaktikaonline.gr\/meat-doria\/7755329\" data-gac=\"Tecdoc_analog_click\" data-ga-action=\"7755329\"><span class=\"image\"><img decoding=\"async\" title=\"MEAT &amp; DORIA GN1063712B1\" src=\"https:\/\/cdn.pkwteile.de\/brands\/thumbs\/10065.png?m=3&amp;ccf=10632404\" alt=\"MEAT &amp; DORIA 10660\" \/>\u00a0 \u00a0 \u00a0<\/span><em><strong><span class=\"atr\">\u2116: 10660<\/span><\/strong><\/em><\/a><\/div>\n<\/div>\n<div class=\"related-products-box__item\">\n<div class=\"related-products-box__price\"><\/div>\n<div class=\"pkw-product__rating\" data-rating=\"8\">\n<div><a class=\"ga-click\" href=\"https:\/\/www.antallaktikaonline.gr\/hitachi\/7522952\" data-gac=\"Tecdoc_analog_click\" data-ga-action=\"7522952\"><span class=\"image\"><img decoding=\"async\" title=\"HITACHI GN1063712B1\" src=\"https:\/\/cdn.pkwteile.de\/brands\/thumbs\/777.png?m=3&amp;ccf=10632404\" alt=\"HITACHI 133936\" \/> \u00a0 \u00a0 \u00a0 \u00a0<\/span><\/a><em><strong><span class=\"atr\">\u2116: 133936<\/span><\/strong><\/em><\/div>\n<\/div>\n<\/div>\n<div class=\"related-products-box__item\">\n<div class=\"related-products-box__price\"><\/div>\n<\/div>\n<div class=\"related-products-box__item\">\n<p><a class=\"ga-click\" href=\"https:\/\/www.antallaktikaonline.gr\/hitachi\/7825311\" data-gac=\"Tecdoc_analog_click\" data-ga-action=\"7825311\"><span class=\"image\"><img decoding=\"async\" title=\"HITACHI GN1063712B1\" src=\"https:\/\/cdn.pkwteile.de\/brands\/thumbs\/777.png?m=3&amp;ccf=10632404\" alt=\"HITACHI 2503936\" \/>\u00a0 \u00a0 \u00a0 <\/span><span class=\"atr\">\u00a0<strong><em>\u2116: 2503936<\/em><\/strong><\/span><\/a><\/p>\n<div class=\"related-products-box__price\"><a class=\"ga-click\" href=\"https:\/\/www.antallaktikaonline.gr\/bosch\/7885312\" data-gac=\"Tecdoc_analog_click\" data-ga-action=\"7885312\"><span class=\"image\"><img decoding=\"async\" title=\"BOSCH GN1063712B1\" src=\"https:\/\/cdn.pkwteile.de\/brands\/thumbs\/30.png?m=3&amp;ccf=10632404\" alt=\"BOSCH 0 986 221 092\" \/><\/span><span class=\"atr\">\u00a0\u00a0 <em><strong>\u2116: 0 986 221 092<\/strong><\/em><\/span><\/a><\/div>\n<div><span style=\"color: #ff0000\"><strong>\u00a0 ASHIKA\u00a0<\/strong> <\/span>\u00a0 \u00a0 \u00a0 \u00a0 \u00a0<span class=\"atr\"><em><strong>\u2116: <\/strong><\/em><\/span><em><strong>78-03-303<\/strong><\/em><\/div>\n<\/div>\n<div class=\"related-products-box__item\">\n<div class=\"pkw-product__rating\" data-rating=\"8\">\n<div><span class=\"image\"><span class=\"atr\"><em><strong><a class=\"ga-click\" href=\"https:\/\/www.antallaktikaonline.gr\/ngk\/9803748\" data-gac=\"Tecdoc_analog_click\" data-ga-action=\"9803748\"><img decoding=\"async\" title=\"NGK ZS489\" src=\"https:\/\/cdn.pkwteile.de\/brands\/thumbs\/15.png?m=3&amp;ccf=10632404\" alt=\"NGK 49068\" \/><\/a><\/strong><\/em><\/span>\u00a0 \u00a0 \u00a0 \u00a0 \u00a0 \u00a0 \u00a0 \u00a0 \u00a0 <\/span><span class=\"atr\"><em><strong>\u2116: 49068<\/strong><\/em>\u00a0<\/span><\/div>\n<div><span class=\"atr\"><em><strong><span class=\"image\"><span style=\"color: #0000ff\"><span style=\"color: #ff0000\">ACKOJA<\/span><\/span>\u00a0<\/span>\u00a0 \u00a0 \u00a0 \u2116: \u00a0A32-70-0018<\/strong><\/em><\/span><\/div>\n<div><em><strong><span class=\"atr\"><span class=\"image\"><span style=\"color: #0000ff\">NTK &#8211; <span style=\"color: #ff0000\">NGK<\/span><\/span>\u00a0<\/span>\u00a0 \u00a0\u2116: 49068 <\/span><\/strong><\/em><\/div>\n<div><em><strong><span class=\"atr\"><span style=\"color: #0000ff\">HELLA<\/span><span class=\"image\">\u00a0<\/span>\u00a0 \u00a0 \u00a0 \u00a0 \u00a0\u2116: 5DA 358 057-021\u00a0 \u00a0 \u00a0 \u00a0 \u00a0 \u00a0 \u00a0 \u00a0 \u00a0 \u00a0 \u00a0 \u00a0 \u00a0 \u00a0 \u00a0 \u00a0 \u00a0 \u00a0 \u00a0 \u00a0 \u00a0 \u00a0 \u00a0 \u00a0 \u00a0 \u00a0 \u00a0 \u00a0 \u00a0 \u00a0 \u00a0 \u00a0 \u00a0 \u00a0 \u00a0 \u00a0 \u00a0 \u00a0 \u00a0 \u00a0 \u00a0 \u00a0 \u00a0 \u00a0 \u00a0 \u00a0 \u00a0 <span style=\"color: #0000ff\">TESLA<\/span><span class=\"image\">\u00a0<\/span>\u00a0 \u00a0 \u00a0 \u00a0 <\/span><\/strong><\/em><em><strong><span class=\"atr\">\u2116: CP094 <\/span><\/strong><\/em><\/div>\n<div><span style=\"color: #0000ff\"><em><strong><span class=\"atr\">VEMO<\/span><\/strong><\/em><\/span><em><strong><span class=\"atr\"><span style=\"color: #0000ff\">\u00a0<\/span> \u00a0 \u00a0 \u00a0 \u00a0 \u00a0\u2116: V32-70-0018<\/span><\/strong><\/em><\/div>\n<div><em><strong><span class=\"atr\"><span style=\"color: #0000ff\"><a class=\"ga-click prod_link\" style=\"color: #0000ff\" href=\"https:\/\/www.antallaktikaonline.gr\/quinton-hazell\/12718444\" data-gac=\"disabled__Go_to_product\" data-ga-label=\"search\" data-ga-action=\"12718444\">QUINTON <\/a><span style=\"color: #ff0000\">HAZELL<\/span><\/span>\u00a0 \u2116: XIG5168<\/span><\/strong><\/em><\/div>\n<\/div>\n<\/div>\n<div class=\"related-products-box__item\"><span class=\"image\"><img decoding=\"async\" title=\"VALEO GN1063712B1\" src=\"https:\/\/cdn.pkwteile.de\/brands\/thumbs\/21.png?m=3&amp;ccf=10632404\" alt=\"VALEO 155194\" \/> <\/span><span class=\"atr\">\u00a0<em><strong>\u2116: 155194\u00a0 \u00a0 \u00a0 \u00a0 \u00a0 \u00a0 \u00a0 \u00a0 \u00a0 \u00a0 \u00a0 \u00a0 \u00a0 \u00a0 \u00a0 \u00a0 \u00a0 \u00a0 \u00a0 \u00a0 \u00a0 \u00a0 \u00a0 \u00a0 \u00a0 \u00a0 \u00a0 \u00a0 \u00a0 \u00a0 \u00a0 \u00a0 \u00a0 \u00a0 \u00a0 \u00a0 \u00a0 \u00a0 \u00a0 \u00a0 \u00a0 \u00a0 \u00a0 \u00a0 \u00a0 \u00a0 \u00a0 \u00a0 \u00a0 \u00a0 \u00a0 \u00a0 \u00a0 \u00a0 \u00a0 \u00a0 \u00a0 \u00a0 \u00a0<\/strong><strong>\u2116: 245358<\/strong><\/em><\/span><\/div>\n<div>\n<div class=\"related-products-box__item\">\n<p><a class=\"ga-click\" href=\"https:\/\/www.antallaktikaonline.gr\/champion\/13792847\" data-gac=\"Tecdoc_analog_click\" data-ga-action=\"13792847\"><span class=\"image\"><img decoding=\"async\" title=\"CHAMPION ZS489\" src=\"https:\/\/cdn.pkwteile.de\/brands\/thumbs\/43.png?m=3&amp;ccf=10632404\" alt=\"CHAMPION BAEA489\" \/>\u00a0 \u00a0 \u00a0\u00a0<\/span><em><strong><span class=\"atr\">\u2116: BAEA489<\/span><\/strong><\/em><\/a><\/p>\n<p><a class=\"ga-click\" href=\"https:\/\/www.antallaktikaonline.gr\/bremi\/13792921\" data-gac=\"Tecdoc_analog_click\" data-ga-action=\"13792921\"><span class=\"image\"><img decoding=\"async\" title=\"BREMI ZS489\" src=\"https:\/\/cdn.pkwteile.de\/brands\/thumbs\/47.png?m=3&amp;ccf=10632404\" alt=\"BREMI 20686\" \/>\u00a0 \u00a0 <\/span><em><strong><span class=\"atr\">\u2116: 20686<\/span><\/strong><\/em><\/a><\/p>\n<\/div>\n<div class=\"related-products-box__item\">\n<p><a class=\"ga-click\" href=\"https:\/\/www.antallaktikaonline.gr\/era\/14556515\" data-gac=\"Tecdoc_analog_click\" data-ga-action=\"14556515\"><span class=\"image\"><img decoding=\"async\" title=\"ERA ZS489\" src=\"https:\/\/cdn.pkwteile.de\/brands\/thumbs\/10014.png?m=3&amp;ccf=10632404\" alt=\"ERA 880385A\" \/>\u00a0 \u00a0 \u00a0<\/span><em><strong><span class=\"atr\">\u2116: 880385A<\/span><\/strong><\/em><\/a><\/p>\n<p><a class=\"ga-click\" href=\"https:\/\/www.antallaktikaonline.gr\/febi-bilstein\/14767073\" data-gac=\"Tecdoc_analog_click\" data-ga-action=\"14767073\"><span class=\"image\"><img decoding=\"async\" title=\"FEBI BILSTEIN ZS489\" src=\"https:\/\/cdn.pkwteile.de\/brands\/thumbs\/101.png?m=3&amp;ccf=10632404\" alt=\"FEBI BILSTEIN 106775\" \/>\u00a0 \u00a0 \u00a0 \u00a0 <\/span><em><strong><span class=\"atr\">\u2116: 106775<\/span><\/strong><\/em><\/a><\/p>\n<\/div>\n<div class=\"related-products-box__item\"><\/div>\n<\/div>\n","protected":false},"featured_media":0,"comment_status":"open","ping_status":"closed","template":"","meta":[],"product_cat":[186,188,105],"product_tag":[],"class_list":["post-744","product","type-product","status-publish","hentry","product_cat-delphi","product_cat-hitachi","product_cat-mazda"],"_links":{"self":[{"href":"https:\/\/autonardiexpress.com\/shop\/wp-json\/wp\/v2\/product\/744","targetHints":{"allow":["GET"]}}],"collection":[{"href":"https:\/\/autonardiexpress.com\/shop\/wp-json\/wp\/v2\/product"}],"about":[{"href":"https:\/\/autonardiexpress.com\/shop\/wp-json\/wp\/v2\/types\/product"}],"replies":[{"embeddable":true,"href":"https:\/\/autonardiexpress.com\/shop\/wp-json\/wp\/v2\/comments?post=744"}],"wp:attachment":[{"href":"https:\/\/autonardiexpress.com\/shop\/wp-json\/wp\/v2\/media?parent=744"}],"wp:term":[{"taxonomy":"product_cat","embeddable":true,"href":"https:\/\/autonardiexpress.com\/shop\/wp-json\/wp\/v2\/product_cat?post=744"},{"taxonomy":"product_tag","embeddable":true,"href":"https:\/\/autonardiexpress.com\/shop\/wp-json\/wp\/v2\/product_tag?post=744"}],"curies":[{"name":"wp","href":"https:\/\/api.w.org\/{rel}","templated":true}]}}