{"id":729,"date":"2024-06-20T14:36:18","date_gmt":"2024-06-20T13:36:18","guid":{"rendered":"https:\/\/autonardiexpress.com\/shop\/?post_type=product&#038;p=729"},"modified":"2024-06-20T15:02:15","modified_gmt":"2024-06-20T14:02:15","slug":"pompe-uji","status":"publish","type":"product","link":"https:\/\/autonardiexpress.com\/shop\/produkt\/pompe-uji\/","title":{"rendered":"Pomp\u00eb uji"},"content":{"rendered":"<h1><span style=\"color: #800000\">Pomp\u00eb uji\u00a0<\/span>\u00a0<span style=\"color: #333399\"> VKPC 88430<\/span><strong><span style=\"color: #000080\">\u00a0<\/span> \u00a0<a href=\"https:\/\/www.antallaktikaonline.gr\/exartimaton-aftokiniton-kataskeuastes\/skf\"><img decoding=\"async\" class=\"pkw-product__image-brand\" title=\"A\u03bd\u03c4\u03b1\u03bb\u03bb\u03b1\u03ba\u03c4\u03b9\u03ba\u03ac, \u03c0\u03b5\u03c1\u03b9\u03c0\u03bf\u03af\u03b7\u03c3\u03b7 \u03b1\u03c5\u03c4\u03bf\u03ba\u03b9\u03bd\u03ae\u03c4\u03bf\u03c5, \u03b5\u03c1\u03b3\u03b1\u03bb\u03b5\u03af\u03b1 SKF\" src=\"https:\/\/cdn.pkwteile.de\/brands\/thumbs\/50.png?m=2&amp;ccf=93145724\" alt=\"SKF A\u03bd\u03c4\u03b1\u03bb\u03bb\u03b1\u03ba\u03c4\u03b9\u03ba\u03ac, \u03a0\u03b5\u03c1\u03b9\u03c0\u03bf\u03af\u03b7\u03c3\u03b7 \u03b1\u03c5\u03c4\u03bf\u03ba\u03b9\u03bd\u03ae\u03c4\u03bf\u03c5, \u0395\u03c1\u03b3\u03b1\u03bb\u03b5\u03af\u03b1 \u03b3\u03bd\u03ae\u03c3\u03b9\u03b1 \u03b1\u03bd\u03c4\u03b1\u03bb\u03bb\u03b1\u03ba\u03c4\u03b9\u03ba\u03ac\" \/><\/a><\/strong><\/h1>\n<h1><span style=\"color: #993366\">Vihet n\u00eb l\u00ebvizje nga rripi trapezoidal<\/span><\/h1>\n<h1><span style=\"color: #003300\">.\u00a0\u0391\u03bd\u03c4\u03bb\u03af\u03b1 \u03bd\u03b5\u03c1\u03bf\u03cd\u00a0<span class=\"desc\">\u03b3\u03b9\u03b1 \u03bc\u03b5\u03c4\u03ac\u03b4\u03bf\u03c3\u03b7 \u03ba\u03af\u03bd\u03b7\u03c3\u03b7\u03c2 \u03bc\u03b5 \u03b9\u03bc\u03ac\u03bd\u03c4\u03b1 poly-V<\/span><\/span><\/h1>\n<h1><span style=\"color: #003300\">. Water pump\u00a0for poly-V belt drive<\/span><\/h1>\n<h1><span style=\"color: #003300\">. Pompa acqua\u00a0per trasmissione a cinghia Poly-V<\/span><\/h1>\n<h3><span style=\"color: #ff6600\">Ngjash\u00ebm me numrat OEM (vet\u00ebm p\u00ebr krahasim)<\/span><\/h3>\n<p><span style=\"color: #000080\"><em><strong>BMW\u00a0 11 51 2 248 996<\/strong><\/em><\/span><\/p>\n<p><span style=\"color: #000080\"><em><strong>BMW\u00a0 11 51 2 354 055<\/strong><\/em><\/span><\/p>\n<p><span style=\"color: #000080\"><em><strong>BMW\u00a0 11 51 7 786 192<\/strong><\/em><\/span><\/p>\n<p><span style=\"color: #000080\"><em><strong><span class=\"pkw-oem__link\">BMW\u00a0 11 51 7 861 192<\/span><\/strong><\/em><\/span><\/p>\n<p><span style=\"color: #000080\"><em><strong>LAND ROVER\u00a0 PEB000050<\/strong><\/em><\/span><\/p>\n<p><span style=\"color: #000080\"><em><strong>OPEL\u00a0 1334082\u00a0<\/strong><\/em><\/span><\/p>\n<p><span style=\"color: #000080\"><em><strong>VAUXHALL\u00a0 93171540<\/strong><\/em><\/span><\/p>\n<h4><span style=\"color: #003300\">Prodhuesi ,Modeli ,Lloji ,Fuqia n\u00eb KW Viti i prodhimit<\/span><\/h4>\n<ul class=\"pkw-product-models__list\">\n<li class=\"pkw-product-models__product\"><span style=\"color: #008080\"><b class=\"button_dropdown_list\" data-maker=\"16\" data-model=\"549\" data-prod=\"8095321\">BMW 7 (E38) ( 08.1998 &#8211; 11.2001 , 184 &#8211; 193 PS)<\/b><\/span><\/li>\n<li class=\"pkw-product-models__product\"><span style=\"color: #008080\"><b class=\"button_dropdown_list\" data-maker=\"16\" data-model=\"1449\" data-prod=\"8095321\"><i class=\"icon arrow\"><\/i>BMW 5 Sedan (E39) ( 08.1998 &#8211; 06.2003 , 163 &#8211; 193 PS)<\/b><\/span><\/li>\n<li class=\"pkw-product-models__product\"><span style=\"color: #008080\"><b class=\"button_dropdown_list\" data-maker=\"16\" data-model=\"1892\" data-prod=\"8095321\"><i class=\"icon arrow\"><\/i>BMW 5 Touring (E39) ( 08.1998 &#8211; 05.2004 , 163 &#8211; 193 PS)<\/b><\/span><\/li>\n<li class=\"pkw-product-models__product\"><span style=\"color: #008080\"><b class=\"button_dropdown_list\" data-maker=\"16\" data-model=\"3397\" data-prod=\"8095321\"><i class=\"icon arrow\"><\/i>BMW 3 Sedan (E46) ( 10.1999 &#8211; 02.2005 , 184 PS)<\/b><\/span><\/li>\n<li class=\"pkw-product-models__product\"><span style=\"color: #008080\"><b class=\"button_dropdown_list\" data-maker=\"16\" data-model=\"3999\" data-prod=\"8095321\"><i class=\"icon arrow\"><\/i>BMW 3 Coupe (E46) ( 03.2003 &#8211; 07.2006 , 204 PS)<\/b><\/span><\/li>\n<li class=\"pkw-product-models__product\"><span style=\"color: #008080\"><b class=\"button_dropdown_list\" data-maker=\"16\" data-model=\"4088\" data-prod=\"8095321\"><i class=\"icon arrow\"><\/i>BMW 3 Touring (E46) ( 10.1999 &#8211; 05.2005 , 184 &#8211; 204 PS)<\/b><\/span><\/li>\n<li class=\"pkw-product-models__product\"><span style=\"color: #008080\"><b class=\"button_dropdown_list\" data-maker=\"16\" data-model=\"4343\" data-prod=\"8095321\"><i class=\"icon arrow\"><\/i>BMW X5 (E53) ( 04.2001 &#8211; 09.2006 , 184 &#8211; 211 PS)<\/b><\/span><\/li>\n<li class=\"pkw-product-models__product\"><span style=\"color: #008080\"><b class=\"button_dropdown_list loaded\" data-maker=\"1820\" data-model=\"4869\" data-prod=\"8095321\">LAND ROVER Range Rover III (L322) ( 03.2002 &#8211; 08.2012 , 177 PS)<\/b><\/span><\/li>\n<li class=\"pkw-product-models__product\"><span style=\"color: #008080\"><b class=\"button_dropdown_list\" data-maker=\"84\" data-model=\"359\" data-prod=\"8095321\">OPEL Omega B Caravan (V94) ( 09.2001 &#8211; 07.2003 , 150 PS)<\/b><\/span><\/li>\n<li class=\"pkw-product-models__product\"><span style=\"color: #008080\"><b class=\"button_dropdown_list\" data-maker=\"84\" data-model=\"3466\" data-prod=\"8095321\"><i class=\"icon arrow\"><\/i>OPEL Omega B Sedan (V94) ( 09.2001 &#8211; 07.2003 , 150 PS)<\/b><\/span><\/li>\n<li>\n<h4><span style=\"color: #800080\">T\u00eb gjitha pjes\u00ebt n\u00eb nj\u00eb v\u00ebnd \u2013 Zgjidhni tuajat n\u00eb faqen ton\u00eb .<\/span><\/h4>\n<\/li>\n<\/ul>\n","protected":false},"excerpt":{"rendered":"<h1><span style=\"color: #800000\">Pomp\u00eb uji<\/span>\u00a0\u00a0<strong><span style=\"color: #0000ff\">VKPC 88430<\/span>\u00a0<\/strong><\/h1>\n<h1><span style=\"color: #003300\">BMW &#8211; Land Rover &#8211; Range Rover &#8211; Opel &#8211; Vauxhall<\/span><\/h1>\n<h6><span style=\"color: #800080\">Pompa uji BMW 3 (E46) 330 xd ,5-Seria (E39) 525-530 d ,7 (E38) , X5 (E53) 3.0 d &amp; Land Range Rover ,Opel Omega 2.5 TDI VitI.1999-2005<\/span><\/h6>\n<h5><strong><span style=\"color: #ff0000\">EAN:<\/span> <span style=\"color: #0000ff\">7316572427385<\/span><\/strong><\/h5>\n<h6><strong><span style=\"color: #ff0000\">OEM:<\/span> <span style=\"color: #0000ff\">11 51 7 786 192<\/span><\/strong><\/h6>\n<h4><span style=\"color: #000080\"><strong>GJITHASHTU JU REKOMANDOJM\u00cb:<\/strong><\/span><\/h4>\n<div class=\"related-products-box__item\">\n<p><span style=\"color: #008000\"><strong><em>DOLZ\u00a0 \u00a0\u00a0<span class=\"atr\">\u2116: B222<\/span><\/em><\/strong><\/span><\/p>\n<p><span style=\"color: #008000\"><strong><em>FEBI\u00a0 \u00a0\u00a0<span class=\"atr\">\u2116: 21413<\/span><\/em><\/strong><\/span><\/p>\n<p><span style=\"color: #008000\"><strong><em>HEPU\u00a0\u00a0<span class=\"atr\">\u2116: P 468<\/span><\/em><\/strong><\/span><\/p>\n<p><span style=\"color: #008000\"><strong><em>METELLI\u00a0\u00a0<span class=\"atr\">\u2116: 24-0760<\/span><\/em><\/strong><\/span><\/p>\n<p><span style=\"color: #008000\"><strong><em>GRAF\u00a0\u00a0<span class=\"atr\">\u2116: PA 1053<\/span><\/em><\/strong><\/span><\/p>\n<p><span style=\"color: #008000\"><strong><em>TOPRAN\u00a0 \u00a0 <span class=\"atr\">\u2116: 500 311<\/span><\/em><\/strong><\/span><\/p>\n<p><span style=\"color: #008000\"><strong><em>QUINTON HAZELL\u00a0\u00a0<span class=\"atr\">\u2116: QCP 3505<\/span><\/em><\/strong><\/span><\/p>\n<p><span style=\"color: #008000\"><em><strong>DELFI\u00a0<\/strong><\/em> \u00a0 <strong><em><span class=\"atr\">\u2116: WP 2439<\/span><\/em><\/strong><\/span><\/p>\n<p><span style=\"color: #008000\"><em><strong>SWAG\u00a0<\/strong><\/em> <strong><em><span class=\"atr\">\u2116: 20 15 0029<\/span><\/em><\/strong><\/span><\/p>\n<p><span style=\"color: #008000\"><em><strong>OPTIMAL<\/strong><\/em>\u00a0 <strong><em><span class=\"atr\">\u2116: AQ-1805<\/span><\/em><\/strong><\/span><\/p>\n<\/div>\n","protected":false},"featured_media":730,"comment_status":"open","ping_status":"closed","template":"","meta":[],"product_cat":[96,106,98,46,33,100],"product_tag":[],"class_list":["post-729","product","type-product","status-publish","has-post-thumbnail","hentry","product_cat-bmw","product_cat-land-rover","product_cat-opel","product_cat-pompa-uji","product_cat-skf","product_cat-vauxhall"],"_links":{"self":[{"href":"https:\/\/autonardiexpress.com\/shop\/wp-json\/wp\/v2\/product\/729","targetHints":{"allow":["GET"]}}],"collection":[{"href":"https:\/\/autonardiexpress.com\/shop\/wp-json\/wp\/v2\/product"}],"about":[{"href":"https:\/\/autonardiexpress.com\/shop\/wp-json\/wp\/v2\/types\/product"}],"replies":[{"embeddable":true,"href":"https:\/\/autonardiexpress.com\/shop\/wp-json\/wp\/v2\/comments?post=729"}],"wp:featuredmedia":[{"embeddable":true,"href":"https:\/\/autonardiexpress.com\/shop\/wp-json\/wp\/v2\/media\/730"}],"wp:attachment":[{"href":"https:\/\/autonardiexpress.com\/shop\/wp-json\/wp\/v2\/media?parent=729"}],"wp:term":[{"taxonomy":"product_cat","embeddable":true,"href":"https:\/\/autonardiexpress.com\/shop\/wp-json\/wp\/v2\/product_cat?post=729"},{"taxonomy":"product_tag","embeddable":true,"href":"https:\/\/autonardiexpress.com\/shop\/wp-json\/wp\/v2\/product_tag?post=729"}],"curies":[{"name":"wp","href":"https:\/\/api.w.org\/{rel}","templated":true}]}}