{"id":726,"date":"2024-06-07T14:56:33","date_gmt":"2024-06-07T13:56:33","guid":{"rendered":"https:\/\/autonardiexpress.com\/shop\/?post_type=product&#038;p=726"},"modified":"2024-06-07T16:30:26","modified_gmt":"2024-06-07T15:30:26","slug":"pompa-uji-51","status":"publish","type":"product","link":"https:\/\/autonardiexpress.com\/shop\/produkt\/pompa-uji-51\/","title":{"rendered":"Pompa uji"},"content":{"rendered":"<h1><span style=\"color: #800000\">Pomp\u00eb uji\u00a0<\/span> <span style=\"color: #333399\">\u00a0<\/span><strong><span style=\"color: #333399\">VKPC 81400<\/span>\u00a0 \u00a0<a href=\"https:\/\/www.antallaktikaonline.gr\/exartimaton-aftokiniton-kataskeuastes\/skf\"><img decoding=\"async\" class=\"pkw-product__image-brand\" title=\"A\u03bd\u03c4\u03b1\u03bb\u03bb\u03b1\u03ba\u03c4\u03b9\u03ba\u03ac, \u03c0\u03b5\u03c1\u03b9\u03c0\u03bf\u03af\u03b7\u03c3\u03b7 \u03b1\u03c5\u03c4\u03bf\u03ba\u03b9\u03bd\u03ae\u03c4\u03bf\u03c5, \u03b5\u03c1\u03b3\u03b1\u03bb\u03b5\u03af\u03b1 SKF\" src=\"https:\/\/cdn.pkwteile.de\/brands\/thumbs\/50.png?m=2&amp;ccf=93145724\" alt=\"SKF A\u03bd\u03c4\u03b1\u03bb\u03bb\u03b1\u03ba\u03c4\u03b9\u03ba\u03ac, \u03a0\u03b5\u03c1\u03b9\u03c0\u03bf\u03af\u03b7\u03c3\u03b7 \u03b1\u03c5\u03c4\u03bf\u03ba\u03b9\u03bd\u03ae\u03c4\u03bf\u03c5, \u0395\u03c1\u03b3\u03b1\u03bb\u03b5\u03af\u03b1 \u03b3\u03bd\u03ae\u03c3\u03b9\u03b1 \u03b1\u03bd\u03c4\u03b1\u03bb\u03bb\u03b1\u03ba\u03c4\u03b9\u03ba\u03ac\" \/><\/a><\/strong><\/h1>\n<h1><span style=\"color: #993366\">Vihet n\u00eb l\u00ebvizje nga rripi trapezoidal\u00a0<\/span><\/h1>\n<h1>.<span style=\"color: #003300\"> \u0391\u03bd\u03c4\u03bb\u03af\u03b1 \u03bd\u03b5\u03c1\u03bf\u03cd\u00a0<span class=\"desc\">\u03b3\u03b9\u03b1 \u03bc\u03b5\u03c4\u03ac\u03b4\u03bf\u03c3\u03b7 \u03ba\u03af\u03bd\u03b7\u03c3\u03b7\u03c2 \u03bc\u03b5 \u03b9\u03bc\u03ac\u03bd\u03c4\u03b1 poly-V<\/span><\/span><\/h1>\n<h1><span style=\"color: #003300\">. Water pump\u00a0for poly-V belt drive<\/span><\/h1>\n<h1><span style=\"color: #003300\">. Pompa acqua\u00a0per trasmissione a cinghia Poly-V<\/span><\/h1>\n<h3><span style=\"color: #0000ff\">Ngjash\u00ebm me numrat OEM (vet\u00ebm p\u00ebr krahasim)<\/span><\/h3>\n<p><span style=\"color: #008000\"><em><strong>AUDI\u00a0 \u00a0026 121 010 D<\/strong><\/em><\/span><\/p>\n<p><span style=\"color: #008000\"><em><strong>SEAT\u00a0 026 121 010 D<\/strong><\/em><\/span><\/p>\n<p><span style=\"color: #008000\"><em><strong>SKODA\u00a0 026 121 010 D<\/strong><\/em><\/span><\/p>\n<p><span style=\"color: #008000\"><em><strong>VW\u00a0 026 121 010 D\u00a0<\/strong><\/em><\/span><\/p>\n<p><span style=\"color: #008000\"><em><strong>AUDI, VW\u00a0 056 121 005 A<\/strong><\/em><\/span><\/p>\n<p><span style=\"color: #008000\"><em><strong>AUDI, VW\u00a0 068 121 005<\/strong><\/em><\/span><\/p>\n<p><span style=\"color: #008000\"><em><strong>AUDI, VW\u00a0 068 121 005 B<\/strong><\/em><\/span><\/p>\n<p><span style=\"color: #008000\"><em><strong>AUDI, VW\u00a0 068 121 005 C<\/strong><\/em><\/span><\/p>\n<h4><span style=\"color: #003366\">Prodhuesi ,Modeli ,Lloji ,Fuqia n\u00eb KW Viti i prodhimit<\/span><\/h4>\n<ul class=\"pkw-product-models__list\">\n<li class=\"pkw-product-models__product\"><span style=\"color: #003300\"><b class=\"button_dropdown_list loaded\" data-maker=\"5\" data-model=\"14\" data-prod=\"1367182\">AUDI 80 B1 Sedan (80, 82) ( 05.1972 &#8211; 07.1978 , 55 &#8211; 110 PS)<\/b><\/span><\/li>\n<li class=\"pkw-product-models__product\"><span style=\"color: #003300\"><b class=\"button_dropdown_list loaded\" data-maker=\"121\" data-model=\"2\" data-prod=\"1367182\">VW Iltis (183) ( 03.1979 &#8211; 12.1988 , 75 PS)<\/b><\/span><\/li>\n<li class=\"pkw-product-models__product\"><span style=\"color: #003300\"><b class=\"button_dropdown_list loaded\" data-maker=\"121\" data-model=\"7\" data-prod=\"1367182\"><i class=\"icon arrow\"><\/i>VW Jetta Mk1 (16) ( 08.1978 &#8211; 02.1984 , 50 &#8211; 70 PS)<\/b><\/span><\/li>\n<li class=\"pkw-product-models__product\"><span style=\"color: #003300\"><b class=\"button_dropdown_list loaded\" data-maker=\"121\" data-model=\"195\" data-prod=\"1367182\"><i class=\"icon arrow\"><\/i>VW Santana Sedan (32B) ( 08.1981 &#8211; 12.1982 , 85 PS)<\/b><\/span><\/li>\n<li class=\"pkw-product-models__product\"><span style=\"color: #003300\"><b class=\"button_dropdown_list loaded\" data-maker=\"121\" data-model=\"210\" data-prod=\"1367182\"><i class=\"icon arrow\"><\/i>VW Scirocco I (53) ( 02.1974 &#8211; 07.1980 , 70 &#8211; 110 PS)<\/b><\/span><\/li>\n<li class=\"pkw-product-models__product\"><span style=\"color: #003300\"><b class=\"button_dropdown_list\" data-maker=\"121\" data-model=\"214\" data-prod=\"1367182\"><i class=\"icon arrow\"><\/i>VW Scirocco II (53B) ( 08.1980 &#8211; 04.1984 , 70 &#8211; 110 PS)<\/b><\/span><\/li>\n<li class=\"pkw-product-models__product\"><span style=\"color: #003300\"><b class=\"button_dropdown_list\" data-maker=\"121\" data-model=\"403\" data-prod=\"1367182\"><i class=\"icon arrow\"><\/i>VW Passat B1 Hatchback (32) ( 05.1973 &#8211; 07.1980 , 50 &#8211; 86 PS)<\/b><\/span><\/li>\n<li class=\"pkw-product-models__product\"><span style=\"color: #003300\"><b class=\"button_dropdown_list\" data-maker=\"121\" data-model=\"408\" data-prod=\"1367182\"><i class=\"icon arrow\"><\/i>VW Passat B2 Hatchback (32B) ( 09.1979 &#8211; 03.1988 , 75 &#8211; 85 PS)<\/b><\/span><\/li>\n<li class=\"pkw-product-models__product\"><span style=\"color: #003300\"><b class=\"button_dropdown_list\" data-maker=\"121\" data-model=\"415\" data-prod=\"1367182\"><i class=\"icon arrow\"><\/i>VW Passat B1 Variant (33) ( 05.1973 &#8211; 07.1980 , 50 &#8211; 110 PS)<\/b><\/span><\/li>\n<li class=\"pkw-product-models__product\"><span style=\"color: #003300\"><b class=\"button_dropdown_list\" data-maker=\"121\" data-model=\"419\" data-prod=\"1367182\"><i class=\"icon arrow\"><\/i>VW Passat B2 Variant (33B) ( 08.1980 &#8211; 07.1983 , 75 &#8211; 85 PS)<\/b><\/span><\/li>\n<li class=\"pkw-product-models__product\"><span style=\"color: #003300\"><b class=\"button_dropdown_list\" data-maker=\"121\" data-model=\"488\" data-prod=\"1367182\"><i class=\"icon arrow\"><\/i>VW Golf I Cabrio (155) ( 01.1979 &#8211; 04.1992 , 70 &#8211; 110 PS)<\/b><\/span><\/li>\n<li class=\"pkw-product-models__product\"><span style=\"color: #003300\"><b class=\"button_dropdown_list loaded\" data-maker=\"121\" data-model=\"497\" data-prod=\"1367182\"><i class=\"icon arrow\"><\/i>VW Golf I Hatchback (17) ( 04.1974 &#8211; 07.1985 , 50 &#8211; 112 PS)<\/b><\/span><\/li>\n<li class=\"pkw-product-models__product\"><span style=\"color: #003300\"><b class=\"button_dropdown_list loaded\" data-maker=\"121\" data-model=\"1629\" data-prod=\"1367182\"><i class=\"icon arrow\"><\/i>VW Transporter T3 Van ( 01.1981 &#8211; 07.1987 , 50 PS)<\/b><\/span><\/li>\n<li class=\"pkw-product-models__product\"><span style=\"color: #003300\"><b class=\"button_dropdown_list loaded\" data-maker=\"121\" data-model=\"1630\" data-prod=\"1367182\"><i class=\"icon arrow\"><\/i>VW Transporter T3 kamion\u00e7in\u00eb ( 01.1981 &#8211; 07.1987 , 50 PS)<\/b><\/span><\/li>\n<li class=\"pkw-product-models__product\"><span style=\"color: #003300\"><b class=\"button_dropdown_list loaded\" data-maker=\"121\" data-model=\"3889\" data-prod=\"1367182\"><i class=\"icon arrow\"><\/i>VW Transporter T3 Microbus ( 01.1981 &#8211; 07.1987 , 50 PS)<\/b><\/span><\/li>\n<li>\n<h4><span style=\"color: #ff0000\">T\u00eb gjitha pjes\u00ebt n\u00eb nj\u00eb v\u00ebnd \u2013 Zgjidhni tuajat n\u00eb faqen ton\u00eb .<\/span><\/h4>\n<\/li>\n<\/ul>\n","protected":false},"excerpt":{"rendered":"<h1><span style=\"color: #993300\">Pomp\u00eb uji<\/span>\u00a0\u00a0<strong><span style=\"color: #000080\">VKPC 81400<\/span>\u00a0 <\/strong><\/h1>\n<h1><span style=\"color: #993366\"><strong>Audi &#8211; Seat &#8211; Skoda &#8211; Volkswagen<\/strong><\/span><\/h1>\n<h6><span style=\"color: #008000\">Pompa uji\u00a0 Audi 80 Mk 1 Saloon 1.3-1.5-1.6\u00a0 Gte\u00a0 &amp; Volkswagen\u00a0 Golf 1.5-1.6-1.7-1.8 GTI\u00a0 &amp; 1.5-1.6 TD ,Iltis ,Jetta ,Passat ,Santana ,Scirocco Vit.1972-1992<\/span><\/h6>\n<h5><span style=\"color: #ff0000\">EAN:<\/span> <span style=\"color: #000080\">7316587010541<\/span><\/h5>\n<h6><span style=\"color: #ff0000\"><strong>OEM: 026 121 010 D<\/strong><\/span><\/h6>\n<h4><span style=\"color: #993300\"><strong>GJITHASHTU JU REKOMANDOJM\u00cb:<\/strong><\/span><\/h4>\n<div class=\"related-products-box__item\">\n<p><span style=\"color: #000080\"><strong><em>DOLZ\u00a0 \u00a0 <span class=\"atr\">\u2116: A150<\/span><\/em><\/strong><\/span><\/p>\n<p><span style=\"color: #000080\"><strong><em>FEBI\u00a0 \u00a0 <span class=\"atr\">\u2116: 01285<\/span><\/em><\/strong><\/span><\/p>\n<p><span style=\"color: #000080\"><strong><em>HEPU\u00a0 <span class=\"atr\">\u2116: P514<\/span><\/em><\/strong><\/span><\/p>\n<p><span style=\"color: #000080\"><strong><em>METELLI\u00a0 <span class=\"atr\">\u2116: 24-0146<\/span><\/em><\/strong><\/span><\/p>\n<p><span style=\"color: #000080\"><strong><em>GRAF\u00a0 <span class=\"atr\">\u2116: PA146<\/span><\/em><\/strong><\/span><\/p>\n<p><span style=\"color: #000080\"><strong><em>INA\u00a0 \u00a0 <span class=\"atr\">\u2116: 538 0329 10<\/span><\/em><\/strong><\/span><\/p>\n<p><span style=\"color: #000080\"><strong><em>QUINTON HAZELL\u00a0 <span class=\"atr\">\u2116: QCP952<\/span><\/em><\/strong><\/span><\/p>\n<p>&nbsp;<\/p>\n<div class=\"pkw-product__rating\" data-rating=\"8\"><\/div>\n<\/div>\n<div class=\"related-products-box__item\">\n<div class=\"related-products-box__price\"><\/div>\n<\/div>\n","protected":false},"featured_media":727,"comment_status":"open","ping_status":"closed","template":"","meta":[],"product_cat":[69,46,79,33,70,66],"product_tag":[],"class_list":["post-726","product","type-product","status-publish","has-post-thumbnail","hentry","product_cat-audi","product_cat-pompa-uji","product_cat-seat","product_cat-skf","product_cat-skoda","product_cat-volkswagen"],"_links":{"self":[{"href":"https:\/\/autonardiexpress.com\/shop\/wp-json\/wp\/v2\/product\/726","targetHints":{"allow":["GET"]}}],"collection":[{"href":"https:\/\/autonardiexpress.com\/shop\/wp-json\/wp\/v2\/product"}],"about":[{"href":"https:\/\/autonardiexpress.com\/shop\/wp-json\/wp\/v2\/types\/product"}],"replies":[{"embeddable":true,"href":"https:\/\/autonardiexpress.com\/shop\/wp-json\/wp\/v2\/comments?post=726"}],"wp:featuredmedia":[{"embeddable":true,"href":"https:\/\/autonardiexpress.com\/shop\/wp-json\/wp\/v2\/media\/727"}],"wp:attachment":[{"href":"https:\/\/autonardiexpress.com\/shop\/wp-json\/wp\/v2\/media?parent=726"}],"wp:term":[{"taxonomy":"product_cat","embeddable":true,"href":"https:\/\/autonardiexpress.com\/shop\/wp-json\/wp\/v2\/product_cat?post=726"},{"taxonomy":"product_tag","embeddable":true,"href":"https:\/\/autonardiexpress.com\/shop\/wp-json\/wp\/v2\/product_tag?post=726"}],"curies":[{"name":"wp","href":"https:\/\/api.w.org\/{rel}","templated":true}]}}