{"id":723,"date":"2024-05-16T11:07:34","date_gmt":"2024-05-16T10:07:34","guid":{"rendered":"https:\/\/autonardiexpress.com\/shop\/?post_type=product&#038;p=723"},"modified":"2024-05-16T15:47:21","modified_gmt":"2024-05-16T14:47:21","slug":"kushineta-dopjo-9","status":"publish","type":"product","link":"https:\/\/autonardiexpress.com\/shop\/produkt\/kushineta-dopjo-9\/","title":{"rendered":"Kushineta dopjo"},"content":{"rendered":"<h3><span style=\"color: #000080\">Kushineta dopjo <\/span><span style=\"color: #000080\">&#8211;<\/span> <span style=\"color: #ff0000\">(auto)<\/span><\/h3>\n<h3><span style=\"color: #0000ff\">BAFB 446388 AB<\/span> \u00a0 <a href=\"https:\/\/www.antallaktikaonline.gr\/exartimaton-aftokiniton-kataskeuastes\/skf\"><img loading=\"lazy\" decoding=\"async\" class=\"pkw-product__image-brand\" title=\"A\u03bd\u03c4\u03b1\u03bb\u03bb\u03b1\u03ba\u03c4\u03b9\u03ba\u03ac, \u03c0\u03b5\u03c1\u03b9\u03c0\u03bf\u03af\u03b7\u03c3\u03b7 \u03b1\u03c5\u03c4\u03bf\u03ba\u03b9\u03bd\u03ae\u03c4\u03bf\u03c5, \u03b5\u03c1\u03b3\u03b1\u03bb\u03b5\u03af\u03b1 SKF\" src=\"https:\/\/cdn.pkwteile.de\/brands\/thumbs\/50.png?m=2&amp;ccf=87856753\" alt=\"SKF A\u03bd\u03c4\u03b1\u03bb\u03bb\u03b1\u03ba\u03c4\u03b9\u03ba\u03ac, \u03a0\u03b5\u03c1\u03b9\u03c0\u03bf\u03af\u03b7\u03c3\u03b7 \u03b1\u03c5\u03c4\u03bf\u03ba\u03b9\u03bd\u03ae\u03c4\u03bf\u03c5, \u0395\u03c1\u03b3\u03b1\u03bb\u03b5\u03af\u03b1 \u03b3\u03bd\u03ae\u03c3\u03b9\u03b1 \u03b1\u03bd\u03c4\u03b1\u03bb\u03bb\u03b1\u03ba\u03c4\u03b9\u03ba\u03ac\" width=\"183\" height=\"43\" \/><\/a><\/h3>\n<h3><span style=\"color: #ff6600\">\u00a0<\/span><span style=\"color: #800000\">\u03a1\u03bf\u03c5\u03bb\u03b5\u03bc\u03ac\u03bd \u03b4\u03b9\u03c0\u03bb\u03ce\u03bd \u03c4\u03c1\u03bf\u03c7\u03ce\u03bd<\/span><\/h3>\n<h3 class=\"pkw-product__rating\" data-rating=\"8\"><span style=\"color: #800000\">Double wheel bearings<\/span><\/h3>\n<h3 class=\"pkw-product__rating\" data-rating=\"8\"><span style=\"color: #800000\">Cuscinetti a doppia ruota<\/span><\/h3>\n<h3 class=\"pkw-product__rating\" data-rating=\"8\"><span style=\"color: #003300\">T\u00eb ngjash\u00ebm me numrat OEM vet\u00ebm p\u00ebr krahasim<\/span><\/h3>\n<ul class=\"pkw-oem__ul\">\n<li>\n<h6><span style=\"color: #3366ff\"><em>BMW\u00a0 1124439<\/em><\/span><\/h6>\n<\/li>\n<li>\n<h6><span style=\"color: #3366ff\"><em>BMW\u00a0 1130530<\/em><\/span><\/h6>\n<\/li>\n<li>\n<h6><span style=\"color: #3366ff\"><em>BMW\u00a0 1131298\u00a0<\/em><\/span><\/h6>\n<\/li>\n<li>\n<h6><span style=\"color: #3366ff\"><em>BMW\u00a0 31211124439\u00a0<\/em><\/span><\/h6>\n<\/li>\n<li>\n<h6><span style=\"color: #3366ff\"><em>BMW\u00a0 31211130530\u00a0<\/em><\/span><\/h6>\n<\/li>\n<li>\n<h6><span style=\"color: #3366ff\"><em>BMW\u00a0 31211131298\u00a0<\/em><\/span><\/h6>\n<\/li>\n<\/ul>\n<h4><span style=\"color: #993300\">Prodhuesi ,Modeli ,Lloji ,Fuqia n\u00eb KW Viti i prodhimit<\/span><\/h4>\n<ul class=\"pkw-product-models__list\">\n<li class=\"pkw-product-models__product\"><span style=\"color: #993366\"><b class=\"button_dropdown_list active loaded\" data-maker=\"16\" data-model=\"452\" data-prod=\"2332069\">BMW 5 Sedan (E28) ( 05.1981 &#8211; 12.1987 , 86 &#8211; 286 PS)<\/b><\/span>\n<ul class=\"pkw-product-models__product_dropdown\">\n<li class=\"pkw-product-models__product_dropdown_item\"><strong><span style=\"color: #008000\">518, Viti i prodhimit 06.1981 &#8211; 09.1984, 1766 ccm, 90 PS<\/span><\/strong><\/li>\n<li class=\"pkw-product-models__product_dropdown_item\"><strong><span style=\"color: #008000\">518 i, Viti i prodhimit 05.1981 &#8211; 12.1987, 1766 ccm, 102 PS<\/span><\/strong><\/li>\n<li class=\"pkw-product-models__product_dropdown_item\"><strong><span style=\"color: #008000\">518i 1.8, Viti i prodhimit 05.1981 &#8211; 12.1987, 1766 ccm, 105 PS<\/span><\/strong><\/li>\n<li class=\"pkw-product-models__product_dropdown_item\"><strong><span style=\"color: #008000\">520i 2.0, Viti i prodhimit 06.1981 &#8211; 12.1987, 1990 ccm, 125 PS<\/span><\/strong><\/li>\n<li class=\"pkw-product-models__product_dropdown_item\"><strong><span style=\"color: #008000\">520i 2.0, Viti i prodhimit 08.1985 &#8211; 12.1987, 1990 ccm, 129 PS<\/span><\/strong><\/li>\n<li class=\"pkw-product-models__product_dropdown_item\"><strong><span style=\"color: #008000\">520i 2.0, Viti i prodhimit 12.1986 &#8211; 12.1987, 1990 ccm, 150 PS<\/span><\/strong><\/li>\n<li class=\"pkw-product-models__product_dropdown_item\"><strong><span style=\"color: #008000\">524d 2.4, Viti i prodhimit 03.1986 &#8211; 12.1987, 2443 ccm, 86 PS<\/span><\/strong><\/li>\n<li class=\"pkw-product-models__product_dropdown_item\"><strong><span style=\"color: #008000\">524td 2.4,Viti i prodhimit 09.1983 &#8211; 12.1987, 2443 ccm, 115 PS<\/span><\/strong><\/li>\n<li class=\"pkw-product-models__product_dropdown_item\"><strong><span style=\"color: #008000\">525e 2.7,Viti i prodhimit 09.1981 &#8211; 12.1987, 2693 ccm, 122 PS<\/span><\/strong><\/li>\n<li class=\"pkw-product-models__product_dropdown_item\"><strong><span style=\"color: #008000\">525 e, Viti i prodhimit 03.1983 &#8211; 12.1987, 2693 ccm, 125 PS<\/span><\/strong><\/li>\n<li class=\"pkw-product-models__product_dropdown_item\"><strong><span style=\"color: #008000\">525 e, Viti i prodhimit 09.1985 &#8211; 12.1987, 2693 ccm, 129 PS<\/span><\/strong><\/li>\n<li class=\"pkw-product-models__product_dropdown_item\"><strong><span style=\"color: #008000\">525 i, Viti i prodhimit 06.1981 &#8211; 12.1987, 2494 ccm, 150 PS<\/span><\/strong><\/li>\n<li class=\"pkw-product-models__product_dropdown_item\"><strong><span style=\"color: #008000\">528i 2.8, Viti i prodhimit 06.1981 &#8211; 12.1987, 2788 ccm, 184 PS<\/span><\/strong><\/li>\n<li class=\"pkw-product-models__product_dropdown_item\"><strong><span style=\"color: #008000\">535 i, Viti i prodhimit 01.1985 &#8211; 12.1987, 3430 ccm, 220 PS<\/span><\/strong><\/li>\n<li class=\"pkw-product-models__product_dropdown_item\"><strong><span style=\"color: #008000\">535i \/ M535i 3.5, Viti i prodhimit 01.1985 &#8211; 12.1987, 3430 ccm, 185 PS<\/span><\/strong><\/li>\n<li class=\"pkw-product-models__product_dropdown_item\"><strong><span style=\"color: #008000\">535i \/ M535i 3.5, Viti i prodhimit 01.1985 &#8211; 12.1987, 3430 ccm, 192 PS<\/span><\/strong><\/li>\n<li class=\"pkw-product-models__product_dropdown_item\"><strong><span style=\"color: #008000\">M5, Viti i prodhimit 08.1985 &#8211; 12.1987, 3453 ccm, 286 PS<\/span><\/strong><\/li>\n<li class=\"pkw-product-models__product\"><span style=\"color: #993366\"><b class=\"button_dropdown_list active loaded\" data-maker=\"16\" data-model=\"486\" data-prod=\"2332069\">BMW 6 Coupe (E24) ( 12.1977 &#8211; 04.1989 , 184 &#8211; 286 PS)<\/b><\/span>\n<ul class=\"pkw-product-models__product_dropdown\">\n<li class=\"pkw-product-models__product_dropdown_item\"><strong><span style=\"color: #008000\">628CSi 2.8, Viti i prodhimit 09.1979 &#8211; 08.1987, 2788 ccm, 184 PS<\/span><\/strong><\/li>\n<li class=\"pkw-product-models__product_dropdown_item\"><strong><span style=\"color: #008000\">633CSi 3.2, Viti i prodhimit 09.1978 &#8211; 08.1984, 3210 ccm, 197 PS<\/span><\/strong><\/li>\n<li class=\"pkw-product-models__product_dropdown_item\"><strong><span style=\"color: #008000\">635 CSi, Viti i prodhimit 12.1984 &#8211; 12.1986, 3430 ccm, 185 PS<\/span><\/strong><\/li>\n<li class=\"pkw-product-models__product_dropdown_item\"><strong><span style=\"color: #008000\">635CSi 3.4, Viti i prodhimit 12.1977 &#8211; 04.1989, 3430 ccm, 192 PS<\/span><\/strong><\/li>\n<li class=\"pkw-product-models__product_dropdown_item\"><strong><span style=\"color: #008000\">635 CSi, Viti i prodhimit 07.1987 &#8211; 04.1989, 3430 ccm, 211 PS<\/span><\/strong><\/li>\n<li class=\"pkw-product-models__product_dropdown_item\"><strong><span style=\"color: #008000\">M635CSi 3.4, Viti i prodhimit 04.1986 &#8211; 02.1989, 3453 ccm, 260 PS<\/span><\/strong><\/li>\n<li class=\"pkw-product-models__product_dropdown_item\"><strong><span style=\"color: #008000\">M 635 CSi, Viti i prodhimit 04.1984 &#8211; 12.1988, 3453 ccm, 286 PS<\/span><\/strong><\/li>\n<\/ul>\n<\/li>\n<\/ul>\n<\/li>\n<\/ul>\n<h4><span style=\"color: #000080\">T\u00eb gjitha pjes\u00ebt n\u00eb nj\u00eb v\u00ebnd \u2013 Zgjidhni tuajat n\u00eb faqen ton\u00eb .<\/span><\/h4>\n<p>&nbsp;<\/p>\n<p>&nbsp;<\/p>\n","protected":false},"excerpt":{"rendered":"<h3><span style=\"color: #000080\">Kushineta dopjo e rrotave <\/span><span style=\"color: #ff6600\"><span style=\"color: #000080\">t\u00eb<\/span> <span style=\"color: #800000\">I-ra<\/span><\/span><\/h3>\n<h3><span style=\"color: #0000ff\">BAFB 446388 AB<\/span>\u00a0<span style=\"color: #ff6600\"> (moco)<\/span>\u00a0 <a href=\"https:\/\/www.antallaktikaonline.gr\/exartimaton-aftokiniton-kataskeuastes\/skf\"><img loading=\"lazy\" decoding=\"async\" class=\"pkw-product__image-brand\" title=\"A\u03bd\u03c4\u03b1\u03bb\u03bb\u03b1\u03ba\u03c4\u03b9\u03ba\u03ac, \u03c0\u03b5\u03c1\u03b9\u03c0\u03bf\u03af\u03b7\u03c3\u03b7 \u03b1\u03c5\u03c4\u03bf\u03ba\u03b9\u03bd\u03ae\u03c4\u03bf\u03c5, \u03b5\u03c1\u03b3\u03b1\u03bb\u03b5\u03af\u03b1 SKF\" src=\"https:\/\/cdn.pkwteile.de\/brands\/thumbs\/50.png?m=2&amp;ccf=87856753\" alt=\"SKF A\u03bd\u03c4\u03b1\u03bb\u03bb\u03b1\u03ba\u03c4\u03b9\u03ba\u03ac, \u03a0\u03b5\u03c1\u03b9\u03c0\u03bf\u03af\u03b7\u03c3\u03b7 \u03b1\u03c5\u03c4\u03bf\u03ba\u03b9\u03bd\u03ae\u03c4\u03bf\u03c5, \u0395\u03c1\u03b3\u03b1\u03bb\u03b5\u03af\u03b1 \u03b3\u03bd\u03ae\u03c3\u03b9\u03b1 \u03b1\u03bd\u03c4\u03b1\u03bb\u03bb\u03b1\u03ba\u03c4\u03b9\u03ba\u03ac\" width=\"183\" height=\"43\" \/><\/a><\/h3>\n<h3 class=\"pkw-product__rating\" data-rating=\"8\"><span style=\"color: #800000\">EAN<\/span> <span style=\"color: #0000ff\">: <span style=\"color: #000080\">7316577055040<\/span><\/span><\/h3>\n<h3><span style=\"color: #800000\">T\u00eb ngjash\u00ebm p\u00ebr krahasim<\/span><\/h3>\n<h3><span style=\"color: #000080\">VKBA 891 pa ABS<\/span><\/h3>\n<h3><span style=\"color: #000080\">VKBA 939 me ABS<\/span><\/h3>\n<h3><span style=\"color: #003300\">OEM : 31211124439\u00a0 BMW<\/span><\/h3>\n<h3 class=\"pkw-product__rating\" data-rating=\"8\"><span style=\"color: #333399\">\u03a3\u03b5\u03c4 \u03c1\u03bf\u03c5\u03bb\u03b5\u03bc\u03ac\u03bd \u03c4\u03c1\u03bf\u03c7\u03ce\u03bd \u03bc\u03c0\u03c1\u03bf\u03c3\u03c4\u03ac<\/span><\/h3>\n<h3 class=\"pkw-product__rating\" data-rating=\"8\"><span style=\"color: #333399\">Front wheel bearing set<\/span><\/h3>\n<h3 class=\"pkw-product__rating\" data-rating=\"8\"><span style=\"color: #333399\">Kit cuscinetti ruota anteriore<\/span><\/h3>\n<p><span style=\"color: #003366\"><em><strong>Kushinet moco \u00d8:37x139x64mm BMV 5 (E28) 518i ,520i ,525i ,528i ,535i &amp; 524 D\/TD me 5 dadi\u00e7ek pa ABS t\u00eb I-ra Viti.1977-1989<\/strong><\/em><\/span><\/p>\n<h3><span style=\"color: #800000\"><em>Gjithashtu Ju Rekomandojm\u00eb :<\/em><\/span><\/h3>\n<p><span style=\"color: #0000ff\"><em><strong>OPTIMAL : \u2116 501114<\/strong><\/em><\/span><\/p>\n<p><span style=\"color: #0000ff\"><em><strong>FAG\u00a0 : \u2116 713 6671 60<\/strong><\/em><\/span><\/p>\n<p><span style=\"color: #0000ff\"><em><strong>A.B.S. : \u2116 200675<\/strong><\/em><\/span><\/p>\n<p><span style=\"color: #0000ff\"><em><strong>RIDEX\u00a0 : \u2116 654W0345<\/strong><\/em><\/span><\/p>\n<p><span style=\"color: #0000ff\"><em><strong>HK\u00a0 : \u2116 751507<\/strong><\/em><\/span><\/p>\n<p><span style=\"color: #0000ff\"><em><strong>METELLI : \u2116 19-2320<\/strong><\/em><\/span><\/p>\n<p><span style=\"color: #0000ff\"><em><strong><span class=\"image\">NTN : \u2116 R150.11<\/span><\/strong><\/em><\/span><\/p>\n<p><span style=\"color: #0000ff\"><em><strong>VAICO : \u2116 V20-0500<\/strong><\/em><\/span><\/p>\n<p><span style=\"color: #0000ff\"><em><strong><span class=\"image\">SNR : \u2116 R150.11<\/span><\/strong><\/em><\/span><\/p>\n<p><span style=\"color: #0000ff\"><em><strong>QUINTON HAZELL : \u2116 QWB537<\/strong><\/em><\/span><\/p>\n<p><span style=\"color: #0000ff\"><em><strong>STARK : \u2116 SKWB-0180395<\/strong><\/em><\/span><\/p>\n<p><span style=\"color: #0000ff\"><em><strong>AUTEX : \u2116 807721<\/strong><\/em><\/span><\/p>\n<p><span style=\"color: #0000ff\"><strong><em>GSP : \u2116 9237004<\/em><\/strong><\/span><\/p>\n<p><span style=\"color: #0000ff\"><em><strong>FLENNOR : \u2116 FR590003<\/strong><\/em><\/span><\/p>\n<p><span style=\"color: #0000ff\"><em><strong>MOOG\u00a0 : \u2116 BM-WB-11312<\/strong><\/em><\/span><\/p>\n<p><span style=\"color: #0000ff\"><em><strong>DELPHI : \u2116 BK417<\/strong><\/em><\/span><\/p>\n","protected":false},"featured_media":724,"comment_status":"open","ping_status":"closed","template":"","meta":[],"product_cat":[96,95,33],"product_tag":[],"class_list":["post-723","product","type-product","status-publish","has-post-thumbnail","hentry","product_cat-bmw","product_cat-kushineta-dopjo","product_cat-skf"],"_links":{"self":[{"href":"https:\/\/autonardiexpress.com\/shop\/wp-json\/wp\/v2\/product\/723","targetHints":{"allow":["GET"]}}],"collection":[{"href":"https:\/\/autonardiexpress.com\/shop\/wp-json\/wp\/v2\/product"}],"about":[{"href":"https:\/\/autonardiexpress.com\/shop\/wp-json\/wp\/v2\/types\/product"}],"replies":[{"embeddable":true,"href":"https:\/\/autonardiexpress.com\/shop\/wp-json\/wp\/v2\/comments?post=723"}],"wp:featuredmedia":[{"embeddable":true,"href":"https:\/\/autonardiexpress.com\/shop\/wp-json\/wp\/v2\/media\/724"}],"wp:attachment":[{"href":"https:\/\/autonardiexpress.com\/shop\/wp-json\/wp\/v2\/media?parent=723"}],"wp:term":[{"taxonomy":"product_cat","embeddable":true,"href":"https:\/\/autonardiexpress.com\/shop\/wp-json\/wp\/v2\/product_cat?post=723"},{"taxonomy":"product_tag","embeddable":true,"href":"https:\/\/autonardiexpress.com\/shop\/wp-json\/wp\/v2\/product_tag?post=723"}],"curies":[{"name":"wp","href":"https:\/\/api.w.org\/{rel}","templated":true}]}}