{"id":706,"date":"2024-04-16T16:38:49","date_gmt":"2024-04-16T15:38:49","guid":{"rendered":"https:\/\/autonardiexpress.com\/shop\/?post_type=product&#038;p=706"},"modified":"2024-04-16T17:59:54","modified_gmt":"2024-04-16T16:59:54","slug":"kushineta-tensionues-19","status":"publish","type":"product","link":"https:\/\/autonardiexpress.com\/shop\/produkt\/kushineta-tensionues-19\/","title":{"rendered":"Kushineta Tensionues"},"content":{"rendered":"<h1 class=\"product_title entry-title\"><span style=\"color: #800000\"><em>Kushineta Tensionues rripi<\/em><\/span><\/h1>\n<h1 class=\"product_title entry-title\">\u00a0 \u00a0 \u00a0 \u00a0 \u00a0 \u00a0 \u00a0 \u00a0 \u00a0 \u00a0 \u00a0 \u00a0 \u00a0<span style=\"color: #0000ff\">VKM 34007<\/span>\u00a0 \u00a0<a href=\"https:\/\/www.antallaktikaonline.gr\/exartimaton-aftokiniton-kataskeuastes\/skf\"><img decoding=\"async\" class=\"pkw-product__image-brand\" title=\"A\u03bd\u03c4\u03b1\u03bb\u03bb\u03b1\u03ba\u03c4\u03b9\u03ba\u03ac, \u03c0\u03b5\u03c1\u03b9\u03c0\u03bf\u03af\u03b7\u03c3\u03b7 \u03b1\u03c5\u03c4\u03bf\u03ba\u03b9\u03bd\u03ae\u03c4\u03bf\u03c5, \u03b5\u03c1\u03b3\u03b1\u03bb\u03b5\u03af\u03b1 SKF\" src=\"https:\/\/cdn.pkwteile.de\/brands\/thumbs\/50.png?m=2&amp;ccf=15381741\" alt=\"SKF A\u03bd\u03c4\u03b1\u03bb\u03bb\u03b1\u03ba\u03c4\u03b9\u03ba\u03ac, \u03a0\u03b5\u03c1\u03b9\u03c0\u03bf\u03af\u03b7\u03c3\u03b7 \u03b1\u03c5\u03c4\u03bf\u03ba\u03b9\u03bd\u03ae\u03c4\u03bf\u03c5, \u0395\u03c1\u03b3\u03b1\u03bb\u03b5\u03af\u03b1 \u03b3\u03bd\u03ae\u03c3\u03b9\u03b1 \u03b1\u03bd\u03c4\u03b1\u03bb\u03bb\u03b1\u03ba\u03c4\u03b9\u03ba\u03ac\" \/><\/a><\/h1>\n<h1 class=\"product_title entry-title\">\u03a4<span style=\"color: #003300\">\u03b5\u03bd\u03c4\u03c9\u03c4\u03ae\u03c1\u03b1\u03c2, \u03b9\u03bc\u03ac\u03bd\u03c4\u03b1\u03c2 poly-V<\/span><\/h1>\n<h1 class=\"product_title entry-title\"><span style=\"color: #003300\">Tensioner, poly-V belt<\/span><\/h1>\n<h1><span style=\"color: #003300\">Tenditore, cinghia Poly-V<\/span><\/h1>\n<h3 class=\"pkw-product__rating\" data-rating=\"8\"><span style=\"color: #ff6600\">T\u00eb ngjash\u00ebm me numrat OEM vet\u00ebm p\u00ebr krahasim<\/span><\/h3>\n<ul class=\"pkw-oem__ul\">\n<li>\n<h6><span style=\"color: #800080\"><span style=\"color: #003300\">FORD<\/span> <span style=\"color: #ff0000\">:<\/span> 1004481<\/span><\/h6>\n<\/li>\n<li>\n<h6><span style=\"color: #800080\"><span style=\"color: #003300\">FORD<\/span> <span style=\"color: #ff0000\">:<\/span> 96MF6A228 BD<\/span><\/h6>\n<\/li>\n<li>\n<h6><span class=\"pkw-oem__link\" style=\"color: #800080\"><span style=\"color: #003300\">MAZDA<\/span><span style=\"color: #ff0000\"> :<\/span> 1E0615980<\/span><\/h6>\n<\/li>\n<\/ul>\n<h4><span style=\"color: #008000\">Prodhuesi ,Modeli ,Lloji ,Fuqia n\u00eb KW Viti i prodhimit<\/span><\/h4>\n<ul class=\"pkw-product-models js-ajax-product-compatibility\" data-car-type=\"\">\n<li class=\"pkw-product-maker__line pkw-product-models__line_active\" data-maker-id=\"36\"><span style=\"color: #800000\"><em><strong>FORD<\/strong><\/em><\/span>\n<ul class=\"pkw-product-models__list\">\n<li class=\"pkw-product-models__product\"><span style=\"color: #000080\"><em><strong><span style=\"color: #800000\">FORD<\/span> Fiesta Mk4 Van (JVS) ( 08.1998 &#8211; 04.2002 , 90 PS)<\/strong><\/em><\/span>\n<ul class=\"pkw-product-models__product_dropdown\">\n<li class=\"pkw-product-models__product_dropdown_item\"><span style=\"color: #000080\"><em><strong>1.4, nga viti 08.1998 &#8211; 04.2002, 1388 ccm, 90 PS<\/strong><\/em><\/span><\/li>\n<\/ul>\n<\/li>\n<\/ul>\n<\/li>\n<\/ul>\n<ul class=\"pkw-product-models js-ajax-product-compatibility\" data-car-type=\"\">\n<li class=\"pkw-product-maker__line pkw-product-models__line_active\" data-maker-id=\"72\"><span style=\"color: #800000\"><em><strong>MAZDA<\/strong><\/em><\/span>\n<ul class=\"pkw-product-models__list\">\n<li class=\"pkw-product-models__product\"><span style=\"color: #000080\"><em><strong><span style=\"color: #800000\">MAZDA<\/span> 121 III Hatchback (JASM, JBSM) ( 03.1996 &#8211; 04.2003 , 75 PS)<\/strong><\/em><\/span>\n<ul class=\"pkw-product-models__product_dropdown\">\n<li class=\"pkw-product-models__product_dropdown_item\"><span style=\"color: #000080\"><em><strong>1.25, nga viti 03.1996 &#8211; 04.2003, 1242 ccm, 75 PS<\/strong><\/em><\/span><\/li>\n<\/ul>\n<\/li>\n<\/ul>\n<\/li>\n<\/ul>\n<h4><span style=\"color: #ff0000\">T\u00eb gjitha pjes\u00ebt n\u00eb nj\u00eb v\u00ebnd \u2013 Zgjidhni tuajat n\u00eb faqen ton\u00eb .<\/span><\/h4>\n","protected":false},"excerpt":{"rendered":"<h1 class=\"product_title entry-title\"><span style=\"color: #993300\"><em>Kushineta Tensionues rripi<\/em><\/span><\/h1>\n<h1 class=\"product_title entry-title\">\u00a0 \u00a0 \u00a0 \u00a0 \u00a0 \u00a0 \u00a0\u00a0<span style=\"color: #0000ff\">VKM 34007<\/span>\u00a0 <a href=\"https:\/\/www.antallaktikaonline.gr\/exartimaton-aftokiniton-kataskeuastes\/skf\"><img decoding=\"async\" class=\"pkw-product__image-brand\" title=\"A\u03bd\u03c4\u03b1\u03bb\u03bb\u03b1\u03ba\u03c4\u03b9\u03ba\u03ac, \u03c0\u03b5\u03c1\u03b9\u03c0\u03bf\u03af\u03b7\u03c3\u03b7 \u03b1\u03c5\u03c4\u03bf\u03ba\u03b9\u03bd\u03ae\u03c4\u03bf\u03c5, \u03b5\u03c1\u03b3\u03b1\u03bb\u03b5\u03af\u03b1 SKF\" src=\"https:\/\/cdn.pkwteile.de\/brands\/thumbs\/50.png?m=2&amp;ccf=15381741\" alt=\"SKF A\u03bd\u03c4\u03b1\u03bb\u03bb\u03b1\u03ba\u03c4\u03b9\u03ba\u03ac, \u03a0\u03b5\u03c1\u03b9\u03c0\u03bf\u03af\u03b7\u03c3\u03b7 \u03b1\u03c5\u03c4\u03bf\u03ba\u03b9\u03bd\u03ae\u03c4\u03bf\u03c5, \u0395\u03c1\u03b3\u03b1\u03bb\u03b5\u03af\u03b1 \u03b3\u03bd\u03ae\u03c3\u03b9\u03b1 \u03b1\u03bd\u03c4\u03b1\u03bb\u03bb\u03b1\u03ba\u03c4\u03b9\u03ba\u03ac\" \/><\/a><\/h1>\n<h3><span style=\"color: #800080\"><span style=\"color: #003300\">OEM:<\/span> 1004481 <span style=\"color: #000080\">Ford\u00a0<\/span><\/span><\/h3>\n<h3><span style=\"color: #800080\"><span style=\"color: #003300\">OEM:<\/span> 1E06-15-980 <span style=\"color: #000080\">Mazda<\/span><\/span><\/h3>\n<h3><span style=\"color: #0000ff\">EAN:<\/span> <span style=\"color: #993300\">7316571663807<\/span><\/h3>\n<h4><em><strong><span style=\"color: #003300\">Kushineta\u00a0 Tensionues \u00d8:98x23mm\u00a0 Ford Fiesta\u00a0 Mk4 Van\u00a0 ,Ford Puma\u00a0 ,Ford Courier 1.25-1.4-1.6 16V\u00a0 &amp;\u00a0 Mazda 121 III Hatchback\u00a0 Viti.1996-2003<\/span><\/strong><\/em><\/h4>\n<h3><span style=\"color: #ff0000\"><em>GJITHASHTU JU REKOMANDOJM\u00cb:<\/em><\/span><\/h3>\n<div class=\"related-products-box__item\">\n<p><span style=\"color: #003366\"><em><strong><span class=\"atr\">QUINTON HAZELL\u00a0 \u00a0\u2116: QTA1034<\/span><\/strong><\/em><\/span><\/p>\n<div class=\"related-products-box__item\">\n<div class=\"related-products-box__last\"><span style=\"color: #003366\"><em><strong>RUVILLE\u00a0 \u00a0 \u00a0 \u00a0 \u00a0 \u00a0 \u00a0 \u00a0 \u2116: 55234<\/strong><\/em><\/span><\/div>\n<div><span style=\"color: #003366\"><em><strong>JAPKO\u00a0 \u00a0 \u00a0 \u00a0 \u00a0 \u00a0 \u00a0 \u00a0 \u00a0 \u00a0\u2116: 128305<\/strong><\/em><\/span><\/div>\n<\/div>\n<div class=\"related-products-box__item\">\n<div class=\"related-products-box__price\"><span style=\"color: #003366\"><em><strong>AUTEX\u00a0 \u00a0 \u00a0 \u00a0 \u00a0 \u00a0 \u00a0 \u00a0 \u00a0 \u00a0\u2116: 601552<\/strong><\/em><\/span><\/div>\n<\/div>\n<div class=\"related-products-box__item\">\n<div class=\"related-products-box__price\"><span style=\"color: #003366\"><em><strong>FEBI\u00a0 \u00a0 \u00a0 \u00a0 \u00a0 \u00a0 \u00a0 \u00a0 \u00a0 \u00a0 \u00a0 \u00a0\u2116: 21803<\/strong><\/em><\/span><\/div>\n<\/div>\n<div class=\"related-products-box__item\"><span style=\"color: #003366\"><em><strong><span class=\"image\">OPTIMAL\u00a0 \u00a0 \u00a0 \u00a0 \u00a0 \u00a0 \u00a0 \u00a0<\/span><span class=\"atr\">\u2116: 0-N1897<\/span><\/strong><\/em><\/span><\/div>\n<div class=\"related-products-box__item\"><span style=\"color: #003366\"><em><strong><span class=\"atr\">YUASA\u00a0 \u00a0 \u00a0 \u00a0 \u00a0 \u00a0 \u00a0 \u00a0 \u00a0 \u00a0\u2116: 10-0547<\/span><\/strong><\/em><\/span><\/div>\n<div class=\"related-products-box__item\"><span style=\"color: #003366\"><em><strong><span class=\"image\">ICER\u00a0 \u00a0 \u00a0 \u00a0 \u00a0 \u00a0 \u00a0 \u00a0 \u00a0 \u00a0 \u00a0 \u00a0<\/span><span class=\"atr\">\u2116: CR3415<\/span><\/strong><\/em><\/span><\/div>\n<div><span style=\"color: #003366\"><em><strong>GATES<\/strong><\/em>\u00a0 \u00a0 \u00a0 \u00a0 \u00a0 \u00a0 \u00a0 \u00a0 \u00a0 \u00a0 <em><strong><span class=\"atr\">\u2116: 7720-48213<\/span><\/strong><\/em><\/span><\/div>\n<div><span style=\"color: #003366\"><em><strong>HK\u00a0 \u00a0 \u00a0 \u00a0 \u00a0 \u00a0 \u00a0 \u00a0 \u00a0 \u00a0 \u00a0 \u00a0 \u00a0 \u00a0<span class=\"atr\">\u2116: A547<\/span><\/strong><\/em><\/span><\/div>\n<\/div>\n","protected":false},"featured_media":707,"comment_status":"open","ping_status":"closed","template":"","meta":[],"product_cat":[102,91,105,33],"product_tag":[],"class_list":["post-706","product","type-product","status-publish","has-post-thumbnail","hentry","product_cat-ford","product_cat-kushineta-tensionues","product_cat-mazda","product_cat-skf"],"_links":{"self":[{"href":"https:\/\/autonardiexpress.com\/shop\/wp-json\/wp\/v2\/product\/706","targetHints":{"allow":["GET"]}}],"collection":[{"href":"https:\/\/autonardiexpress.com\/shop\/wp-json\/wp\/v2\/product"}],"about":[{"href":"https:\/\/autonardiexpress.com\/shop\/wp-json\/wp\/v2\/types\/product"}],"replies":[{"embeddable":true,"href":"https:\/\/autonardiexpress.com\/shop\/wp-json\/wp\/v2\/comments?post=706"}],"wp:featuredmedia":[{"embeddable":true,"href":"https:\/\/autonardiexpress.com\/shop\/wp-json\/wp\/v2\/media\/707"}],"wp:attachment":[{"href":"https:\/\/autonardiexpress.com\/shop\/wp-json\/wp\/v2\/media?parent=706"}],"wp:term":[{"taxonomy":"product_cat","embeddable":true,"href":"https:\/\/autonardiexpress.com\/shop\/wp-json\/wp\/v2\/product_cat?post=706"},{"taxonomy":"product_tag","embeddable":true,"href":"https:\/\/autonardiexpress.com\/shop\/wp-json\/wp\/v2\/product_tag?post=706"}],"curies":[{"name":"wp","href":"https:\/\/api.w.org\/{rel}","templated":true}]}}