{"id":699,"date":"2024-03-26T18:09:52","date_gmt":"2024-03-26T17:09:52","guid":{"rendered":"https:\/\/autonardiexpress.com\/shop\/?post_type=product&#038;p=699"},"modified":"2024-03-26T19:22:59","modified_gmt":"2024-03-26T18:22:59","slug":"kushineta-kite-12","status":"publish","type":"product","link":"https:\/\/autonardiexpress.com\/shop\/produkt\/kushineta-kite-12\/","title":{"rendered":"Kushineta kite"},"content":{"rendered":"<h3><span style=\"color: #0000ff\">Kushineta kite-auto<\/span><\/h3>\n<h3><span style=\"color: #000080\">VKBA 3527<\/span>\u00a0 \u00a0<a href=\"https:\/\/www.antallaktikaonline.gr\/exartimaton-aftokiniton-kataskeuastes\/skf\"><img loading=\"lazy\" decoding=\"async\" class=\"pkw-product__image-brand\" title=\"A\u03bd\u03c4\u03b1\u03bb\u03bb\u03b1\u03ba\u03c4\u03b9\u03ba\u03ac, \u03c0\u03b5\u03c1\u03b9\u03c0\u03bf\u03af\u03b7\u03c3\u03b7 \u03b1\u03c5\u03c4\u03bf\u03ba\u03b9\u03bd\u03ae\u03c4\u03bf\u03c5, \u03b5\u03c1\u03b3\u03b1\u03bb\u03b5\u03af\u03b1 SKF\" src=\"https:\/\/cdn.pkwteile.de\/brands\/thumbs\/50.png?m=2&amp;ccf=87856753\" alt=\"SKF A\u03bd\u03c4\u03b1\u03bb\u03bb\u03b1\u03ba\u03c4\u03b9\u03ba\u03ac, \u03a0\u03b5\u03c1\u03b9\u03c0\u03bf\u03af\u03b7\u03c3\u03b7 \u03b1\u03c5\u03c4\u03bf\u03ba\u03b9\u03bd\u03ae\u03c4\u03bf\u03c5, \u0395\u03c1\u03b3\u03b1\u03bb\u03b5\u03af\u03b1 \u03b3\u03bd\u03ae\u03c3\u03b9\u03b1 \u03b1\u03bd\u03c4\u03b1\u03bb\u03bb\u03b1\u03ba\u03c4\u03b9\u03ba\u03ac\" width=\"183\" height=\"43\" \/><\/a><\/h3>\n<h3 class=\"pkw-product__rating\" data-rating=\"8\"><span style=\"color: #800000\">\u03a3\u03b5\u03c4 \u03c1\u03bf\u03c5\u03bb\u03b5\u03bc\u03ac\u03bd \u03c4\u03c1\u03bf\u03c7\u03ce\u03bd\u00a0 \u00a0 \u00a0 \u00a0 \u00a0 \u00a0 \u00a0 \u00a0 \u00a0 \u00a0 \u00a0 \u00a0 \u00a0 \u00a0 \u00a0 \u00a0 \u00a0 \u00a0 \u00a0 \u00a0 \u00a0 \u00a0 \u00a0 \u00a0 \u00a0 \u00a0 \u00a0 \u00a0 \u00a0 \u00a0 \u00a0<\/span><\/h3>\n<h3 class=\"pkw-product__rating\" data-rating=\"8\"><span style=\"color: #800000\">Wheel bearing set\u00a0 \u00a0 \u00a0 \u00a0 \u00a0 \u00a0 \u00a0 \u00a0 \u00a0 \u00a0 \u00a0 \u00a0 \u00a0 \u00a0 \u00a0 \u00a0 \u00a0 \u00a0 \u00a0 \u00a0 \u00a0 \u00a0 \u00a0 \u00a0 \u00a0 \u00a0 \u00a0 \u00a0 \u00a0 \u00a0 \u00a0 \u00a0 \u00a0 \u00a0<\/span><\/h3>\n<h3 class=\"pkw-product__rating\" data-rating=\"8\"><span style=\"color: #800000\">Kit cuscinetti ruota<\/span><\/h3>\n<h3 class=\"pkw-product__rating\" data-rating=\"8\"><span style=\"color: #003300\">T\u00eb ngjash\u00ebm me numrat OEM vet\u00ebm p\u00ebr krahasim<\/span><\/h3>\n<ul class=\"pkw-oem__ul\">\n<li><span style=\"color: #800000\"><strong>CITRO\u00cbN\u00a0 \u00a03326 40\u00a0<\/strong><\/span><\/li>\n<li><span style=\"color: #800000\"><strong>PEUGEOT\u00a0 3326 40\u00a0<\/strong><\/span><\/li>\n<li><span style=\"color: #800000\"><strong><span class=\"pkw-oem__link\">FIAT\u00a0 1311506080\u00a0<\/span><\/strong><\/span><\/li>\n<li><span style=\"color: #800000\"><strong>FIAT\u00a0 1330512080\u00a0<\/strong><\/span><\/li>\n<li><span style=\"color: #800000\"><strong>LAND ROVER\u00a0 ANR 5861<\/strong><\/span><\/li>\n<li><span style=\"color: #800000\"><strong>ROVER\u00a0 ANR 5861<\/strong><\/span><\/li>\n<\/ul>\n<h4><span style=\"color: #800080\">Prodhuesi ,Modeli ,Lloji ,Fuqia n\u00eb KW Viti i prodhimit<\/span><\/h4>\n<ul class=\"pkw-product-models js-ajax-product-compatibility\" data-car-type=\"\">\n<li class=\"pkw-product-maker__line pkw-product-models__line_active\" data-maker-id=\"1820\"><a class=\"pkw-product-models__line-name js-prevent\" href=\"https:\/\/www.antallaktikaonline.gr\/land-rover\">L<\/a><span style=\"color: #000080\"><strong>AND-ROVER<\/strong><\/span>\n<ul class=\"pkw-product-models__list\">\n<li class=\"pkw-product-models__product\"><span style=\"color: #000080\"><strong><i class=\"icon arrow\"><\/i>LAND ROVER Freelander I SUV Cabrio (L314) ( 02.1998 &#8211; 10.2006 , 98 &#8211; 120 PS)<\/strong><\/span><\/li>\n<li class=\"pkw-product-models__product\"><span style=\"color: #000080\"><strong><i class=\"icon arrow\"><\/i>LAND ROVER Freelander I SUV (L314) ( 02.1998 &#8211; 10.2006 , 98 &#8211; 177 PS)<\/strong><\/span>\n<ul class=\"pkw-product-models__product_dropdown\">\n<li class=\"pkw-product-models__product_dropdown_item\"><span style=\"color: #000080\"><strong>1.8 16V 4&#215;4, Viti i prodhimit 04.1998 &#8211; 10.2006, 1796 ccm, 117 PS<\/strong><\/span><\/li>\n<li class=\"pkw-product-models__product_dropdown_item\"><span style=\"color: #000080\"><strong>1.8 i 16V 4&#215;4, Viti i prodhimit 02.1998 &#8211; 11.2000, 1796 ccm, 120 PS<\/strong><\/span><\/li>\n<li class=\"pkw-product-models__product_dropdown_item\"><span style=\"color: #000080\"><strong>2.0 DI 4&#215;4, Viti i prodhimit 02.1998 &#8211; 11.2000, 1994 ccm, 98 PS<\/strong><\/span><\/li>\n<li class=\"pkw-product-models__product_dropdown_item\"><span style=\"color: #000080\"><strong>2.0 Td4 4&#215;4, Viti i prodhimit 11.2000 &#8211; 10.2006, 1951 ccm, 112 PS<\/strong><\/span><\/li>\n<li class=\"pkw-product-models__product_dropdown_item\"><span style=\"color: #000080\"><strong>2.5 V6 4&#215;4, Viti i prodhimit 11.2000 &#8211; 10.2006, 2497 ccm, 177 PS<\/strong><\/span><\/li>\n<\/ul>\n<\/li>\n<\/ul>\n<\/li>\n<\/ul>\n<h4><span style=\"color: #800000\">T\u00eb gjitha pjes\u00ebt n\u00eb nj\u00eb v\u00ebnd \u2013 Zgjidhni tuajat n\u00eb faqen ton\u00eb .<\/span><\/h4>\n","protected":false},"excerpt":{"rendered":"<h3><span style=\"color: #000080\">Kushineta kite <\/span><span style=\"color: #ff0000\">\u2013 <\/span><span style=\"color: #800000\">auto<\/span>\u00a0\u00a0<a href=\"https:\/\/www.antallaktikaonline.gr\/exartimaton-aftokiniton-kataskeuastes\/skf\"><img loading=\"lazy\" decoding=\"async\" class=\"pkw-product__image-brand\" title=\"A\u03bd\u03c4\u03b1\u03bb\u03bb\u03b1\u03ba\u03c4\u03b9\u03ba\u03ac, \u03c0\u03b5\u03c1\u03b9\u03c0\u03bf\u03af\u03b7\u03c3\u03b7 \u03b1\u03c5\u03c4\u03bf\u03ba\u03b9\u03bd\u03ae\u03c4\u03bf\u03c5, \u03b5\u03c1\u03b3\u03b1\u03bb\u03b5\u03af\u03b1 SKF\" src=\"https:\/\/cdn.pkwteile.de\/brands\/thumbs\/50.png?m=2&amp;ccf=87856753\" alt=\"SKF A\u03bd\u03c4\u03b1\u03bb\u03bb\u03b1\u03ba\u03c4\u03b9\u03ba\u03ac, \u03a0\u03b5\u03c1\u03b9\u03c0\u03bf\u03af\u03b7\u03c3\u03b7 \u03b1\u03c5\u03c4\u03bf\u03ba\u03b9\u03bd\u03ae\u03c4\u03bf\u03c5, \u0395\u03c1\u03b3\u03b1\u03bb\u03b5\u03af\u03b1 \u03b3\u03bd\u03ae\u03c3\u03b9\u03b1 \u03b1\u03bd\u03c4\u03b1\u03bb\u03bb\u03b1\u03ba\u03c4\u03b9\u03ba\u03ac\" width=\"153\" height=\"36\" \/><\/a><\/h3>\n<h3><span style=\"color: #000080\">VKBA 3527<\/span>\u00a0 <span style=\"color: #008000\">Kushinet e rrotave dopjo e I-r\u00eb &amp; II-t\u00eb<\/span><\/h3>\n<h4><span style=\"color: #993300\">\u03a0\u03bb\u03ae\u03bc\u03bd\u03b7 \u03c4\u03c1\u03bf\u03c7\u03bf\u03cd<\/span><\/h4>\n<h4><span style=\"color: #993300\">Wheel Hub<\/span><\/h4>\n<h4><span style=\"color: #993300\">Mozzo ruota<\/span><\/h4>\n<h3><span style=\"color: #003300\">Land Rover &#8211; Rover &#8211; Citroen &#8211; Fiat &#8211; Peugeot<\/span><\/h3>\n<h3 class=\"pkw-product__rating\" data-rating=\"8\"><span style=\"color: #800000\">EAN :<\/span> <span style=\"color: #0000ff\">7316571373614<\/span><\/h3>\n<p><strong><span style=\"color: #ff0000\">Kushineta dopjo \u00d8: <\/span><span style=\"color: #000080\">44&#215;82.5x37mm<\/span>\u00a0 <span style=\"color: #800000\">Land\u00a0 Rover\u00a0 Frelander\u00a0 (LN_)\u00a0 Soft\u00a0 Top\u00a0 4&#215;4\u00a0 1.8i 16V,2.5 V6 &amp; 2.0 DI\/Td4 t\u00eb I-ra dhe t\u00eb II-ta\u00a0 Viti.1998-2006<\/span><\/strong><\/p>\n<p>&nbsp;<\/p>\n","protected":false},"featured_media":700,"comment_status":"open","ping_status":"closed","template":"","meta":[],"product_cat":[120,115,47,106,121,85,33],"product_tag":[],"class_list":["post-699","product","type-product","status-publish","has-post-thumbnail","hentry","product_cat-citroen","product_cat-fiat","product_cat-kushineta-kite","product_cat-land-rover","product_cat-peugeot","product_cat-rover","product_cat-skf"],"_links":{"self":[{"href":"https:\/\/autonardiexpress.com\/shop\/wp-json\/wp\/v2\/product\/699","targetHints":{"allow":["GET"]}}],"collection":[{"href":"https:\/\/autonardiexpress.com\/shop\/wp-json\/wp\/v2\/product"}],"about":[{"href":"https:\/\/autonardiexpress.com\/shop\/wp-json\/wp\/v2\/types\/product"}],"replies":[{"embeddable":true,"href":"https:\/\/autonardiexpress.com\/shop\/wp-json\/wp\/v2\/comments?post=699"}],"wp:featuredmedia":[{"embeddable":true,"href":"https:\/\/autonardiexpress.com\/shop\/wp-json\/wp\/v2\/media\/700"}],"wp:attachment":[{"href":"https:\/\/autonardiexpress.com\/shop\/wp-json\/wp\/v2\/media?parent=699"}],"wp:term":[{"taxonomy":"product_cat","embeddable":true,"href":"https:\/\/autonardiexpress.com\/shop\/wp-json\/wp\/v2\/product_cat?post=699"},{"taxonomy":"product_tag","embeddable":true,"href":"https:\/\/autonardiexpress.com\/shop\/wp-json\/wp\/v2\/product_tag?post=699"}],"curies":[{"name":"wp","href":"https:\/\/api.w.org\/{rel}","templated":true}]}}