{"id":694,"date":"2024-03-08T13:09:22","date_gmt":"2024-03-08T12:09:22","guid":{"rendered":"https:\/\/autonardiexpress.com\/shop\/?post_type=product&#038;p=694"},"modified":"2024-03-08T16:04:53","modified_gmt":"2024-03-08T15:04:53","slug":"pistona-motorri-6","status":"publish","type":"product","link":"https:\/\/autonardiexpress.com\/shop\/produkt\/pistona-motorri-6\/","title":{"rendered":"Pistona Motorri"},"content":{"rendered":"<h1><span style=\"color: #003300\">Pistona Motorri<\/span>\u00a0 <span style=\"color: #800000\">Kodi<\/span> <span style=\"color: #0000ff\">YCP<\/span> <span style=\"color: #800080\">21277T R\/L<\/span> <span style=\"color: #ff0000\">0.20<\/span><\/h1>\n<h3><span style=\"color: #800000\">\u0388\u03bc\u03b2\u03bf\u03bb\u03b1 \u03ba\u03b9\u03bd\u03b7\u03c4\u03ae\u03c1\u03b1<\/span><\/h3>\n<h3><span style=\"color: #800000\">Engine pistons<\/span><\/h3>\n<h3><span style=\"color: #800000\">Pistoni del motore<\/span><\/h3>\n<h3><span style=\"color: #003300\"><em>T\u00eb ngjash\u00ebm me numrat\u00a0OEM\u00a0vet\u00ebm p\u00ebr krahasim<\/em><\/span><\/h3>\n<ul class=\"pkw-oem__ul\">\n<li><span style=\"color: #000080\"><em><strong>HYUNDAI\u00a0 \u00a023410-42610<\/strong><\/em><\/span><\/li>\n<li><span style=\"color: #000080\"><em><strong>HYUNDAI\u00a0 \u00a023410-42630<\/strong><\/em><\/span><\/li>\n<li><span style=\"color: #000080\"><em><strong>HYUNDAI\u00a0 \u00a023410-42640<\/strong><\/em><\/span><\/li>\n<li><span style=\"color: #000080\"><em><strong>MITSUBISHI\u00a0 MD304859<\/strong><\/em><\/span><\/li>\n<li><span style=\"color: #800000\"><strong><em><span class=\"pkw-oem__link\">MITSUBISHI\u00a0 1110A563\u00a0<\/span><\/em><\/strong><\/span><\/li>\n<li><span style=\"color: #800000\"><strong><em>MITSUBISHI\u00a0 MD050390\u00a0<\/em><\/strong><\/span><\/li>\n<li><span style=\"color: #800000\"><strong><em><span class=\"pkw-oem__link\">MITSUBISHI\u00a0 MD304809\u00a0<\/span><\/em><\/strong><\/span><\/li>\n<li><span style=\"color: #800000\"><strong><em><span class=\"pkw-oem__link\">MITSUBISHI\u00a0 MD304812\u00a0<\/span><\/em><\/strong><\/span><\/li>\n<li><span style=\"color: #800000\"><strong><em>MITSUBISHI\u00a0 MD304853<\/em><\/strong><\/span><\/li>\n<li><span style=\"color: #800000\"><strong><em>MITSUBISHI\u00a0 MD304859<\/em><\/strong><\/span><\/li>\n<li><span style=\"color: #000080\"><em><strong>SAIC-IVECO HONGYAN\u00a0 20MI000\u00a0<\/strong><\/em><\/span><\/li>\n<\/ul>\n<h3><span style=\"color: #800000\"><em>Prodhuesi Modeli Lloji Fuqia n\u00eb KW Viti i prodhimit<\/em><\/span><\/h3>\n<ul class=\"pkw-product-models js-ajax-product-compatibility\" data-car-type=\"\">\n<li class=\"pkw-product-maker__line pkw-product-models__line_active\" data-maker-id=\"183\"><span style=\"color: #0000ff\"><em><strong>HYUNDAI<\/strong><\/em><\/span>\n<ul class=\"pkw-product-models__list\">\n<li class=\"pkw-product-models__product\"><span style=\"color: #0000ff\"><b class=\"button_dropdown_list\" data-maker=\"183\" data-model=\"4623\" data-prod=\"9669915\"><i class=\"icon arrow\"><\/i>HYUNDAI H-1 Van (A1) ( 03.2000 &#8211; 08.2007 , 80 &#8211; 101 PS)<\/b><\/span><\/li>\n<li class=\"pkw-product-models__product\"><span style=\"color: #0000ff\"><b class=\"button_dropdown_list\" data-maker=\"183\" data-model=\"4694\" data-prod=\"9669915\"><i class=\"icon arrow\"><\/i>HYUNDAI Galloper II ( 08.1998 &#8211; 12.2003 , 88 &#8211; 105 PS)<\/b><\/span><\/li>\n<li class=\"pkw-product-models__product\"><span style=\"color: #0000ff\"><b class=\"button_dropdown_list\" data-maker=\"183\" data-model=\"4942\" data-prod=\"8212459\"><i class=\"icon arrow\"><\/i>HYUNDAI Galloper I ( 08.1991 &#8211; 07.1998 , 85 &#8211; 95 PS)<\/b><\/span><\/li>\n<li class=\"pkw-product-models__product\"><span style=\"color: #0000ff\"><b class=\"button_dropdown_list\" data-maker=\"183\" data-model=\"10467\" data-prod=\"8212459\"><i class=\"icon arrow\"><\/i>HYUNDAI H100 Kamion\/shasi me platform\u00eb (CRDi) ( 11.2006 &#8211; &#8230; , 101 PS)<\/b><\/span><\/li>\n<\/ul>\n<\/li>\n<\/ul>\n<ul class=\"pkw-product-models js-ajax-product-compatibility\" data-car-type=\"\">\n<li style=\"list-style-type: none\"><\/li>\n<li class=\"pkw-product-maker__line pkw-product-models__line_active\" data-maker-id=\"77\"><em><strong>M<span style=\"color: #800000\">ITSUBISHI<\/span><\/strong><\/em>\n<ul class=\"pkw-product-models__list\">\n<li class=\"pkw-product-models__product\"><span style=\"color: #800000\"><b class=\"button_dropdown_list\" data-maker=\"77\" data-model=\"109\" data-prod=\"8212459\"><i class=\"icon arrow\"><\/i>MITSUBISHI L300 \/ Delica III Microbus (P0_W, P1_W, P2_W) ( 11.1986 &#8211; 05.2004 , 69 &#8211; 75 PS)<\/b><\/span><\/li>\n<li class=\"pkw-product-models__product\"><span style=\"color: #800000\"><b class=\"button_dropdown_list\" data-maker=\"77\" data-model=\"394\" data-prod=\"8212459\"><i class=\"icon arrow\"><\/i>MITSUBISHI Pajero II (V20) ( 12.1990 &#8211; 06.1993 , 84 PS)<\/b><\/span><\/li>\n<li class=\"pkw-product-models__product\"><span style=\"color: #800000\"><b class=\"button_dropdown_list\" data-maker=\"77\" data-model=\"1554\" data-prod=\"8212459\"><i class=\"icon arrow\"><\/i>MITSUBISHI L200 II Pick-up ( 10.1986 &#8211; 10.1996 , 70 &#8211; 75 PS)<\/b><\/span><\/li>\n<li class=\"pkw-product-models__product\"><span style=\"color: #800000\"><b class=\"button_dropdown_list\" data-maker=\"77\" data-model=\"1555\" data-prod=\"8212459\"><i class=\"icon arrow\"><\/i>MITSUBISHI L200 III Pick-up (K6) ( 01.1996 &#8211; 12.2007 , 75 PS)<\/b><\/span><\/li>\n<li class=\"pkw-product-models__product\"><span style=\"color: #800000\"><b class=\"button_dropdown_list\" data-maker=\"77\" data-model=\"1813\" data-prod=\"8212459\"><i class=\"icon arrow\"><\/i>MITSUBISHI L300 \/ Delica III Van (P0_V, P1_V, P_2V) ( 11.1986 &#8211; 02.2006 , 69 &#8211; 75 PS)<\/b><\/span><\/li>\n<li class=\"pkw-product-models__product\"><span style=\"color: #800000\"><b class=\"button_dropdown_list\" data-maker=\"77\" data-model=\"4005\" data-prod=\"8212459\"><i class=\"icon arrow\"><\/i>MITSUBISHI L300 \/ Delica II Kamion me platform\u00eb \/ shasi (L03_P) ( 11.1986 &#8211; 06.2007 , 69 &#8211; 71 PS)<\/b><\/span><\/li>\n<li class=\"pkw-product-models__product\"><span style=\"color: #800000\"><b class=\"button_dropdown_list\" data-maker=\"77\" data-model=\"4015\" data-prod=\"8212459\"><i class=\"icon arrow\"><\/i>MITSUBISHI Pajero Sport I SUV (K70, K90) ( 01.2008 &#8211; 12.2012 , 136 PS)<\/b><\/span><\/li>\n<li class=\"pkw-product-models__product\"><span style=\"color: #800000\"><b class=\"button_dropdown_list\" data-maker=\"77\" data-model=\"11309\" data-prod=\"8212459\"><i class=\"icon arrow\"><\/i>MITSUBISHI L200 II Kamion me platform\u00eb \/ shasi ( 10.1986 &#8211; 10.1996 , 75 PS)<\/b><\/span><\/li>\n<\/ul>\n<\/li>\n<\/ul>\n<ul class=\"pkw-product-models js-ajax-product-compatibility\" data-car-type=\"\">\n<li class=\"pkw-product-maker__line pkw-product-models__line_active\" data-maker-id=\"184\"><span style=\"color: #008000\"><strong>KIA<\/strong><\/span>\n<ul class=\"pkw-product-models__list\">\n<li class=\"pkw-product-models__product\"><span style=\"color: #008000\"><strong><i class=\"icon arrow\"><\/i>KIA Pregio Van (TB) ( 09.2002 &#8211; &#8230; , 94 PS)<\/strong><\/span><\/li>\n<li class=\"pkw-product-models__product\"><span style=\"color: #008000\"><strong><i class=\"icon arrow\"><\/i>KIA K2500 Kamion me platform\u00eb \/ shasi (SD) ( 01.2003 &#8211; &#8230; , 94 PS)<\/strong><\/span><\/li>\n<\/ul>\n<\/li>\n<\/ul>\n<h4><span style=\"color: #ff0000\"><em>T\u00eb gjitha pjes\u00ebt n\u00eb nj\u00eb v\u00ebnd \u2013 Zgjidhni tuajat n\u00eb faqen ton\u00eb .<\/em><\/span><\/h4>\n<p>&nbsp;<\/p>\n","protected":false},"excerpt":{"rendered":"<h1><span style=\"color: #003300\">Pistona Motorri<\/span>\u00a0 <span style=\"color: #800000\">Kodi<\/span> <span style=\"color: #0000ff\">YCP<\/span> <span style=\"color: #800080\">21277T R\/L<\/span> <span style=\"color: #ff0000\">0.20<\/span><\/h1>\n<h4><span style=\"color: #000080\"><em><strong><span style=\"color: #ff0000\">OEM: <\/span><\/strong><\/em><\/span><span style=\"color: #000080\"><em><strong>1110A563\u00a0 Mitsubishi<\/strong><\/em><\/span><\/h4>\n<h4><span style=\"color: #000080\"><em><strong><span style=\"color: #ff0000\">OEM:<\/span> 23410-42610 Hyundai<\/strong><\/em><\/span><\/h4>\n<h4><span style=\"color: #000080\"><em><strong><span style=\"color: #ff0000\">OEM:<\/span> 20MI000 Saic-Iveco Hongyan<\/strong><\/em><\/span><\/h4>\n<p><span style=\"color: #003300\"><em><strong>Pistona motorri \u00d8:91.1mm + 0.20mm (+0.50) me dimension fasho 2.5x2x4mm Mitsubishi L-200\u00a0 ,Pajero Sport 4D56T (L\/R) &amp; KIA Pregio Van ,Hyundai H-1 Van ,Galloprt ,H100 (Lule e Vog\u00ebl pa fasho) Viti.1994-1999<\/strong><\/em><\/span><\/p>\n<h4><span style=\"color: #800080\"><em>Gjithashtu ju rekomandojm\u00eb :<\/em><\/span><\/h4>\n<div class=\"related-products-box__item\"><span class=\"atr\"><strong><span style=\"color: #ff0000\">\u00a0 \u00a0<\/span><\/strong><\/span><\/div>\n<div class=\"related-products-box__item\"><span class=\"atr\"><strong><span style=\"color: #ff0000\">ARCO\u00a0<\/span><\/strong>\u00a0 \u00a0 \u00a0 \u00a0 \u00a0 \u00a0 \u00a0 \u00a0<span style=\"color: #003366\"><strong><em> \u2116: <span class=\"highlight\" title=\"\">PKMI409116DB <\/span>020<\/em><\/strong><\/span><\/span><\/div>\n<div class=\"related-products-box__item\"><span class=\"image\"><img loading=\"lazy\" decoding=\"async\" class=\"brand_image ls-is-cached lazyloaded alignnone\" title=\"\u03a0\u03b9\u03c3\u03c4\u03cc\u03bd\u03b9 ASHIKA 39-518\" src=\"https:\/\/cdn.pkwteile.de\/brands\/thumbs\/10029.png?m=2&amp;ccf=65748718\" alt=\"\u03b3\u03bd\u03ae\u03c3\u03b9\u03b1 ASHIKA 39518\" width=\"73\" height=\"19\" data-srcset=\"https:\/\/cdn.pkwteile.de\/brands\/thumbs\/10029.png?m=2&amp;ccf=65748718\" \/>\u00a0 \u00a0 \u00a0 \u00a0 \u00a0 <\/span><strong><em><span style=\"color: #003366\"><span class=\"atr\"><span class=\"atr\">\u2116: <\/span><\/span>39-518<\/span><\/em><\/strong><\/div>\n<div class=\"related-products-box__item\"><span class=\"image\"><img decoding=\"async\" title=\"JAPANPARTS 39518\" src=\"https:\/\/cdn.pkwteile.de\/brands\/thumbs\/193.png?m=3&amp;ccf=65748718\" alt=\"JAPANPARTS KI518\" \/>\u00a0 \u00a0<\/span><em><strong><span class=\"atr\" style=\"color: #003366\">\u2116: KI518<\/span><\/strong><\/em><\/div>\n<div class=\"related-products-box__item\"><span class=\"image\"><img decoding=\"async\" title=\"IAP QUALITY PARTS 39518\" src=\"https:\/\/cdn.pkwteile.de\/brands\/thumbs\/6359.png?m=3&amp;ccf=65748718\" alt=\"IAP QUALITY PARTS 100-12028\" \/>\u00a0 \u00a0 \u00a0 \u00a0 <\/span><span style=\"color: #003366\"><strong><em><span class=\"atr\">\u2116: 100-12028<\/span><\/em><\/strong><\/span><\/div>\n<div class=\"related-products-box__item\"><span class=\"image\"><img decoding=\"async\" title=\"JAPKO 39518\" src=\"https:\/\/cdn.pkwteile.de\/brands\/thumbs\/10914.png?m=3&amp;ccf=65748718\" alt=\"JAPKO 9518\" \/>\u00a0 \u00a0<\/span><em><strong><span class=\"atr\" style=\"color: #003366\">\u2116: 9518<\/span><\/strong><\/em><\/div>\n<div class=\"related-products-box__item\"><span class=\"image\"><img decoding=\"async\" title=\"KOLBENSCHMIDT 39518\" src=\"https:\/\/cdn.pkwteile.de\/brands\/thumbs\/399.png?m=3&amp;ccf=65748718\" alt=\"KOLBENSCHMIDT 40058600\" \/>\u00a0 \u00a0 \u00a0 \u00a0 \u00a0 \u00a0 \u00a0 \u00a0 \u00a0<\/span><em><strong><span class=\"atr\" style=\"color: #003366\">\u2116: 40058600<\/span><\/strong><\/em><\/div>\n","protected":false},"featured_media":696,"comment_status":"open","ping_status":"closed","template":"","meta":[],"product_cat":[87,57,56,75,182],"product_tag":[],"class_list":["post-694","product","type-product","status-publish","has-post-thumbnail","hentry","product_cat-hyundai","product_cat-kia","product_cat-mitsubishi","product_cat-pistona-motorri","product_cat-ycp"],"_links":{"self":[{"href":"https:\/\/autonardiexpress.com\/shop\/wp-json\/wp\/v2\/product\/694","targetHints":{"allow":["GET"]}}],"collection":[{"href":"https:\/\/autonardiexpress.com\/shop\/wp-json\/wp\/v2\/product"}],"about":[{"href":"https:\/\/autonardiexpress.com\/shop\/wp-json\/wp\/v2\/types\/product"}],"replies":[{"embeddable":true,"href":"https:\/\/autonardiexpress.com\/shop\/wp-json\/wp\/v2\/comments?post=694"}],"wp:featuredmedia":[{"embeddable":true,"href":"https:\/\/autonardiexpress.com\/shop\/wp-json\/wp\/v2\/media\/696"}],"wp:attachment":[{"href":"https:\/\/autonardiexpress.com\/shop\/wp-json\/wp\/v2\/media?parent=694"}],"wp:term":[{"taxonomy":"product_cat","embeddable":true,"href":"https:\/\/autonardiexpress.com\/shop\/wp-json\/wp\/v2\/product_cat?post=694"},{"taxonomy":"product_tag","embeddable":true,"href":"https:\/\/autonardiexpress.com\/shop\/wp-json\/wp\/v2\/product_tag?post=694"}],"curies":[{"name":"wp","href":"https:\/\/api.w.org\/{rel}","templated":true}]}}