{"id":689,"date":"2024-03-07T12:12:28","date_gmt":"2024-03-07T11:12:28","guid":{"rendered":"https:\/\/autonardiexpress.com\/shop\/?post_type=product&#038;p=689"},"modified":"2024-03-07T13:50:01","modified_gmt":"2024-03-07T12:50:01","slug":"radiator-uji-2","status":"publish","type":"product","link":"https:\/\/autonardiexpress.com\/shop\/produkt\/radiator-uji-2\/","title":{"rendered":"Radiator Uji"},"content":{"rendered":"<h1><span style=\"color: #003300\">Radiator uji<\/span>\u00a0 <span style=\"color: #800080\">nr:<\/span> <span style=\"color: #0000ff\">58361<\/span> <a href=\"https:\/\/www.antallaktikaonline.gr\/exartimaton-aftokiniton-kataskeuastes\/nrf\"><img decoding=\"async\" class=\"pkw-product__image-brand\" title=\"A\u03bd\u03c4\u03b1\u03bb\u03bb\u03b1\u03ba\u03c4\u03b9\u03ba\u03ac, \u03c0\u03b5\u03c1\u03b9\u03c0\u03bf\u03af\u03b7\u03c3\u03b7 \u03b1\u03c5\u03c4\u03bf\u03ba\u03b9\u03bd\u03ae\u03c4\u03bf\u03c5 NRF\" src=\"https:\/\/cdn.pkwteile.de\/brands\/thumbs\/142.png?m=2&amp;ccf=65748718\" alt=\"NRF A\u03bd\u03c4\u03b1\u03bb\u03bb\u03b1\u03ba\u03c4\u03b9\u03ba\u03ac, \u03a0\u03b5\u03c1\u03b9\u03c0\u03bf\u03af\u03b7\u03c3\u03b7 \u03b1\u03c5\u03c4\u03bf\u03ba\u03b9\u03bd\u03ae\u03c4\u03bf\u03c5 \u03b3\u03bd\u03ae\u03c3\u03b9\u03b1 \u03b1\u03bd\u03c4\u03b1\u03bb\u03bb\u03b1\u03ba\u03c4\u03b9\u03ba\u03ac\" \/><\/a><\/h1>\n<h4><span style=\"color: #800000\">\u03a8\u03c5\u03b3\u03b5\u03af\u03bf, \u03c8\u03cd\u03be\u03b7 \u03ba\u03b9\u03bd\u03b7\u03c4\u03ae\u03c1\u03b1<\/span><\/h4>\n<h4><span style=\"color: #800000\">Refrigerator, engine cooling<\/span><\/h4>\n<h4><span style=\"color: #800000\">Frigorifero, raffreddamento del motore<\/span><\/h4>\n<h3><span style=\"color: #000080\">T\u00eb ngjash\u00ebm me numrat\u00a0OEM\u00a0vet\u00ebm p\u00ebr krahasim<\/span><\/h3>\n<ul class=\"pkw-oem__ul\">\n<li><span style=\"color: #993300\"><em><strong>IVECO\u00a0 504152995<\/strong><\/em><\/span><\/li>\n<li><span style=\"color: #993300\"><em><strong><a class=\"pkw-oem__link\" style=\"color: #993300\" href=\"https:\/\/www.antallaktikaonline.gr\/oen\/504152996\">IV<\/a>ECO\u00a0 504152996<\/strong><\/em><\/span><\/li>\n<\/ul>\n<h3><span style=\"color: #008000\">Prodhuesi Modeli Lloji Fuqia n\u00eb KW Viti i prodhimit<\/span><\/h3>\n<ul class=\"pkw-product-models js-ajax-product-compatibility\" data-car-type=\"\">\n<li class=\"pkw-product-maker__line pkw-product-models__line_active\" data-maker-id=\"55\"><span style=\"color: #800000\"><em><strong><span class=\"pkw-product-models__line-name\">IVECO<\/span><\/strong><\/em><\/span>\n<ul class=\"pkw-product-models__list\">\n<li class=\"pkw-product-models__product\"><b class=\"button_dropdown_list\" data-maker=\"55\" data-model=\"9525\" data-prod=\"2391842\"><i class=\"icon arrow\"><\/i><span style=\"color: #333399\">IVECO Daily IV Van \/ Combi ( 05.2006 &#8211; 08.2011 , 95 &#8211; 136 PS)<\/span><\/b><\/li>\n<li class=\"pkw-product-models__product\"><span style=\"color: #333399\"><b class=\"button_dropdown_list\" data-maker=\"55\" data-model=\"9527\" data-prod=\"2391842\"><i class=\"icon arrow\"><\/i>IVECO Daily IV Kamion\/shasi me platform\u00eb ( 05.2006 &#8211; 08.2011 , 95 &#8211; 136 PS)<\/b><\/span><\/li>\n<li class=\"pkw-product-models__product\"><span style=\"color: #333399\"><b class=\"button_dropdown_list\" data-maker=\"55\" data-model=\"9745\" data-prod=\"2391842\"><i class=\"icon arrow\"><\/i>IVECO Daily IV Microbus ( 05.2006 &#8211; 08.2011 , 136 PS)<\/b><\/span><\/li>\n<li class=\"pkw-product-models__product\"><span style=\"color: #333399\"><b class=\"button_dropdown_list\" data-maker=\"55\" data-model=\"10645\" data-prod=\"2391842\"><i class=\"icon arrow\"><\/i>IVECO Daily V Kamion\/shasi me platform\u00eb ( 09.2011 &#8211; 02.2014 , 82 PS)<\/b><\/span><\/li>\n<li class=\"pkw-product-models__product\"><span style=\"color: #333399\"><b class=\"button_dropdown_list\" data-maker=\"55\" data-model=\"10648\" data-prod=\"2391842\"><i class=\"icon arrow\"><\/i>IVECO Daily V Van \/ Combi ( 09.2011 &#8211; 02.2014 , 82 &#8211; 109 PS)<\/b><\/span><\/li>\n<\/ul>\n<\/li>\n<\/ul>\n<h4><span style=\"color: #800080\"><em>T\u00eb gjitha pjes\u00ebt n\u00eb nj\u00eb v\u00ebnd \u2013 Zgjidhni tuajat n\u00eb faqen ton\u00eb .<\/em><\/span><\/h4>\n<p>&nbsp;<\/p>\n<h1><\/h1>\n","protected":false},"excerpt":{"rendered":"<h2><span style=\"color: #000080\">Radiator uji<\/span>\u00a0 <span style=\"color: #800000\">nr:<\/span> <span style=\"color: #ff6600\">58361<\/span> <a href=\"https:\/\/www.antallaktikaonline.gr\/exartimaton-aftokiniton-kataskeuastes\/nrf\"><img decoding=\"async\" class=\"pkw-product__image-brand\" title=\"A\u03bd\u03c4\u03b1\u03bb\u03bb\u03b1\u03ba\u03c4\u03b9\u03ba\u03ac, \u03c0\u03b5\u03c1\u03b9\u03c0\u03bf\u03af\u03b7\u03c3\u03b7 \u03b1\u03c5\u03c4\u03bf\u03ba\u03b9\u03bd\u03ae\u03c4\u03bf\u03c5 NRF\" src=\"https:\/\/cdn.pkwteile.de\/brands\/thumbs\/142.png?m=2&amp;ccf=65748718\" alt=\"NRF A\u03bd\u03c4\u03b1\u03bb\u03bb\u03b1\u03ba\u03c4\u03b9\u03ba\u03ac, \u03a0\u03b5\u03c1\u03b9\u03c0\u03bf\u03af\u03b7\u03c3\u03b7 \u03b1\u03c5\u03c4\u03bf\u03ba\u03b9\u03bd\u03ae\u03c4\u03bf\u03c5 \u03b3\u03bd\u03ae\u03c3\u03b9\u03b1 \u03b1\u03bd\u03c4\u03b1\u03bb\u03bb\u03b1\u03ba\u03c4\u03b9\u03ba\u03ac\" \/><\/a><\/h2>\n<h4><em><strong><span style=\"color: #000080\">OEM:<\/span> <span style=\"color: #003300\">504152996<\/span><\/strong><\/em><\/h4>\n<h4><em><strong><span style=\"color: #800000\">EAM:<\/span> <span style=\"color: #333399\">8718042088239<\/span><\/strong><\/em><\/h4>\n<p><span style=\"color: #008080\"><em><strong>Radiator uji<\/strong><\/em> <strong><em>\u00d8:650x453x34mm <b class=\"button_dropdown_list active loaded\" data-maker=\"55\" data-model=\"9525\" data-prod=\"2391842\">IVECO Daily IV Van \/ Combi ( 05.2006 &#8211; 08.2011 , 95 &#8211; 136 PS)<\/b><\/em><\/strong><\/span><\/p>\n<p><span style=\"color: #008080\"><b class=\"button_dropdown_list\" data-maker=\"55\" data-model=\"9745\" data-prod=\"1285472\">IVECO Daily IV Microbus ( 05.2006 &#8211; 08.2011 , 136 PS)<\/b><\/span><\/p>\n<h4><span style=\"color: #800000\"><em>Gjithashtu ju rekomandojm\u00eb :<\/em><\/span><\/h4>\n<p><span style=\"color: #0000ff\"><em><strong>HELLA\u00a0 \u00a0 \u00a0 \u00a0 \u00a0 \u00a0 \u00a0 \u00a0\u2116: 8MK376760621<\/strong><\/em><\/span><\/p>\n<p><span style=\"color: #0000ff\"><em><strong>NISSENS\u00a0 \u00a0 \u00a0 \u00a0 \u00a0 \u2116: 61987<\/strong><\/em><\/span><\/p>\n<p><span style=\"color: #0000ff\"><em><strong>DENSO\u00a0 \u00a0 \u00a0 \u00a0 \u00a0 \u00a0 \u2116: DRM12010<\/strong><\/em><\/span><\/p>\n<p><span style=\"color: #0000ff\"><em><strong>DASIS\u00a0 \u00a0 \u00a0 \u00a0 \u00a0 \u00a0 \u00a0\u2116: 400037N<\/strong><\/em><\/span><\/p>\n<p><span style=\"color: #0000ff\"><em><strong>VAN WEZEL\u00a0 \u00a0 \u2116: 28002087<\/strong><\/em><\/span><\/p>\n","protected":false},"featured_media":690,"comment_status":"open","ping_status":"closed","template":"","meta":[],"product_cat":[81,181,127],"product_tag":[],"class_list":["post-689","product","type-product","status-publish","has-post-thumbnail","hentry","product_cat-iveco","product_cat-nfr","product_cat-radiator-uji"],"_links":{"self":[{"href":"https:\/\/autonardiexpress.com\/shop\/wp-json\/wp\/v2\/product\/689","targetHints":{"allow":["GET"]}}],"collection":[{"href":"https:\/\/autonardiexpress.com\/shop\/wp-json\/wp\/v2\/product"}],"about":[{"href":"https:\/\/autonardiexpress.com\/shop\/wp-json\/wp\/v2\/types\/product"}],"replies":[{"embeddable":true,"href":"https:\/\/autonardiexpress.com\/shop\/wp-json\/wp\/v2\/comments?post=689"}],"wp:featuredmedia":[{"embeddable":true,"href":"https:\/\/autonardiexpress.com\/shop\/wp-json\/wp\/v2\/media\/690"}],"wp:attachment":[{"href":"https:\/\/autonardiexpress.com\/shop\/wp-json\/wp\/v2\/media?parent=689"}],"wp:term":[{"taxonomy":"product_cat","embeddable":true,"href":"https:\/\/autonardiexpress.com\/shop\/wp-json\/wp\/v2\/product_cat?post=689"},{"taxonomy":"product_tag","embeddable":true,"href":"https:\/\/autonardiexpress.com\/shop\/wp-json\/wp\/v2\/product_tag?post=689"}],"curies":[{"name":"wp","href":"https:\/\/api.w.org\/{rel}","templated":true}]}}