{"id":687,"date":"2024-03-06T11:38:03","date_gmt":"2024-03-06T10:38:03","guid":{"rendered":"https:\/\/autonardiexpress.com\/shop\/?post_type=product&#038;p=687"},"modified":"2024-03-06T13:12:34","modified_gmt":"2024-03-06T12:12:34","slug":"disqe-freksioni-2","status":"publish","type":"product","link":"https:\/\/autonardiexpress.com\/shop\/produkt\/disqe-freksioni-2\/","title":{"rendered":"Disqe freksioni"},"content":{"rendered":"<h2><a href=\"https:\/\/www.antallaktikaonline.gr\/exartimaton-aftokiniton-kataskeuastes\/ashika\"><span style=\"color: #800000\">Disqe freksioni<\/span>\u00a0 <span style=\"color: #0000ff\">80-02-213<\/span> \u00a0<img decoding=\"async\" class=\"pkw-product__image-brand\" title=\"A\u03bd\u03c4\u03b1\u03bb\u03bb\u03b1\u03ba\u03c4\u03b9\u03ba\u03ac, \u03c0\u03b5\u03c1\u03b9\u03c0\u03bf\u03af\u03b7\u03c3\u03b7 \u03b1\u03c5\u03c4\u03bf\u03ba\u03b9\u03bd\u03ae\u03c4\u03bf\u03c5 ASHIKA\" src=\"https:\/\/cdn.pkwteile.de\/brands\/thumbs\/10029.png?m=2&amp;ccf=89780148\" alt=\"ASHIKA A\u03bd\u03c4\u03b1\u03bb\u03bb\u03b1\u03ba\u03c4\u03b9\u03ba\u03ac, \u03a0\u03b5\u03c1\u03b9\u03c0\u03bf\u03af\u03b7\u03c3\u03b7 \u03b1\u03c5\u03c4\u03bf\u03ba\u03b9\u03bd\u03ae\u03c4\u03bf\u03c5 \u03b3\u03bd\u03ae\u03c3\u03b9\u03b1 \u03b1\u03bd\u03c4\u03b1\u03bb\u03bb\u03b1\u03ba\u03c4\u03b9\u03ba\u03ac\" \/><\/a><\/h2>\n<h2><span style=\"color: #003366\">\u0394\u03af\u03c3\u03ba\u03bf\u03c2 \u03c3\u03c5\u03bc\u03c0\u03bb\u03ad\u03ba\u03c4\u03b7<\/span><\/h2>\n<h2><span style=\"color: #003366\">Clutch disk<\/span><\/h2>\n<h2><span style=\"color: #003366\">Disco frizione<\/span><\/h2>\n<h3><span style=\"color: #993300\">T\u00eb ngjash\u00ebm me numrat\u00a0OEM\u00a0vet\u00ebm p\u00ebr krahasim<\/span><\/h3>\n<ul class=\"pkw-oem__ul\">\n<li><em><strong><span class=\"pkw-oem__link link\"><span style=\"color: #800000\">DAIHATSU<\/span>, <span style=\"color: #003300\">HINO<\/span>, <span style=\"color: #ff0000\">TOYOTA<\/span>\u00a0 <span style=\"color: #0000ff\">3125036081<\/span><\/span><\/strong><\/em><\/li>\n<li><em><strong><span class=\"pkw-oem__link\"><span class=\"pkw-oem__link link\"><span style=\"color: #800000\">DAIHATSU<\/span>, <span style=\"color: #003300\">HINO<\/span>, <span style=\"color: #ff0000\">TOYOTA<\/span><\/span> \u00a0<span style=\"color: #0000ff\">3125036082<\/span><\/span><\/strong><\/em><\/li>\n<li><em><strong><span class=\"pkw-oem__link\"><span class=\"pkw-oem__link link\"><span style=\"color: #800000\">DAIHATSU<\/span>, <span style=\"color: #003300\">HINO<\/span>, <span style=\"color: #ff0000\">TOYOTA<\/span><\/span> \u00a0<span style=\"color: #0000ff\">3125036083<\/span><\/span><\/strong><\/em><\/li>\n<li><em><strong><span class=\"pkw-oem__link\"><span class=\"pkw-oem__link link\"><span style=\"color: #800000\">DAIHATSU<\/span>, <span style=\"color: #003300\">HINO<\/span>, <span style=\"color: #ff0000\">TOYOTA<\/span><\/span> \u00a0<span style=\"color: #0000ff\">3125036084<\/span><\/span><\/strong><\/em><\/li>\n<li><em><strong><span class=\"pkw-oem__link\"><span class=\"pkw-oem__link link\"><span style=\"color: #800000\">DAIHATSU<\/span>, <span style=\"color: #003300\">HINO<\/span>, <span style=\"color: #ff0000\">TOYOTA<\/span><\/span> \u00a0<span style=\"color: #0000ff\">3125036110<\/span><\/span><\/strong><\/em><\/li>\n<li><em><strong><span class=\"pkw-oem__link link\"><span style=\"color: #800000\">DAIHATSU<\/span>, <span style=\"color: #003300\">HINO<\/span>, <span style=\"color: #ff0000\">TOYOTA<\/span><\/span>\u00a0 <span style=\"color: #0000ff\">31250-36111<\/span><\/strong><\/em><\/li>\n<li><em><strong><span class=\"pkw-oem__link link\"><span style=\"color: #800000\">DAIHATSU<\/span>, <span style=\"color: #003300\">HINO<\/span>, <span style=\"color: #ff0000\">TOYOTA<\/span> \u00a0<span style=\"color: #0000ff\">3125036112<\/span><\/span><\/strong><\/em><\/li>\n<li><em><strong><span class=\"pkw-oem__link\"><span class=\"pkw-oem__link link\"><span style=\"color: #003300\">\u00a0 \u00a0 \u00a0 \u00a0 \u00a0 \u00a0 \u00a0 \u00a0 \u00a0 \u00a0 \u00a0HINO<\/span>, <span style=\"color: #ff0000\">TOYOTA<\/span><\/span> \u00a0<span style=\"color: #0000ff\">3125036080<\/span><\/span><\/strong><\/em><\/li>\n<li><em><strong><span class=\"pkw-oem__link\"><span class=\"pkw-oem__link link\"><span style=\"color: #003300\">\u00a0 \u00a0 \u00a0 \u00a0 \u00a0 \u00a0 \u00a0 \u00a0 \u00a0 \u00a0 \u00a0HINO<\/span>, <span style=\"color: #ff0000\">TOYOTA<\/span><\/span> \u00a0<span style=\"color: #0000ff\">3125036114<\/span><\/span><\/strong><\/em><\/li>\n<li><em><strong><span class=\"pkw-oem__link\"><span class=\"pkw-oem__link link\"><span style=\"color: #003300\">\u00a0 \u00a0 \u00a0 \u00a0 \u00a0 \u00a0 \u00a0 \u00a0 \u00a0 \u00a0 \u00a0HINO<\/span>, <span style=\"color: #ff0000\">TOYOTA<\/span><\/span> \u00a0<span style=\"color: #0000ff\">3125A36111<\/span><\/span><\/strong><\/em><\/li>\n<li><em><strong><span class=\"pkw-oem__link\"><span style=\"color: #ff0000\">\u00a0 \u00a0 \u00a0 \u00a0 \u00a0 \u00a0 \u00a0 \u00a0 \u00a0 \u00a0 \u00a0 \u00a0 \u00a0 \u00a0 \u00a0 \u00a0 TOYOTA<\/span>\u00a0 <span style=\"color: #0000ff\">125036112\u00a0<\/span><\/span><\/strong><\/em><\/li>\n<\/ul>\n<h3><span style=\"color: #008000\">Prodhuesi Modeli Lloji Fuqia n\u00eb KW Viti i prodhimit<\/span><\/h3>\n<ul class=\"pkw-product-models js-ajax-product-compatibility\" data-car-type=\"\">\n<li class=\"pkw-product-maker__line pkw-product-models__line_active\" data-maker-id=\"111\"><span style=\"color: #ff0000\"><strong>TOYOTA<\/strong><\/span>\n<ul class=\"pkw-product-models__list\">\n<li class=\"pkw-product-models__product\"><span style=\"color: #993300\"><strong>TOYOTA Land Cruiser 40 SUV (J40, J50) ( 03.1969 &#8211; 10.1984 , 80 PS)<\/strong><\/span><\/li>\n<li class=\"pkw-product-models__product\"><span style=\"color: #993300\"><strong>3.0 D 4WD (BJ42, BJ40RV), 03.1969 &#8211; 10.1984, 2977 ccm, 80 PS<\/strong><\/span><\/li>\n<\/ul>\n<\/li>\n<\/ul>\n<h4><span style=\"color: #993366\">T\u00eb gjitha pjes\u00ebt n\u00eb nj\u00eb v\u00ebnd \u2013 Zgjidhni tuajat n\u00eb faqen ton\u00eb .<\/span><\/h4>\n","protected":false},"excerpt":{"rendered":"<h2><span style=\"color: #003366\">Disqe freksioni<\/span>\u00a0 \u00a0<span style=\"color: #800000\">80-02-213<\/span><\/h2>\n<h2><a href=\"https:\/\/www.antallaktikaonline.gr\/exartimaton-aftokiniton-kataskeuastes\/ashika\">\u00a0<img decoding=\"async\" class=\"pkw-product__image-brand\" title=\"A\u03bd\u03c4\u03b1\u03bb\u03bb\u03b1\u03ba\u03c4\u03b9\u03ba\u03ac, \u03c0\u03b5\u03c1\u03b9\u03c0\u03bf\u03af\u03b7\u03c3\u03b7 \u03b1\u03c5\u03c4\u03bf\u03ba\u03b9\u03bd\u03ae\u03c4\u03bf\u03c5 ASHIKA\" src=\"https:\/\/cdn.pkwteile.de\/brands\/thumbs\/10029.png?m=2&amp;ccf=89780148\" alt=\"ASHIKA A\u03bd\u03c4\u03b1\u03bb\u03bb\u03b1\u03ba\u03c4\u03b9\u03ba\u03ac, \u03a0\u03b5\u03c1\u03b9\u03c0\u03bf\u03af\u03b7\u03c3\u03b7 \u03b1\u03c5\u03c4\u03bf\u03ba\u03b9\u03bd\u03ae\u03c4\u03bf\u03c5 \u03b3\u03bd\u03ae\u03c3\u03b9\u03b1 \u03b1\u03bd\u03c4\u03b1\u03bb\u03bb\u03b1\u03ba\u03c4\u03b9\u03ba\u03ac\" \/><\/a><\/h2>\n<p><span style=\"color: #000080\"><strong>OEM: 31250-36081<\/strong><\/span><\/p>\n<p><span style=\"color: #800000\"><strong>EAM: 8033001258943<\/strong><\/span><\/p>\n<p><span style=\"color: #008000\"><strong><em>Disqe freksioni \u00d8:255x170mm Toyota Land Cruiser (_J4_) 3.0 D 4WD (BJ40_V) Viti.1969-1984<\/em><\/strong><\/span><\/p>\n<h4><span style=\"color: #000080\"><em>Gjithashtu ju rekomandojm\u00eb :<\/em><\/span><\/h4>\n<p><span style=\"color: #800080\"><strong>AISIN\u00a0 \u00a0 \u00a0 \u00a0 \u00a0 \u00a0 \u00a0 \u00a0 \u2116: DT-071<\/strong><\/span><\/p>\n<p><span style=\"color: #800080\"><strong>REMSA\u00a0 \u00a0 \u00a0 \u00a0 \u00a0 \u00a0 \u00a0\u2116: D36114<\/strong><\/span><\/p>\n<p><span style=\"color: #800080\"><strong>LUK\u00a0 \u00a0 \u00a0 \u00a0 \u00a0 \u00a0 \u00a0 \u00a0 \u00a0 \u00a0\u2116: 326 0003 60<\/strong><\/span><\/p>\n<p><span style=\"color: #800080\"><strong>EXEDY\u00a0 \u00a0 \u00a0 \u00a0 \u00a0 \u00a0 \u00a0 \u00a0\u2116: TYD012<\/strong><\/span><\/p>\n<p><span style=\"color: #800080\"><strong>HEPU\u00a0 \u00a0 \u00a0 \u00a0 \u00a0 \u00a0 \u00a0 \u00a0 \u00a0\u2116: J2202013<\/strong><\/span><\/p>\n<p><span style=\"color: #800080\"><strong>DAIKIN\u00a0 \u00a0 \u00a0 \u00a0 \u00a0 \u00a0 \u00a0 \u00a0\u2116: TYD012<\/strong><\/span><\/p>\n<p><span style=\"color: #800080\"><strong>HERTH+BUSS\u00a0 \u2116: J2202013<\/strong><\/span><\/p>\n<p><span style=\"color: #800080\"><strong>DAIKIN\u00a0 \u00a0 \u00a0 \u00a0 \u00a0 \u00a0 \u00a0 \u00a0\u2116: MCD-1213<\/strong><\/span><\/p>\n<p><span style=\"color: #800080\"><strong>IDP\u00a0 \u00a0 \u00a0 \u00a0 \u00a0 \u00a0 \u00a0 \u00a0 \u00a0 \u00a0 \u00a0 \u2116: 203-17010<\/strong><\/span><\/p>\n","protected":false},"featured_media":688,"comment_status":"open","ping_status":"closed","template":"","meta":[],"product_cat":[36,68,178,180,65],"product_tag":[],"class_list":["post-687","product","type-product","status-publish","has-post-thumbnail","hentry","product_cat-ashika","product_cat-daihatsu","product_cat-disqe-freksioni","product_cat-hino","product_cat-toyota"],"_links":{"self":[{"href":"https:\/\/autonardiexpress.com\/shop\/wp-json\/wp\/v2\/product\/687","targetHints":{"allow":["GET"]}}],"collection":[{"href":"https:\/\/autonardiexpress.com\/shop\/wp-json\/wp\/v2\/product"}],"about":[{"href":"https:\/\/autonardiexpress.com\/shop\/wp-json\/wp\/v2\/types\/product"}],"replies":[{"embeddable":true,"href":"https:\/\/autonardiexpress.com\/shop\/wp-json\/wp\/v2\/comments?post=687"}],"wp:featuredmedia":[{"embeddable":true,"href":"https:\/\/autonardiexpress.com\/shop\/wp-json\/wp\/v2\/media\/688"}],"wp:attachment":[{"href":"https:\/\/autonardiexpress.com\/shop\/wp-json\/wp\/v2\/media?parent=687"}],"wp:term":[{"taxonomy":"product_cat","embeddable":true,"href":"https:\/\/autonardiexpress.com\/shop\/wp-json\/wp\/v2\/product_cat?post=687"},{"taxonomy":"product_tag","embeddable":true,"href":"https:\/\/autonardiexpress.com\/shop\/wp-json\/wp\/v2\/product_tag?post=687"}],"curies":[{"name":"wp","href":"https:\/\/api.w.org\/{rel}","templated":true}]}}