{"id":680,"date":"2024-02-27T10:54:56","date_gmt":"2024-02-27T09:54:56","guid":{"rendered":"https:\/\/autonardiexpress.com\/shop\/?post_type=product&#038;p=680"},"modified":"2024-02-27T12:14:00","modified_gmt":"2024-02-27T11:14:00","slug":"disqe-freksioni","status":"publish","type":"product","link":"https:\/\/autonardiexpress.com\/shop\/produkt\/disqe-freksioni\/","title":{"rendered":"Disqe freksioni"},"content":{"rendered":"<h2><a href=\"https:\/\/www.antallaktikaonline.gr\/exartimaton-aftokiniton-kataskeuastes\/ashika\"><span style=\"color: #000080\">Disqe freksioni<\/span>\u00a0 \u00a0<span style=\"color: #800000\">80-0H-015<\/span>\u00a0 <img decoding=\"async\" class=\"pkw-product__image-brand\" title=\"A\u03bd\u03c4\u03b1\u03bb\u03bb\u03b1\u03ba\u03c4\u03b9\u03ba\u03ac, \u03c0\u03b5\u03c1\u03b9\u03c0\u03bf\u03af\u03b7\u03c3\u03b7 \u03b1\u03c5\u03c4\u03bf\u03ba\u03b9\u03bd\u03ae\u03c4\u03bf\u03c5 ASHIKA\" src=\"https:\/\/cdn.pkwteile.de\/brands\/thumbs\/10029.png?m=2&amp;ccf=89780148\" alt=\"ASHIKA A\u03bd\u03c4\u03b1\u03bb\u03bb\u03b1\u03ba\u03c4\u03b9\u03ba\u03ac, \u03a0\u03b5\u03c1\u03b9\u03c0\u03bf\u03af\u03b7\u03c3\u03b7 \u03b1\u03c5\u03c4\u03bf\u03ba\u03b9\u03bd\u03ae\u03c4\u03bf\u03c5 \u03b3\u03bd\u03ae\u03c3\u03b9\u03b1 \u03b1\u03bd\u03c4\u03b1\u03bb\u03bb\u03b1\u03ba\u03c4\u03b9\u03ba\u03ac\" \/><\/a><\/h2>\n<h2><span style=\"color: #333300\">\u0394\u03af\u03c3\u03ba\u03bf\u03c2 \u03c3\u03c5\u03bc\u03c0\u03bb\u03ad\u03ba\u03c4\u03b7<\/span><\/h2>\n<h2><span style=\"color: #333300\">Clutch disk<\/span><\/h2>\n<h2><span style=\"color: #333300\">Disco frizione<\/span><\/h2>\n<h3><span style=\"color: #993300\">T\u00eb ngjash\u00ebm me numrat\u00a0OEM\u00a0vet\u00ebm p\u00ebr krahasim<\/span><\/h3>\n<ul class=\"pkw-oem__ul\">\n<li><span style=\"color: #333399\"><strong>HYUNDAI, KIA\u00a0 \u00a041100-39295<\/strong><\/span><\/li>\n<li><span style=\"color: #333399\"><strong>HYUNDAI, KIA\u00a0 \u00a041100-39300<\/strong><\/span><\/li>\n<li><span style=\"color: #333399\"><strong><span class=\"pkw-oem__link\">SAIC-IVECO HONGYAN\u00a0 25HY043\u00a0<\/span><\/strong><\/span><\/li>\n<\/ul>\n<h3><span style=\"color: #800080\">Prodhuesi Modeli Lloji Fuqia n\u00eb KW Viti i prodhimit\u00a0<\/span><\/h3>\n<ul class=\"pkw-product-models__list\">\n<li class=\"pkw-product-models__product\"><span style=\"color: #800000\"><b class=\"button_dropdown_list active loaded\" data-maker=\"183\" data-model=\"5157\" data-prod=\"10221904\">HYUNDAI Tucson (JM) ( 07.2004 &#8211; 03.2010 , 113 PS)<\/b><\/span>\n<ul class=\"pkw-product-models__product_dropdown\">\n<li class=\"pkw-product-models__product_dropdown_item\"><span style=\"color: #800000\">2.0 CRDi, 4 rrotat aktive 07.2004 &#8211; 03.2010, 1991 ccm, 113 PS<\/span><\/li>\n<li class=\"pkw-product-models__product_dropdown_item\"><span style=\"color: #800000\">2.0 CRDi 4 rrotat aktive 08.2004 &#8211; 03.2010, 1991 ccm, 113 PS<\/span><\/li>\n<li class=\"pkw-product-models__product_dropdown_item\"><span style=\"color: #800000\"><b class=\"button_dropdown_list active loaded\" data-maker=\"184\" data-model=\"5394\" data-prod=\"10221904\"><i class=\"icon arrow\"><\/i><span style=\"color: #003300\">KIA Sportage II (JE, KM) ( 02.2005 &#8211; &#8230; , 113 PS)<\/span><\/b><\/span><\/li>\n<li class=\"pkw-product-models__product_dropdown_item\"><span style=\"color: #003300\">2.0 CRDi, 4 rrotat aktive 02.2005 &#8211; &#8230;, 1991 ccm, 113 PS<\/span><\/li>\n<\/ul>\n<\/li>\n<\/ul>\n<h4><span style=\"color: #339966\">T\u00eb gjitha pjes\u00ebt n\u00eb nj\u00eb v\u00ebnd \u2013 Zgjidhni tuajat n\u00eb faqen ton\u00eb .<\/span><\/h4>\n","protected":false},"excerpt":{"rendered":"<h2><a href=\"https:\/\/www.antallaktikaonline.gr\/exartimaton-aftokiniton-kataskeuastes\/ashika\"><span style=\"color: #000080\">Disqe freksioni<\/span>\u00a0 \u00a0<span style=\"color: #800000\">80-0H-015<\/span>\u00a0 <img decoding=\"async\" class=\"pkw-product__image-brand\" title=\"A\u03bd\u03c4\u03b1\u03bb\u03bb\u03b1\u03ba\u03c4\u03b9\u03ba\u03ac, \u03c0\u03b5\u03c1\u03b9\u03c0\u03bf\u03af\u03b7\u03c3\u03b7 \u03b1\u03c5\u03c4\u03bf\u03ba\u03b9\u03bd\u03ae\u03c4\u03bf\u03c5 ASHIKA\" src=\"https:\/\/cdn.pkwteile.de\/brands\/thumbs\/10029.png?m=2&amp;ccf=89780148\" alt=\"ASHIKA A\u03bd\u03c4\u03b1\u03bb\u03bb\u03b1\u03ba\u03c4\u03b9\u03ba\u03ac, \u03a0\u03b5\u03c1\u03b9\u03c0\u03bf\u03af\u03b7\u03c3\u03b7 \u03b1\u03c5\u03c4\u03bf\u03ba\u03b9\u03bd\u03ae\u03c4\u03bf\u03c5 \u03b3\u03bd\u03ae\u03c3\u03b9\u03b1 \u03b1\u03bd\u03c4\u03b1\u03bb\u03bb\u03b1\u03ba\u03c4\u03b9\u03ba\u03ac\" \/><\/a><\/h2>\n<p><span style=\"color: #003300\"><strong>OEM: 41100-39295<\/strong><\/span><\/p>\n<p><span style=\"color: #800000\"><strong>EAM: 8033001257809<\/strong><\/span><\/p>\n<p><span style=\"color: #0000ff\"><strong>Disqe freksioni \u00d8:236x155mm\u00a0 Hyundai\u00a0 Tucson\u00a0 (JM) 2.0 CRDi\u00a0 &amp;\u00a0 Kia Sportage II (JE, KM) 2.0 CRDi\u00a0 4 rrotat\u00a0 aktive\u00a0 Viti .2000-2008<\/strong><\/span><\/p>\n<div class=\"related-products-box__item\"><span style=\"color: #000080\"><em><strong><span class=\"image\">MDR<\/span><span class=\"atr\">\u00a0 \u00a0 \u00a0 \u00a0 \u00a0 \u00a0 \u00a0 \u00a0 \u00a0 \u00a0\u2116: MCD-1H15<\/span><\/strong><\/em><\/span><\/div>\n<div class=\"related-products-box__item\"><span style=\"color: #000080\"><em><strong><span class=\"image\">ABS\u00a0 \u00a0 \u00a0 \u00a0 \u00a0 \u00a0 \u00a0 \u00a0 \u00a0 \u00a0 <\/span><span class=\"atr\">\u2116: I350-42<\/span><\/strong><\/em><\/span><\/div>\n<div class=\"related-products-box__item\"><span style=\"color: #000080\"><em><strong><span class=\"image\">HERTH+BUSS\u00a0 <\/span><span class=\"atr\">\u2116: J2200537<\/span><\/strong><\/em><\/span><\/div>\n<div class=\"related-products-box__item\"><span style=\"color: #000080\"><em><strong><span class=\"atr\">BLUE PRINT\u00a0 \u00a0 \u00a0 <\/span><span class=\"atr\">\u2116: 25HY043<\/span><\/strong><\/em><\/span><\/div>\n<div class=\"related-products-box__item\"><span style=\"color: #000080\"><em><strong><span class=\"atr\">IDP\u00a0 \u00a0 \u00a0 \u00a0 \u00a0 \u00a0 \u00a0 \u00a0 \u00a0 \u00a0 \u00a0 \u2116: 203-07000<\/span><\/strong><\/em><\/span><\/div>\n<div class=\"related-products-box__item\"><span style=\"color: #000080\"><em><strong><span class=\"image\">JAPANPARTS\u00a0 \u00a0 <\/span><span class=\"atr\">\u2116: DF-H15<\/span><\/strong><\/em><\/span><\/div>\n<div><span style=\"color: #000080\"><em><strong><span class=\"atr\">INTER CARS\u00a0 \u00a0 \u00a0 \u2116: 07-00203-SX<\/span><\/strong><\/em><\/span><\/div>\n","protected":false},"featured_media":681,"comment_status":"open","ping_status":"closed","template":"","meta":[],"product_cat":[36,178,87,57],"product_tag":[],"class_list":["post-680","product","type-product","status-publish","has-post-thumbnail","hentry","product_cat-ashika","product_cat-disqe-freksioni","product_cat-hyundai","product_cat-kia"],"_links":{"self":[{"href":"https:\/\/autonardiexpress.com\/shop\/wp-json\/wp\/v2\/product\/680","targetHints":{"allow":["GET"]}}],"collection":[{"href":"https:\/\/autonardiexpress.com\/shop\/wp-json\/wp\/v2\/product"}],"about":[{"href":"https:\/\/autonardiexpress.com\/shop\/wp-json\/wp\/v2\/types\/product"}],"replies":[{"embeddable":true,"href":"https:\/\/autonardiexpress.com\/shop\/wp-json\/wp\/v2\/comments?post=680"}],"wp:featuredmedia":[{"embeddable":true,"href":"https:\/\/autonardiexpress.com\/shop\/wp-json\/wp\/v2\/media\/681"}],"wp:attachment":[{"href":"https:\/\/autonardiexpress.com\/shop\/wp-json\/wp\/v2\/media?parent=680"}],"wp:term":[{"taxonomy":"product_cat","embeddable":true,"href":"https:\/\/autonardiexpress.com\/shop\/wp-json\/wp\/v2\/product_cat?post=680"},{"taxonomy":"product_tag","embeddable":true,"href":"https:\/\/autonardiexpress.com\/shop\/wp-json\/wp\/v2\/product_tag?post=680"}],"curies":[{"name":"wp","href":"https:\/\/api.w.org\/{rel}","templated":true}]}}