{"id":678,"date":"2024-02-23T15:07:38","date_gmt":"2024-02-23T14:07:38","guid":{"rendered":"https:\/\/autonardiexpress.com\/shop\/?post_type=product&#038;p=678"},"modified":"2024-03-08T12:10:52","modified_gmt":"2024-03-08T11:10:52","slug":"guanicion-testate-16","status":"publish","type":"product","link":"https:\/\/autonardiexpress.com\/shop\/produkt\/guanicion-testate-16\/","title":{"rendered":"Guanicion testate"},"content":{"rendered":"<h3><span style=\"color: #003300\">Gasket\u00a0 cylinder head\u00a0<\/span> \u00a0\u00a0<span style=\"color: #800000\">\u2116:<\/span> <span class=\"highlight\"><span style=\"color: #0000ff\">10191520<\/span>\u00a0 <img loading=\"lazy\" decoding=\"async\" class=\"brand_image lazyloaded\" title=\"\u039c\u03ac\u03c1\u03ba\u03b1\" src=\"https:\/\/cdn.pkwteile.de\/brands\/thumbs\/147.png?m=2&amp;ccf=15381741\" alt=\"AJUSA \u03a6\u03bb\u03ac\u03bd\u03c4\u03b6\u03b1, \u03ba\u03b5\u03c6\u03b1\u03bb\u03ae \u03ba\u03c5\u03bb\u03af\u03bd\u03b4\u03c1\u03bf\u03c5 \u0391\u03c1\u03b9\u03b8\u03bc\u03cc\u03c2 \u03c0\u03c1\u03bf\u03ca\u03cc\u03bd\u03c4\u03bf\u03c2 10026410\" width=\"164\" height=\"67\" data-srcset=\"https:\/\/cdn.pkwteile.de\/brands\/thumbs\/147.png?m=2&amp;ccf=15381741\" \/>\u00a0 \u00a0 \u00a0<\/span><\/h3>\n<h3><span style=\"color: #003300\">\u03a6\u03bb\u03ac\u03bd\u03c4\u03b6\u03b1 \u03ba\u03b5\u03c6\u03b1\u03bb\u03ae \u03ba\u03c5\u03bb\u03af\u03bd\u03b4\u03c1\u03bf\u03c5<\/span><\/h3>\n<h3><span style=\"color: #003300\">Guarnizione testata<\/span><\/h3>\n<h3><span style=\"color: #800080\">T\u00eb ngjash\u00ebm me numrat\u00a0OEM\u00a0vet\u00ebm p\u00ebr krahasim<\/span><\/h3>\n<p><span style=\"color: #993300\"><strong>HYUNDAI\u00a0 22311-27870<\/strong><\/span><\/p>\n<h3><span style=\"color: #000080\">Prodhuesi Modeli Lloji Fuqia n\u00eb KW Viti i prodhimit\u00a0<\/span><\/h3>\n<ul class=\"pkw-product-models__list\">\n<li class=\"pkw-product-models__product\"><span style=\"color: #003366\"><strong>HYUNDAI Grandeur (TG) ( 06.2006 &#8211; 12.2011 , 150 &#8211; 155 PS)<\/strong><\/span>\n<ul class=\"pkw-product-models__product_dropdown\">\n<li class=\"pkw-product-models__product_dropdown_item\"><span style=\"color: #003366\"><strong>2.2 CRDi, 06.2006 &#8211; 12.2011, 2188 ccm, 150 PS<\/strong><\/span><\/li>\n<li class=\"pkw-product-models__product_dropdown_item\"><span style=\"color: #003366\"><strong>2.2 CRDi, 06.2006 &#8211; 10.2010, 2188 ccm, 155 PS<\/strong><\/span><\/li>\n<li class=\"pkw-product-models__product\"><span style=\"color: #993300\"><strong>HYUNDAI Santa Fe II (CM) ( 03.2006 &#8211; 12.2012 , 139 &#8211; 200 PS)<\/strong><\/span>\n<ul class=\"pkw-product-models__product_dropdown\">\n<li class=\"pkw-product-models__product_dropdown_item\"><span style=\"color: #993300\"><strong>2.2 CRDi, 03.2006 &#8211; 12.2012, 2188 ccm, 139 PS<\/strong><\/span><\/li>\n<li class=\"pkw-product-models__product_dropdown_item\"><span style=\"color: #993300\"><strong>2.2 CRDi, 03.2006 &#8211; 12.2009, 2188 ccm, 155 PS<\/strong><\/span><\/li>\n<li class=\"pkw-product-models__product_dropdown_item\"><span style=\"color: #993300\"><strong>2.2 CRDi, 01.2009 &#8211; 12.2012, 2199 ccm, 197 PS<\/strong><\/span><\/li>\n<li class=\"pkw-product-models__product_dropdown_item\"><span style=\"color: #993300\"><strong>2.2 CRDi, 01.2009 &#8211; 12.2010, 2199 ccm, 200 PS<\/strong><\/span><\/li>\n<li class=\"pkw-product-models__product_dropdown_item\"><span style=\"color: #993300\"><strong>2.2 CRDi 4&#215;4, 03.2006 &#8211; 12.2012, 2188 ccm, 139 PS<\/strong><\/span><\/li>\n<li class=\"pkw-product-models__product_dropdown_item\"><span style=\"color: #993300\"><strong>2.2 CRDi 4&#215;4, 03.2006 &#8211; 12.2009, 2188 ccm, 155 PS<\/strong><\/span><\/li>\n<li class=\"pkw-product-models__product_dropdown_item\"><span style=\"color: #993300\"><strong>2.2 CRDi 4&#215;4, 01.2009 &#8211; 12.2012, 2199 ccm, 197 PS<\/strong><\/span><\/li>\n<li class=\"pkw-product-models__product_dropdown_item\"><span style=\"color: #993300\"><strong>2.2 CRDi 4&#215;4, 01.2009 &#8211; 12.2012, 2199 ccm, 200 PS<\/strong><\/span><\/li>\n<li class=\"pkw-product-models__product_dropdown_item\"><span style=\"color: #993300\"><strong>2.2 CRDi GLS, 03.2006 &#8211; 12.2009, 2188 ccm, 150 PS<\/strong><\/span><\/li>\n<li class=\"pkw-product-models__product_dropdown_item\"><span style=\"color: #993300\"><strong>2.2 CRDi GLS 4&#215;4, 03.2006 &#8211; 12.2009, 2188 ccm, 150 PS<\/strong><\/span><\/li>\n<\/ul>\n<\/li>\n<\/ul>\n<\/li>\n<\/ul>\n<h4><span style=\"color: #0000ff\">T\u00eb gjitha pjes\u00ebt n\u00eb nj\u00eb v\u00ebnd \u2013 Zgjidhni tuajat n\u00eb faqen ton\u00eb .<\/span><\/h4>\n","protected":false},"excerpt":{"rendered":"<h3><span style=\"color: #800000\">Guanicion testate<\/span>\u00a0\u00a0<span style=\"color: #ff6600\">\u2116: <\/span><span class=\"highlight\" style=\"color: #000080\">10191520<\/span><\/h3>\n<h3><span class=\"highlight\">\u00a0<img loading=\"lazy\" decoding=\"async\" class=\"brand_image lazyloaded\" title=\"\u039c\u03ac\u03c1\u03ba\u03b1\" src=\"https:\/\/cdn.pkwteile.de\/brands\/thumbs\/147.png?m=2&amp;ccf=15381741\" alt=\"AJUSA \u03a6\u03bb\u03ac\u03bd\u03c4\u03b6\u03b1, \u03ba\u03b5\u03c6\u03b1\u03bb\u03ae \u03ba\u03c5\u03bb\u03af\u03bd\u03b4\u03c1\u03bf\u03c5 \u0391\u03c1\u03b9\u03b8\u03bc\u03cc\u03c2 \u03c0\u03c1\u03bf\u03ca\u03cc\u03bd\u03c4\u03bf\u03c2 10026410\" width=\"164\" height=\"67\" data-srcset=\"https:\/\/cdn.pkwteile.de\/brands\/thumbs\/147.png?m=2&amp;ccf=15381741\" \/>\u00a0 \u00a0<\/span><\/h3>\n<p><span style=\"color: #ff6600\"><strong>OEM : 22311-27870<\/strong><\/span><\/p>\n<p><span style=\"color: #000080\"><strong>EAN : 8433577024186<\/strong><\/span><\/p>\n<p><span style=\"color: #808000\"><strong>Replacement numbers<\/strong><\/span><\/p>\n<ul>\n<li><span style=\"color: #008000\"><strong>\u2116: HGHD408701D\u00a0 \u00a0 ARCO\u00a0<\/strong><\/span><\/li>\n<li><span style=\"color: #008000\"><strong>\u2116: 46-0H-H01C\u00a0 \u00a0 \u00a0 \u00a0 ASHIKA<\/strong><\/span><\/li>\n<li><span style=\"color: #008000\"><strong>\u2116: 83403109\u00a0 \u00a0 \u00a0 \u00a0 CORTECO\u00a0<\/strong><\/span><\/li>\n<li><span style=\"color: #008000\"><strong>\u2116: 451.530\u00a0 \u00a0 \u00a0 \u00a0 \u00a0 \u00a0ELRING\u00a0 <\/strong><\/span><\/li>\n<li><span style=\"color: #008000\"><strong>\u2116: HG2167B\u00a0 \u00a0 \u00a0 \u00a0 FAI<\/strong><\/span><\/li>\n<li><span style=\"color: #008000\"><strong>\u2116: H40769-20\u00a0 \u00a0 \u00a0 GLASER<\/strong><\/span><\/li>\n<li><span style=\"color: #008000\"><strong>\u2116: J1250560\u00a0 \u00a0 HERTH+BUSS JAKOPARTS<\/strong><\/span><\/li>\n<\/ul>\n","protected":false},"featured_media":691,"comment_status":"open","ping_status":"closed","template":"","meta":[],"product_cat":[34,94,87],"product_tag":[],"class_list":["post-678","product","type-product","status-publish","has-post-thumbnail","hentry","product_cat-ajusa","product_cat-guanicion-testate","product_cat-hyundai"],"_links":{"self":[{"href":"https:\/\/autonardiexpress.com\/shop\/wp-json\/wp\/v2\/product\/678","targetHints":{"allow":["GET"]}}],"collection":[{"href":"https:\/\/autonardiexpress.com\/shop\/wp-json\/wp\/v2\/product"}],"about":[{"href":"https:\/\/autonardiexpress.com\/shop\/wp-json\/wp\/v2\/types\/product"}],"replies":[{"embeddable":true,"href":"https:\/\/autonardiexpress.com\/shop\/wp-json\/wp\/v2\/comments?post=678"}],"wp:featuredmedia":[{"embeddable":true,"href":"https:\/\/autonardiexpress.com\/shop\/wp-json\/wp\/v2\/media\/691"}],"wp:attachment":[{"href":"https:\/\/autonardiexpress.com\/shop\/wp-json\/wp\/v2\/media?parent=678"}],"wp:term":[{"taxonomy":"product_cat","embeddable":true,"href":"https:\/\/autonardiexpress.com\/shop\/wp-json\/wp\/v2\/product_cat?post=678"},{"taxonomy":"product_tag","embeddable":true,"href":"https:\/\/autonardiexpress.com\/shop\/wp-json\/wp\/v2\/product_tag?post=678"}],"curies":[{"name":"wp","href":"https:\/\/api.w.org\/{rel}","templated":true}]}}