{"id":676,"date":"2024-02-23T10:16:11","date_gmt":"2024-02-23T09:16:11","guid":{"rendered":"https:\/\/autonardiexpress.com\/shop\/?post_type=product&#038;p=676"},"modified":"2024-02-23T11:27:58","modified_gmt":"2024-02-23T10:27:58","slug":"guanicion-testate-15","status":"publish","type":"product","link":"https:\/\/autonardiexpress.com\/shop\/produkt\/guanicion-testate-15\/","title":{"rendered":"Guanicion testate"},"content":{"rendered":"<h3><span style=\"color: #008000\">Gasket\u00a0 cylinder\u00a0 head<\/span>\u00a0 \u00a0 <span style=\"color: #ff0000\">\u2116:<\/span> \u00a0<span class=\"highlight\"><span style=\"color: #0000ff\">10159100\u00a0<\/span> <img loading=\"lazy\" decoding=\"async\" class=\"brand_image lazyloaded\" title=\"\u039c\u03ac\u03c1\u03ba\u03b1\" src=\"https:\/\/cdn.pkwteile.de\/brands\/thumbs\/147.png?m=2&amp;ccf=15381741\" alt=\"AJUSA \u03a6\u03bb\u03ac\u03bd\u03c4\u03b6\u03b1, \u03ba\u03b5\u03c6\u03b1\u03bb\u03ae \u03ba\u03c5\u03bb\u03af\u03bd\u03b4\u03c1\u03bf\u03c5 \u0391\u03c1\u03b9\u03b8\u03bc\u03cc\u03c2 \u03c0\u03c1\u03bf\u03ca\u03cc\u03bd\u03c4\u03bf\u03c2 10026410\" width=\"164\" height=\"67\" data-srcset=\"https:\/\/cdn.pkwteile.de\/brands\/thumbs\/147.png?m=2&amp;ccf=15381741\" \/>\u00a0 \u00a0 \u00a0<\/span><\/h3>\n<h3><span style=\"color: #008000\">\u03a6\u03bb\u03ac\u03bd\u03c4\u03b6\u03b1 \u03ba\u03b5\u03c6\u03b1\u03bb\u03ae \u03ba\u03c5\u03bb\u03af\u03bd\u03b4\u03c1\u03bf\u03c5<\/span><\/h3>\n<h3><span style=\"color: #008000\">Guarnizione testata<\/span><\/h3>\n<h3><span style=\"color: #003366\">T\u00eb ngjash\u00ebm me numrat\u00a0OEM\u00a0vet\u00ebm p\u00ebr krahasim<\/span><\/h3>\n<ul class=\"pkw-oem__ul\">\n<li><span style=\"color: #800000\"><strong><span class=\"pkw-oem__link\">MITSUBISHI &#8211; MD365936<\/span><\/strong><\/span><\/li>\n<li><span style=\"color: #800000\"><strong>MITSUBISHI &#8211; MD365937<\/strong><\/span><\/li>\n<li><span style=\"color: #800000\"><strong>MITSUBISHI &#8211; MD367277<\/strong><\/span><\/li>\n<\/ul>\n<h3><span style=\"color: #0000ff\">Prodhuesi Modeli Lloji Fuqia n\u00eb KW Viti i prodhimit\u00a0<\/span><\/h3>\n<ul class=\"pkw-product-models__list\">\n<li class=\"pkw-product-models__product\"><span style=\"color: #800080\"><b class=\"button_dropdown_list\" data-maker=\"77\" data-model=\"1897\" data-prod=\"7245424\">MITSUBISHI Galant VIII Sedan (EA_) ( 01.1997 &#8211; 10.2004 , 146 PS)<\/b><\/span><\/li>\n<li class=\"pkw-product-models__product\"><span style=\"color: #800080\"><b class=\"button_dropdown_list\" data-maker=\"77\" data-model=\"4453\" data-prod=\"7245424\"><i class=\"icon arrow\"><\/i>MITSUBISHI Pajero Pinin (V60) ( 10.1999 &#8211; 06.2007 , 114 &#8211; 131 PS)<\/b><\/span><\/li>\n<\/ul>\n<h4><span style=\"color: #000080\">T\u00eb gjitha pjes\u00ebt n\u00eb nj\u00eb v\u00ebnd \u2013 Zgjidhni tuajat n\u00eb faqen ton\u00eb .<\/span><\/h4>\n","protected":false},"excerpt":{"rendered":"<h3><span style=\"color: #993300\">Guanicion testate<\/span>\u00a0\u00a0<span style=\"color: #ff0000\">\u2116:<\/span>\u00a0<span class=\"highlight\"><span style=\"color: #0000ff\">10159100<\/span><\/span><\/h3>\n<h3><span class=\"highlight\">\u00a0<img loading=\"lazy\" decoding=\"async\" class=\"brand_image lazyloaded\" title=\"\u039c\u03ac\u03c1\u03ba\u03b1\" src=\"https:\/\/cdn.pkwteile.de\/brands\/thumbs\/147.png?m=2&amp;ccf=15381741\" alt=\"AJUSA \u03a6\u03bb\u03ac\u03bd\u03c4\u03b6\u03b1, \u03ba\u03b5\u03c6\u03b1\u03bb\u03ae \u03ba\u03c5\u03bb\u03af\u03bd\u03b4\u03c1\u03bf\u03c5 \u0391\u03c1\u03b9\u03b8\u03bc\u03cc\u03c2 \u03c0\u03c1\u03bf\u03ca\u03cc\u03bd\u03c4\u03bf\u03c2 10026410\" width=\"164\" height=\"67\" data-srcset=\"https:\/\/cdn.pkwteile.de\/brands\/thumbs\/147.png?m=2&amp;ccf=15381741\" \/>\u00a0 \u00a0<\/span><\/h3>\n<p><span style=\"color: #000080\"><strong>OEM : MD365937<\/strong><\/span><\/p>\n<p><span style=\"color: #000080\"><strong>OEM : MD367277<\/strong><\/span><\/p>\n<p><span style=\"color: #800000\"><strong>EAN : 8427769755668<\/strong><\/span><\/p>\n<p><span style=\"color: #333300\"><strong>Replacement numbers<\/strong><\/span><\/p>\n<ul class=\"refnumbers__list\">\n<li class=\"refnumbers__item\"><span style=\"color: #008000\"><strong>\u2116: 343.460 \u00a0 \u00a0 \u00a0 \u00a0<span class=\"refnumbers__manufacturer\">ERLING<\/span><\/strong><\/span><\/li>\n<li class=\"refnumbers__item\"><span style=\"color: #008000\"><strong>\u2116: 21529\/9500 \u00a0<span class=\"refnumbers__manufacturer\">SPESSO<\/span><\/strong><\/span><\/li>\n<li class=\"refnumbers__item\"><span style=\"color: #008000\"><strong>\u2116: AG7700 \u00a0 \u00a0 \u00a0 \u00a0<span class=\"refnumbers__manufacturer\">PAYEN<\/span><\/strong><\/span><\/li>\n<li><span style=\"color: #008000\"><strong>\u2116: CH1542\u00a0 \u00a0 \u00a0 \u00a0 \u00a0BGA<\/strong><\/span><\/li>\n<\/ul>\n","protected":false},"featured_media":677,"comment_status":"open","ping_status":"closed","template":"","meta":[],"product_cat":[34,94,56],"product_tag":[],"class_list":["post-676","product","type-product","status-publish","has-post-thumbnail","hentry","product_cat-ajusa","product_cat-guanicion-testate","product_cat-mitsubishi"],"_links":{"self":[{"href":"https:\/\/autonardiexpress.com\/shop\/wp-json\/wp\/v2\/product\/676","targetHints":{"allow":["GET"]}}],"collection":[{"href":"https:\/\/autonardiexpress.com\/shop\/wp-json\/wp\/v2\/product"}],"about":[{"href":"https:\/\/autonardiexpress.com\/shop\/wp-json\/wp\/v2\/types\/product"}],"replies":[{"embeddable":true,"href":"https:\/\/autonardiexpress.com\/shop\/wp-json\/wp\/v2\/comments?post=676"}],"wp:featuredmedia":[{"embeddable":true,"href":"https:\/\/autonardiexpress.com\/shop\/wp-json\/wp\/v2\/media\/677"}],"wp:attachment":[{"href":"https:\/\/autonardiexpress.com\/shop\/wp-json\/wp\/v2\/media?parent=676"}],"wp:term":[{"taxonomy":"product_cat","embeddable":true,"href":"https:\/\/autonardiexpress.com\/shop\/wp-json\/wp\/v2\/product_cat?post=676"},{"taxonomy":"product_tag","embeddable":true,"href":"https:\/\/autonardiexpress.com\/shop\/wp-json\/wp\/v2\/product_tag?post=676"}],"curies":[{"name":"wp","href":"https:\/\/api.w.org\/{rel}","templated":true}]}}