{"id":663,"date":"2024-01-11T14:45:27","date_gmt":"2024-01-11T13:45:27","guid":{"rendered":"https:\/\/autonardiexpress.com\/shop\/?post_type=product&#038;p=663"},"modified":"2024-01-11T16:21:55","modified_gmt":"2024-01-11T15:21:55","slug":"volant-motorri","status":"publish","type":"product","link":"https:\/\/autonardiexpress.com\/shop\/produkt\/volant-motorri\/","title":{"rendered":"Volant motorri"},"content":{"rendered":"<h1><a href=\"https:\/\/www.antallaktikaonline.gr\/exartimaton-aftokiniton-kataskeuastes\/luk\"><span style=\"color: #800000\">Volant motorri<\/span>\u00a0 \u00a0 <img decoding=\"async\" class=\"pkw-product__image-brand\" title=\"A\u03bd\u03c4\u03b1\u03bb\u03bb\u03b1\u03ba\u03c4\u03b9\u03ba\u03ac, \u03c0\u03b5\u03c1\u03b9\u03c0\u03bf\u03af\u03b7\u03c3\u03b7 \u03b1\u03c5\u03c4\u03bf\u03ba\u03b9\u03bd\u03ae\u03c4\u03bf\u03c5, \u03b5\u03c1\u03b3\u03b1\u03bb\u03b5\u03af\u03b1 LuK\" src=\"https:\/\/cdn.pkwteile.de\/brands\/thumbs\/6.png?m=2&amp;ccf=98708966\" alt=\"LuK A\u03bd\u03c4\u03b1\u03bb\u03bb\u03b1\u03ba\u03c4\u03b9\u03ba\u03ac, \u03a0\u03b5\u03c1\u03b9\u03c0\u03bf\u03af\u03b7\u03c3\u03b7 \u03b1\u03c5\u03c4\u03bf\u03ba\u03b9\u03bd\u03ae\u03c4\u03bf\u03c5, \u0395\u03c1\u03b3\u03b1\u03bb\u03b5\u03af\u03b1 \u03b3\u03bd\u03ae\u03c3\u03b9\u03b1 \u03b1\u03bd\u03c4\u03b1\u03bb\u03bb\u03b1\u03ba\u03c4\u03b9\u03ba\u03ac\" \/><\/a><\/h1>\n<h1><span style=\"color: #000080\"><span style=\"color: #ff0000\">Kodi LuK<\/span> 415 0562 10<\/span><\/h1>\n<h1><span style=\"color: #993300\">\u0392\u03bf\u03bb\u03ac\u03bd \u03b4\u03b9\u03c0\u03bb\u03b7\u03c3 \u03bc\u03ac\u03b6\u03b1\u03c3<\/span><\/h1>\n<h1><span style=\"color: #993300\">Dual mass flywheel<\/span><\/h1>\n<h1><span style=\"color: #993300\">Volano bimassa<\/span><\/h1>\n<h3 class=\"pkw-product__rating\" data-rating=\"8\"><span style=\"color: #003300\">T\u00eb ngjash\u00ebm me numrat OEM vet\u00ebm p\u00ebr krahasim<\/span><\/h3>\n<ul class=\"pkw-oem__ul\">\n<li><strong><span style=\"color: #800080\">FORD\u00a0 \u00a01731726<\/span><\/strong><\/li>\n<li><strong><span style=\"color: #800080\">FORD\u00a0 \u00a01734638<\/span><\/strong><\/li>\n<li><strong><span style=\"color: #800080\">FORD\u00a0 \u00a01802927<\/span><\/strong><\/li>\n<li><strong><span style=\"color: #800080\">FORD\u00a0 \u00a01857693<\/span><\/strong><\/li>\n<li><strong><span style=\"color: #800080\">FORD\u00a0 \u00a02224526<\/span><\/strong><\/li>\n<li><strong><span class=\"pkw-oem__link\" style=\"color: #800080\">FORD\u00a0 \u00a0BK216477CA<\/span><\/strong><\/li>\n<li><strong><span style=\"color: #800080\">FORD\u00a0 \u00a0BK21 6477 CB<\/span><\/strong><\/li>\n<li><strong><span style=\"color: #800080\">FORD\u00a0 \u00a0BK21 6477 CC<\/span><\/strong><\/li>\n<li><strong><span style=\"color: #800080\">FORD\u00a0 \u00a0BK21 6477 CD<\/span><\/strong><\/li>\n<li><strong><span style=\"color: #800080\">FORD\u00a0 \u00a0BK21 6477 CE<\/span><\/strong><\/li>\n<\/ul>\n<h4><span style=\"font-weight: 400;color: #008000\">Prodhuesi ,Modeli ,Lloji ,Fuqia n\u00eb KW Viti i prodhimit<\/span><\/h4>\n<ol class=\"pkw-product-models__list\">\n<li class=\"pkw-product-models__product\"><span style=\"color: #800000\"><b class=\"button_dropdown_list\" data-maker=\"36\" data-model=\"5571\" data-prod=\"7627138\">FORD Transit Mk6 Microbus (V347, V348) ( 10.2007 &#8211; 08.2014 , 100 &#8211; 140 PS)<\/b><\/span><\/li>\n<li class=\"pkw-product-models__product\"><span style=\"color: #800000\"><b class=\"button_dropdown_list\" data-maker=\"36\" data-model=\"5572\" data-prod=\"7627138\"><i class=\"icon arrow\"><\/i>FORD Transit Mk6 Van (V347, V348) ( 10.2007 &#8211; 08.2014 , 100 &#8211; 140 PS)<\/b><\/span><\/li>\n<li class=\"pkw-product-models__product\"><span style=\"color: #800000\"><b class=\"button_dropdown_list\" data-maker=\"36\" data-model=\"5573\" data-prod=\"7627138\"><i class=\"icon arrow\"><\/i>FORD Transit Mk6 Kamioncine (V347, V348) ( 10.2011 &#8211; 08.2014 , 100 &#8211; 125 PS)<\/b><\/span><\/li>\n<li class=\"pkw-product-models__product\"><span style=\"color: #800000\"><b class=\"button_dropdown_list\" data-maker=\"36\" data-model=\"5574\" data-prod=\"7627138\"><i class=\"icon arrow\"><\/i>FORD Transit Mk6 Tourneo ( 10.2007 &#8211; 08.2014 , 125 &#8211; 140 PS)<\/b><\/span><\/li>\n<li class=\"pkw-product-models__product\"><span style=\"color: #800000\"><b class=\"button_dropdown_list\" data-maker=\"36\" data-model=\"11094\" data-prod=\"7627138\"><i class=\"icon arrow\"><\/i>FORD Tourneo Custom V362 Microbus (F3) ( 04.2012 &#8211; &#8230; , 100 &#8211; 155 PS)<\/b><\/span><\/li>\n<li class=\"pkw-product-models__product\"><span style=\"color: #800000\"><b class=\"button_dropdown_list\" data-maker=\"36\" data-model=\"11095\" data-prod=\"7627138\"><i class=\"icon arrow\"><\/i>FORD Transit Custom V362 Van (FY, FZ) ( 09.2012 &#8211; &#8230; , 100 &#8211; 155 PS)<\/b><\/span><\/li>\n<li class=\"pkw-product-models__product\"><span style=\"color: #800000\"><b class=\"button_dropdown_list\" data-maker=\"36\" data-model=\"11096\" data-prod=\"7627138\"><i class=\"icon arrow\"><\/i>FORD Transit Custom V362 Microbus (F3) ( 04.2012 &#8211; &#8230; , 100 &#8211; 155 PS)<\/b><\/span><\/li>\n<li class=\"pkw-product-models__product\"><span style=\"color: #800000\"><b class=\"button_dropdown_list\" data-maker=\"36\" data-model=\"11952\" data-prod=\"7627138\"><i class=\"icon arrow\"><\/i>FORD Transit V363 Microbus (FAD, FBD) ( 08.2013 &#8211; &#8230; , 100 &#8211; 155 PS)<\/b><\/span><\/li>\n<li class=\"pkw-product-models__product\"><span style=\"color: #800000\"><b class=\"button_dropdown_list\" data-maker=\"36\" data-model=\"11953\" data-prod=\"7627138\"><i class=\"icon arrow\"><\/i>FORD Transit V363 Van (FCD, FDD) ( 08.2013 &#8211; &#8230; , 100 &#8211; 155 PS)<\/b><\/span><\/li>\n<li class=\"pkw-product-models__product\"><span style=\"color: #800000\"><b class=\"button_dropdown_list loaded\" data-maker=\"36\" data-model=\"11954\" data-prod=\"7627138\"><i class=\"icon arrow\"><\/i>FORD Transit V363 <b class=\"button_dropdown_list\" data-maker=\"36\" data-model=\"5573\" data-prod=\"7627138\">Kamioncine<\/b> (FED, FFD) ( 08.2013 &#8211; &#8230; , 100 &#8211; 155 PS)<\/b><\/span><\/li>\n<li class=\"pkw-product-models__product_dropdown_item\" style=\"text-align: left\"><span style=\"color: #800000\"><strong>2.2 TDCi, 08.2013 &#8211; &#8230;, 2198 ccm, 100 PS<\/strong><\/span><\/li>\n<li class=\"pkw-product-models__product_dropdown_item\" style=\"text-align: left\"><span style=\"color: #800000\"><strong>2.2 TDCi, 08.2013 &#8211; &#8230;, 2198 ccm, 125 PS<\/strong><\/span><\/li>\n<li class=\"pkw-product-models__product_dropdown_item\" style=\"text-align: left\"><span style=\"color: #800000\"><strong>2.2 TDCi, 08.2013 &#8211; &#8230;, 2198 ccm, 155 PS<\/strong><\/span><\/li>\n<\/ol>\n<h4><span style=\"color: #003366\">T\u00eb gjitha pjes\u00ebt n\u00eb nj\u00eb v\u00ebnd \u2013 Zgjidhni tuajat n\u00eb faqen ton\u00eb .<\/span><\/h4>\n","protected":false},"excerpt":{"rendered":"<h1><a href=\"https:\/\/www.antallaktikaonline.gr\/exartimaton-aftokiniton-kataskeuastes\/luk\"><span style=\"color: #993366\">Volant motorri<\/span>\u00a0 \u00a0 <img decoding=\"async\" class=\"pkw-product__image-brand\" title=\"A\u03bd\u03c4\u03b1\u03bb\u03bb\u03b1\u03ba\u03c4\u03b9\u03ba\u03ac, \u03c0\u03b5\u03c1\u03b9\u03c0\u03bf\u03af\u03b7\u03c3\u03b7 \u03b1\u03c5\u03c4\u03bf\u03ba\u03b9\u03bd\u03ae\u03c4\u03bf\u03c5, \u03b5\u03c1\u03b3\u03b1\u03bb\u03b5\u03af\u03b1 LuK\" src=\"https:\/\/cdn.pkwteile.de\/brands\/thumbs\/6.png?m=2&amp;ccf=98708966\" alt=\"LuK A\u03bd\u03c4\u03b1\u03bb\u03bb\u03b1\u03ba\u03c4\u03b9\u03ba\u03ac, \u03a0\u03b5\u03c1\u03b9\u03c0\u03bf\u03af\u03b7\u03c3\u03b7 \u03b1\u03c5\u03c4\u03bf\u03ba\u03b9\u03bd\u03ae\u03c4\u03bf\u03c5, \u0395\u03c1\u03b3\u03b1\u03bb\u03b5\u03af\u03b1 \u03b3\u03bd\u03ae\u03c3\u03b9\u03b1 \u03b1\u03bd\u03c4\u03b1\u03bb\u03bb\u03b1\u03ba\u03c4\u03b9\u03ba\u03ac\" \/><\/a><\/h1>\n<h1><span style=\"color: #000080\">Kodi LuK <span style=\"color: #ff0000\">415 0562 10<\/span><\/span><\/h1>\n<h2><span style=\"color: #800000\">EAN: <span style=\"color: #0000ff\">4005108897077<\/span><\/span><\/h2>\n<p><span style=\"color: #993300\"><strong>Volant motorri Ford Tranzit <\/strong><b class=\"button_dropdown_list loaded\" data-maker=\"36\" data-model=\"5571\" data-prod=\"7627138\">Mk6 Microbus ,<b class=\"button_dropdown_list active loaded\" data-maker=\"36\" data-model=\"11094\" data-prod=\"7627138\">Tourneo Custom Microbus ,<\/b><\/b><\/span><\/p>\n<p><span style=\"color: #993300\"><strong>2.2 TDCi, 04.2012 &#8211; &#8230;, 2198 ccm, 100 PS<\/strong><\/span><\/p>\n<p><span style=\"color: #993300\"><strong>2.2 TDCi, 04.2012 &#8211; &#8230;, 2198 ccm, 125 PS<\/strong><\/span><\/p>\n<p><span style=\"color: #993300\"><strong>2.2 TDCi, 04.2012 &#8211; &#8230;, 2198 ccm, 155 PS<\/strong><\/span><\/p>\n<h6><span style=\"color: #993366\">Kuti kamio mekanike<\/span><\/h6>\n<h6><span style=\"color: #993366\">\u039c\u03b7\u03c7\u03b1\u03bd\u03b9\u03ba\u03cc \u03ba\u03b9\u03b2\u03ce\u03c4\u03b9\u03bf \u03c4\u03b1\u03c7\u03c5\u03c4\u03ae\u03c4\u03c9\u03bd<\/span><\/h6>\n<h6><span style=\"color: #993366\">Mechanical gearbox<\/span><\/h6>\n<h6><span style=\"color: #993366\">Cambio meccanico<\/span><\/h6>\n<ul>\n<li><span style=\"color: #008000\"><strong>OEM: 173172\u00a0 <\/strong><\/span><\/li>\n<li><span style=\"color: #008000\"><strong>\u00a0 \u00a0 \u00a0 \u00a0 \u00a0 1734638\u00a0 <\/strong><\/span><\/li>\n<li><span style=\"color: #008000\"><strong>\u00a0 \u00a0 \u00a0 \u00a0 \u00a0 1802927\u00a0 <\/strong><\/span><\/li>\n<li><span style=\"color: #008000\"><strong>\u00a0 \u00a0 \u00a0 \u00a0 \u00a0 1857693\u00a0 \u00a0<\/strong><\/span><\/li>\n<li><span style=\"color: #008000\"><strong>\u00a0 \u00a0 \u00a0 \u00a0 \u00a0 2224526\u00a0 \u00a0<\/strong><\/span><\/li>\n<li><span style=\"color: #008000\"><strong><span class=\"pkw-oem__link\">\u00a0 \u00a0 \u00a0 \u00a0 \u00a0 \u00a0BK216477CA<\/span><\/strong><\/span><\/li>\n<li><span style=\"color: #008000\"><strong>\u00a0 \u00a0 \u00a0 \u00a0 \u00a0 \u00a0BK21 6477 CB<\/strong><\/span><\/li>\n<li><span style=\"color: #008000\"><strong>\u00a0 \u00a0 \u00a0 \u00a0 \u00a0 \u00a0BK21 6477 CC<\/strong><\/span><\/li>\n<li><span style=\"color: #008000\"><strong>\u00a0 \u00a0 \u00a0 \u00a0 \u00a0 \u00a0BK21 6477 CD<\/strong><\/span><\/li>\n<li><span style=\"color: #008000\"><strong>\u00a0 \u00a0 \u00a0 \u00a0 \u00a0 \u00a0BK21 6477 CE<\/strong><\/span><\/li>\n<\/ul>\n<h4><span style=\"color: #800000\"><em>GJITHASHTU JU REKOMANDOJM\u00cb:<\/em><\/span><\/h4>\n<h6 class=\"related-products-box__item\"><a class=\"ga-click\" href=\"https:\/\/www.antallaktikaonline.gr\/valeo\/17006999\" data-gac=\"Tecdoc_analog_click\" data-ga-action=\"17006999\"><span class=\"image\"><img decoding=\"async\" title=\"VALEO 415056210\" src=\"https:\/\/cdn.pkwteile.de\/brands\/thumbs\/21.png?m=3&amp;ccf=98708966\" alt=\"VALEO 836726\" \/>\u00a0 \u00a0 \u00a0 \u00a0<\/span><span class=\"atr\" style=\"color: #993366\">\u2116: 836726<\/span><\/a><\/h6>\n<h6 class=\"related-products-box__price\"><span style=\"color: #993366\"><a class=\"ga-click\" style=\"color: #993366\" href=\"https:\/\/www.antallaktikaonline.gr\/sachs\/16172458\" data-gac=\"Tecdoc_analog_click\" data-ga-action=\"16172458\"><span class=\"image\"><img decoding=\"async\" title=\"SACHS 415056210\" src=\"https:\/\/cdn.pkwteile.de\/brands\/thumbs\/32.png?m=3&amp;ccf=98708966\" alt=\"SACHS 2294 501 219\" \/>\u00a0 \u00a0 \u00a0<\/span><span class=\"atr\">\u2116: 2294 501 219<\/span><\/a><\/span><\/h6>\n<div class=\"related-products-box__item\">\n<div class=\"pkw-product__rating\" data-rating=\"8\">\n<h6><span style=\"color: #993366\"><span class=\"image\"><img decoding=\"async\" title=\"LuK 415056210\" src=\"https:\/\/cdn.pkwteile.de\/brands\/thumbs\/6.png?m=3&amp;ccf=98708966\" alt=\"LuK 9026 G52 00\" \/>\u00a0 \u00a0 \u00a0 <\/span><span class=\"atr\">\u2116: 9026 G52 00<\/span><\/span><\/h6>\n<\/div>\n<\/div>\n","protected":false},"featured_media":664,"comment_status":"open","ping_status":"closed","template":"","meta":[],"product_cat":[15,102,167,168],"product_tag":[],"class_list":["post-663","product","type-product","status-publish","has-post-thumbnail","hentry","product_cat-pa-kategori","product_cat-ford","product_cat-luk","product_cat-volant"],"_links":{"self":[{"href":"https:\/\/autonardiexpress.com\/shop\/wp-json\/wp\/v2\/product\/663","targetHints":{"allow":["GET"]}}],"collection":[{"href":"https:\/\/autonardiexpress.com\/shop\/wp-json\/wp\/v2\/product"}],"about":[{"href":"https:\/\/autonardiexpress.com\/shop\/wp-json\/wp\/v2\/types\/product"}],"replies":[{"embeddable":true,"href":"https:\/\/autonardiexpress.com\/shop\/wp-json\/wp\/v2\/comments?post=663"}],"wp:featuredmedia":[{"embeddable":true,"href":"https:\/\/autonardiexpress.com\/shop\/wp-json\/wp\/v2\/media\/664"}],"wp:attachment":[{"href":"https:\/\/autonardiexpress.com\/shop\/wp-json\/wp\/v2\/media?parent=663"}],"wp:term":[{"taxonomy":"product_cat","embeddable":true,"href":"https:\/\/autonardiexpress.com\/shop\/wp-json\/wp\/v2\/product_cat?post=663"},{"taxonomy":"product_tag","embeddable":true,"href":"https:\/\/autonardiexpress.com\/shop\/wp-json\/wp\/v2\/product_tag?post=663"}],"curies":[{"name":"wp","href":"https:\/\/api.w.org\/{rel}","templated":true}]}}