{"id":643,"date":"2023-12-07T19:02:13","date_gmt":"2023-12-07T18:02:13","guid":{"rendered":"https:\/\/autonardiexpress.com\/shop\/?post_type=product&#038;p=643"},"modified":"2023-12-08T11:07:11","modified_gmt":"2023-12-08T10:07:11","slug":"paralel-i-gjate-2","status":"publish","type":"product","link":"https:\/\/autonardiexpress.com\/shop\/produkt\/paralel-i-gjate-2\/","title":{"rendered":"Paralel i gjat\u00eb"},"content":{"rendered":"<h1><span style=\"color: #800000\">Paraleli i gjat\u00eb\u00a0<\/span> \u00a0<span style=\"color: #000080\">111-0N-N008\u00a0<\/span> \u00a0<a href=\"https:\/\/www.antallaktikaonline.gr\/exartimaton-aftokiniton-kataskeuastes\/ashika\"><img decoding=\"async\" class=\"pkw-product__image-brand\" title=\"A\u03bd\u03c4\u03b1\u03bb\u03bb\u03b1\u03ba\u03c4\u03b9\u03ba\u03ac, \u03c0\u03b5\u03c1\u03b9\u03c0\u03bf\u03af\u03b7\u03c3\u03b7 \u03b1\u03c5\u03c4\u03bf\u03ba\u03b9\u03bd\u03ae\u03c4\u03bf\u03c5 ASHIKA\" src=\"https:\/\/cdn.pkwteile.de\/brands\/thumbs\/10029.png?m=2&amp;ccf=93145724\" alt=\"ASHIKA A\u03bd\u03c4\u03b1\u03bb\u03bb\u03b1\u03ba\u03c4\u03b9\u03ba\u03ac, \u03a0\u03b5\u03c1\u03b9\u03c0\u03bf\u03af\u03b7\u03c3\u03b7 \u03b1\u03c5\u03c4\u03bf\u03ba\u03b9\u03bd\u03ae\u03c4\u03bf\u03c5 \u03b3\u03bd\u03ae\u03c3\u03b9\u03b1 \u03b1\u03bd\u03c4\u03b1\u03bb\u03bb\u03b1\u03ba\u03c4\u03b9\u03ba\u03ac\" \/><\/a><\/h1>\n<h4><span style=\"color: #993366\">Kode t\u00eb OEM t\u00eb ngjashme Nissan<\/span><\/h4>\n<ul class=\"pkw-oem__ul\">\n<li><span style=\"color: #003300\"><strong>NISSAN &#8211; 48680-11J00<\/strong><\/span><\/li>\n<li><span style=\"color: #003300\"><strong>NISSAN &#8211; 48680-C6061<\/strong><\/span><\/li>\n<li><span style=\"color: #003300\"><strong>NISSAN &#8211; 48680-G9501<\/strong><\/span><\/li>\n<\/ul>\n<ul>\n<li>\n<h4><span style=\"color: #800080\"><em><strong>\u039c\u03c0\u03ac\u03c1\u03b1 \u03c4\u03b9\u03bc\u03bf\u03bd\u03b9\u03bf\u03cd<\/strong><\/em><\/span><\/h4>\n<\/li>\n<li>\n<h4><span style=\"color: #800080\"><em><strong>Steering bar<\/strong><\/em><\/span><\/h4>\n<\/li>\n<li>\n<h4><span style=\"color: #800080\"><em><strong>Barra dello sterzo<\/strong><\/em><\/span><\/h4>\n<\/li>\n<\/ul>\n<h4><span style=\"color: #0000ff\">T\u00eb ngjashme prodhuesish t\u00eb tjer\u00eb<\/span><\/h4>\n<h3><\/h3>\n<ol>\n<li class=\"related-products-box__item\">\n<h3><a class=\"ga-click\" href=\"https:\/\/www.antallaktikaonline.gr\/japanparts\/2172229\" data-gac=\"Tecdoc_analog_click\" data-ga-action=\"2172229\"><span class=\"image\"><img decoding=\"async\" title=\"JAPANPARTS 1110NN008\" src=\"https:\/\/cdn.pkwteile.de\/brands\/thumbs\/193.png?m=3&amp;ccf=93145724\" alt=\"JAPANPARTS TI-N008\" \/>\u00a0 \u00a0 <\/span><span class=\"atr\" style=\"color: #800080\">\u2116: TI-N008<\/span><\/a><\/h3>\n<\/li>\n<li class=\"related-products-box__item\">\n<h3><span style=\"color: #800080\"><span class=\"image\">MDR<\/span><span class=\"atr\">\u03a0\u00a0 \u00a0 \u00a0 \u00a0 \u2116: MTR-8N08<\/span><\/span><\/h3>\n<\/li>\n<li class=\"related-products-box__item\">\n<h3><span style=\"color: #800080\"><span class=\"image\"><img decoding=\"async\" title=\"RED-LINE 1110NN008\" src=\"https:\/\/cdn.pkwteile.de\/brands\/thumbs\/4869.png?m=3&amp;ccf=93145724\" alt=\"RED-LINE 40NI035\" \/>\u00a0 \u00a0 <\/span><span class=\"atr\">\u2116: 40NI035<\/span><\/span><\/h3>\n<\/li>\n<li class=\"related-products-box__item\">\n<h3><span style=\"color: #800080\"><span class=\"image\"><img decoding=\"async\" title=\"IAP QUALITY PARTS 1110NN008\" src=\"https:\/\/cdn.pkwteile.de\/brands\/thumbs\/6359.png?m=3&amp;ccf=93145724\" alt=\"IAP QUALITY PARTS 605-13011\" \/>\u00a0 \u00a0 \u00a0 \u00a0<\/span><span class=\"atr\">\u2116: 605-13011<\/span><\/span><\/h3>\n<\/li>\n<li class=\"related-products-box__item\">\n<h3><span style=\"color: #800080\"><span class=\"image\"><img decoding=\"async\" title=\"JAPKO 1110NN008\" src=\"https:\/\/cdn.pkwteile.de\/brands\/thumbs\/10914.png?m=3&amp;ccf=93145724\" alt=\"JAPKO 111N008\" \/>\u00a0 \u00a0 <\/span><span class=\"atr\">\u2116: 111N008<\/span><\/span><\/h3>\n<\/li>\n<\/ol>\n<h4><span style=\"color: #993300\">T\u00eb gjitha pjes\u00ebt n\u00eb nj\u00eb v\u00ebnd \u2013 Zgjidhni tuajat n\u00eb faqen ton\u00eb .<\/span><\/h4>\n<p>&nbsp;<\/p>\n<div class=\"pkw-product__rowspan js-product-click-stars\" data-type=\"article\" data-articleid=\"8847462\" data-rating=\"8\">\n<div class=\"pkw-product__rating\" data-rating=\"8\">\n<div><\/div>\n<div><\/div>\n<div><\/div>\n<div><\/div>\n<div><\/div>\n<div><\/div>\n<div><\/div>\n<div><\/div>\n<div><\/div>\n<div><\/div>\n<\/div>\n<\/div>\n","protected":false},"excerpt":{"rendered":"<h3><span style=\"color: #ff0000\">ASHIKA<\/span> <span style=\"color: #333399\">111-0N-N008<\/span><\/h3>\n<h3><span style=\"color: #800000\">EAN:<\/span><span style=\"color: #3366ff\"> 8033001409246<\/span><\/h3>\n<h3><span style=\"color: #000080\">OEM:<\/span> <span style=\"color: #008080\">48680-11J00<\/span><\/h3>\n<p><span style=\"color: #003300\"><strong>Paralel i gjat\u00eb \u00d8:14&#215;1.5mm &amp; gjat\u00ebsi \u00d8: 748x74x16mm <\/strong><\/span><\/p>\n<p><span style=\"color: #003300\"><strong>Nissan Patrol (K160) RD28T Safari 2.8-3.2 TD (W160) 3.3 D Vit.1979-1995<\/strong><\/span><\/p>\n<p><span style=\"color: #003300\"><strong>\u00a0EBRO Patrol SUV ( 11.1979 &#8211; 01.1985 , 67 PS)<\/strong><\/span><\/p>\n<p><span style=\"color: #003300\"><strong>2.7 D Viti.1979 &#8211; 01.1985, 2710 ccm, 67 PS<\/strong><\/span><\/p>\n<p><span style=\"color: #003300\"><strong>NISSAN Patrol III\/2 SUV (W260) ( 08.1988 &#8211; 11.1995 , 110 &#8211; 116 PS)<\/strong><\/span><\/p>\n<p><span style=\"color: #003300\"><strong>2.8 TD Viti.1989 -1995, 2826 ccm, 116 PS<\/strong><\/span><\/p>\n<p><span style=\"color: #003300\"><strong>3.2 D Viti.1988 &#8211; 1990, 3224 ccm, 110 PS<\/strong><\/span><\/p>\n","protected":false},"featured_media":645,"comment_status":"open","ping_status":"closed","template":"","meta":[],"product_cat":[36,67,165],"product_tag":[],"class_list":["post-643","product","type-product","status-publish","has-post-thumbnail","hentry","product_cat-ashika","product_cat-nissan","product_cat-paraleli-i-gjate"],"_links":{"self":[{"href":"https:\/\/autonardiexpress.com\/shop\/wp-json\/wp\/v2\/product\/643","targetHints":{"allow":["GET"]}}],"collection":[{"href":"https:\/\/autonardiexpress.com\/shop\/wp-json\/wp\/v2\/product"}],"about":[{"href":"https:\/\/autonardiexpress.com\/shop\/wp-json\/wp\/v2\/types\/product"}],"replies":[{"embeddable":true,"href":"https:\/\/autonardiexpress.com\/shop\/wp-json\/wp\/v2\/comments?post=643"}],"wp:featuredmedia":[{"embeddable":true,"href":"https:\/\/autonardiexpress.com\/shop\/wp-json\/wp\/v2\/media\/645"}],"wp:attachment":[{"href":"https:\/\/autonardiexpress.com\/shop\/wp-json\/wp\/v2\/media?parent=643"}],"wp:term":[{"taxonomy":"product_cat","embeddable":true,"href":"https:\/\/autonardiexpress.com\/shop\/wp-json\/wp\/v2\/product_cat?post=643"},{"taxonomy":"product_tag","embeddable":true,"href":"https:\/\/autonardiexpress.com\/shop\/wp-json\/wp\/v2\/product_tag?post=643"}],"curies":[{"name":"wp","href":"https:\/\/api.w.org\/{rel}","templated":true}]}}