{"id":636,"date":"2023-12-06T16:20:27","date_gmt":"2023-12-06T15:20:27","guid":{"rendered":"https:\/\/autonardiexpress.com\/shop\/?post_type=product&#038;p=636"},"modified":"2023-12-06T17:58:48","modified_gmt":"2023-12-06T16:58:48","slug":"kryqe-trasmesioni-2","status":"publish","type":"product","link":"https:\/\/autonardiexpress.com\/shop\/produkt\/kryqe-trasmesioni-2\/","title":{"rendered":"Kryqe trasmesioni"},"content":{"rendered":"<h4><span style=\"color: #800000\">Kryqe trasmesioni<\/span> \u00a0<span style=\"color: #000080\">VKUA 2160 \u00a0\u00a0<a href=\"https:\/\/www.antallaktikaonline.gr\/exartimaton-aftokiniton-kataskeuastes\/skf\"><img decoding=\"async\" class=\"pkw-product__image-brand\" title=\"A\u03bd\u03c4\u03b1\u03bb\u03bb\u03b1\u03ba\u03c4\u03b9\u03ba\u03ac, \u03c0\u03b5\u03c1\u03b9\u03c0\u03bf\u03af\u03b7\u03c3\u03b7 \u03b1\u03c5\u03c4\u03bf\u03ba\u03b9\u03bd\u03ae\u03c4\u03bf\u03c5, \u03b5\u03c1\u03b3\u03b1\u03bb\u03b5\u03af\u03b1 SKF\" src=\"https:\/\/cdn.pkwteile.de\/brands\/thumbs\/50.png?m=2&amp;ccf=93145724\" alt=\"SKF A\u03bd\u03c4\u03b1\u03bb\u03bb\u03b1\u03ba\u03c4\u03b9\u03ba\u03ac, \u03a0\u03b5\u03c1\u03b9\u03c0\u03bf\u03af\u03b7\u03c3\u03b7 \u03b1\u03c5\u03c4\u03bf\u03ba\u03b9\u03bd\u03ae\u03c4\u03bf\u03c5, \u0395\u03c1\u03b3\u03b1\u03bb\u03b5\u03af\u03b1 \u03b3\u03bd\u03ae\u03c3\u03b9\u03b1 \u03b1\u03bd\u03c4\u03b1\u03bb\u03bb\u03b1\u03ba\u03c4\u03b9\u03ba\u03ac\" \/><\/a><\/span><\/h4>\n<h4><span style=\"color: #003300\">Dimensioni \u00d8:32.2&#215;106.5mm <\/span><\/h4>\n<h4><span style=\"color: #003300\">P\u00ebrdorimi\u00a0 FIAT &#8211; OM &#8211; IVECO<\/span><\/h4>\n<ol>\n<li><span style=\"color: #003366\"><strong>\u03a3\u03c4\u03b1\u03c5\u03c1\u03cc\u03c2 \u03bc\u03b5\u03c4\u03ac\u03b4\u03bf\u03c3\u03b7\u03c2<\/strong><\/span><\/li>\n<li><span style=\"color: #003366\"><strong>Transmission cross<\/strong><\/span><\/li>\n<li><span style=\"color: #003366\"><strong>Croce di trasmissione<\/strong><\/span><\/li>\n<\/ol>\n<h4><span style=\"color: #800000\">T\u00eb gjitha pjes\u00ebt n\u00eb nj\u00eb v\u00ebnd \u2013 Zgjidhni tuajat n\u00eb faqen ton\u00eb .<\/span><\/h4>\n","protected":false},"excerpt":{"rendered":"<p><span style=\"color: #993300\"><strong>Kryqe trasmesioni \u00d8:32.2&#215;106.5mm<\/strong><\/span><\/p>\n<p><span style=\"color: #0000ff\"><strong>VKUA 2160\u00a0<\/strong><\/span><\/p>\n<p><span style=\"color: #800000\">EAN:<\/span> <span style=\"color: #0000ff\">7316575750510<\/span><\/p>\n<ul>\n<li><span style=\"color: #003300\"><strong>FIAT<\/strong><\/span><\/li>\n<li><span style=\"color: #003300\"><strong>IVECO<\/strong><\/span><\/li>\n<li><span style=\"color: #003300\"><strong>OM<\/strong><\/span><\/li>\n<\/ul>\n","protected":false},"featured_media":637,"comment_status":"open","ping_status":"closed","template":"","meta":[],"product_cat":[115,81,54,33],"product_tag":[],"class_list":["post-636","product","type-product","status-publish","has-post-thumbnail","hentry","product_cat-fiat","product_cat-iveco","product_cat-kryqe-trasmesioni","product_cat-skf"],"_links":{"self":[{"href":"https:\/\/autonardiexpress.com\/shop\/wp-json\/wp\/v2\/product\/636","targetHints":{"allow":["GET"]}}],"collection":[{"href":"https:\/\/autonardiexpress.com\/shop\/wp-json\/wp\/v2\/product"}],"about":[{"href":"https:\/\/autonardiexpress.com\/shop\/wp-json\/wp\/v2\/types\/product"}],"replies":[{"embeddable":true,"href":"https:\/\/autonardiexpress.com\/shop\/wp-json\/wp\/v2\/comments?post=636"}],"wp:featuredmedia":[{"embeddable":true,"href":"https:\/\/autonardiexpress.com\/shop\/wp-json\/wp\/v2\/media\/637"}],"wp:attachment":[{"href":"https:\/\/autonardiexpress.com\/shop\/wp-json\/wp\/v2\/media?parent=636"}],"wp:term":[{"taxonomy":"product_cat","embeddable":true,"href":"https:\/\/autonardiexpress.com\/shop\/wp-json\/wp\/v2\/product_cat?post=636"},{"taxonomy":"product_tag","embeddable":true,"href":"https:\/\/autonardiexpress.com\/shop\/wp-json\/wp\/v2\/product_tag?post=636"}],"curies":[{"name":"wp","href":"https:\/\/api.w.org\/{rel}","templated":true}]}}