{"id":603,"date":"2023-06-15T18:43:57","date_gmt":"2023-06-15T17:43:57","guid":{"rendered":"https:\/\/autonardiexpress.com\/shop\/?post_type=product&#038;p=603"},"modified":"2023-06-16T12:32:09","modified_gmt":"2023-06-16T11:32:09","slug":"tensionere-kite-8","status":"publish","type":"product","link":"https:\/\/autonardiexpress.com\/shop\/produkt\/tensionere-kite-8\/","title":{"rendered":"Tensionere kite"},"content":{"rendered":"<h3><span style=\"color: #0000ff\"><span style=\"color: #ff6600\">Tensionere kite rrypi<\/span>\u00a0\u00a0VKMA 91303 <\/span>\u00a0<a href=\"https:\/\/www.antallaktikaonline.gr\/exartimaton-aftokiniton-kataskeuastes\/skf\"><img decoding=\"async\" class=\"pkw-product__image-brand\" title=\"A\u03bd\u03c4\u03b1\u03bb\u03bb\u03b1\u03ba\u03c4\u03b9\u03ba\u03ac, \u03c0\u03b5\u03c1\u03b9\u03c0\u03bf\u03af\u03b7\u03c3\u03b7 \u03b1\u03c5\u03c4\u03bf\u03ba\u03b9\u03bd\u03ae\u03c4\u03bf\u03c5, \u03b5\u03c1\u03b3\u03b1\u03bb\u03b5\u03af\u03b1 SKF\" src=\"https:\/\/cdn.pkwteile.de\/brands\/thumbs\/50.png?m=2&amp;ccf=87856753\" alt=\"SKF A\u03bd\u03c4\u03b1\u03bb\u03bb\u03b1\u03ba\u03c4\u03b9\u03ba\u03ac, \u03a0\u03b5\u03c1\u03b9\u03c0\u03bf\u03af\u03b7\u03c3\u03b7 \u03b1\u03c5\u03c4\u03bf\u03ba\u03b9\u03bd\u03ae\u03c4\u03bf\u03c5, \u0395\u03c1\u03b3\u03b1\u03bb\u03b5\u03af\u03b1 \u03b3\u03bd\u03ae\u03c3\u03b9\u03b1 \u03b1\u03bd\u03c4\u03b1\u03bb\u03bb\u03b1\u03ba\u03c4\u03b9\u03ba\u03ac\" \/><\/a><\/h3>\n<ul>\n<li>\n<h2><span style=\"color: #008000\">\u03a3\u03b5\u03c4 \u03bf\u03b4\u03bf\u03bd\u03c4\u03c9\u03c4\u03bf\u03cd \u03b9\u03bc\u03ac\u03bd\u03c4\u03b1<\/span><\/h2>\n<\/li>\n<li>\n<h2><span style=\"color: #008000\">Timing Belt Set<\/span><\/h2>\n<\/li>\n<li>\n<h2><span style=\"color: #008000\">Set cinghie dentate<\/span><\/h2>\n<\/li>\n<\/ul>\n<h3><span style=\"color: #993300\">T\u00eb ngjash\u00ebm numra OEM vet\u00ebm p\u00ebr krahasim<\/span><\/h3>\n<div class=\"refnumbers__listheader\"><strong><span style=\"color: #008000\">OEM part number equivalent<\/span><\/strong><\/div>\n<div class=\"refnumbers__group\">\n<ul class=\"refnumbers__list\">\n<li class=\"refnumbers__item\"><strong><span style=\"color: #008000\"><span class=\"refnumbers__refnumber\">13503-27010<\/span>\u00a0<span class=\"refnumbers__manufacturer\">TOYOTA<\/span><\/span><\/strong><\/li>\n<li class=\"refnumbers__item\"><strong><span style=\"color: #008000\"><span class=\"refnumbers__refnumber\">13505-27010<\/span>\u00a0<span class=\"refnumbers__manufacturer\">TOYOTA<\/span><\/span><\/strong><\/li>\n<li class=\"refnumbers__item\"><strong><span style=\"color: #008000\"><span class=\"refnumbers__refnumber\">13568-27010<\/span>\u00a0<span class=\"refnumbers__manufacturer\">TOYOTA<\/span><\/span><\/strong><\/li>\n<li class=\"refnumbers__item\"><strong><span style=\"color: #008000\"><span class=\"refnumbers__refnumber\">13568-29035<\/span>\u00a0<span class=\"refnumbers__manufacturer\">TOYOTA<\/span><\/span><\/strong><\/li>\n<\/ul>\n<h4><span style=\"color: #003366\">Prodhuesi Modeli Lloji Fuqia n\u00eb KW Viti i prodhimit<\/span><\/h4>\n<ul class=\"pkw-product-models__list\">\n<li class=\"pkw-product-models__product\"><strong><span style=\"color: #993300\">TOYOTA Corolla VIII Sedan (E110) ( 08.2000 &#8211; 11.2001 , 90 &#8211; 110 PS)<\/span><\/strong><\/li>\n<li class=\"pkw-product-models__product\"><strong><span style=\"color: #993300\"><i class=\"icon arrow\"><\/i>TOYOTA Corolla VIII Liftback (E110) ( 09.2000 &#8211; 01.2002 , 90 PS)<\/span><\/strong><\/li>\n<li class=\"pkw-product-models__product\"><strong><span style=\"color: #993300\"><i class=\"icon arrow\"><\/i>TOYOTA Corolla VIII Compact (E110) ( 08.2000 &#8211; 01.2002 , 90 &#8211; 110 PS)<\/span><\/strong><\/li>\n<li class=\"pkw-product-models__product\"><strong><span style=\"color: #993300\"><i class=\"icon arrow\"><\/i>TOYOTA Avensis I Sedan (T22) ( 10.1999 &#8211; 02.2003 , 110 &#8211; 116 PS)<\/span><\/strong><\/li>\n<li class=\"pkw-product-models__product\"><strong><span style=\"color: #993300\"><i class=\"icon arrow\"><\/i>TOYOTA Avensis I Combi (T22) ( 10.1999 &#8211; 02.2003 , 110 PS)<\/span><\/strong><\/li>\n<li class=\"pkw-product-models__product\"><strong><span style=\"color: #993300\"><i class=\"icon arrow\"><\/i>TOYOTA Avensis I Liftback (T22) ( 10.1999 &#8211; 02.2003 , 110 &#8211; 115 PS)<\/span><\/strong><\/li>\n<li class=\"pkw-product-models__product\"><strong><span style=\"color: #993300\"><i class=\"icon arrow\"><\/i>TOYOTA Corolla VIII Combi (E110) ( 04.1997 &#8211; 10.2001 , 90 &#8211; 116 PS)<\/span><\/strong><\/li>\n<li class=\"pkw-product-models__product\"><strong><span style=\"color: #993300\"><i class=\"icon arrow\"><\/i>TOYOTA Previa \/ Estima II (XR30) ( 03.2001 &#8211; 01.2006 , 116 PS)<\/span><\/strong><\/li>\n<li class=\"pkw-product-models__product\"><strong><span style=\"color: #993300\"><i class=\"icon arrow\"><\/i>TOYOTA RAV4 II SUV (XA20) ( 05.2001 &#8211; 11.2005 , 116 PS)<\/span><\/strong><\/li>\n<li class=\"pkw-product-models__product\"><strong><span style=\"color: #993300\"><i class=\"icon arrow\"><\/i>TOYOTA Avensis Verso (M2) ( 08.2001 &#8211; 08.2005 , 116 PS)<\/span><\/strong><\/li>\n<li class=\"pkw-product-models__product\"><strong><span style=\"color: #993300\"><i class=\"icon arrow\"><\/i>TOYOTA Corolla IX Hatchback (E120) ( 01.2002 &#8211; 02.2007 , 90 &#8211; 116 PS)<\/span><\/strong><\/li>\n<li class=\"pkw-product-models__product\"><strong><span style=\"color: #993300\"><i class=\"icon arrow\"><\/i>TOYOTA Corolla IX Sedan (E120) ( 08.2002 &#8211; 07.2007 , 90 &#8211; 116 PS)<\/span><\/strong><\/li>\n<li class=\"pkw-product-models__product\"><strong><span style=\"color: #993300\"><i class=\"icon arrow\"><\/i>TOYOTA Corolla IX Station wagon (E120) ( 01.2002 &#8211; 02.2007 , 90 &#8211; 116 PS)<\/span><\/strong><\/li>\n<li class=\"pkw-product-models__product\"><strong><span style=\"color: #993300\"><i class=\"icon arrow\"><\/i>TOYOTA Corolla Verso (E121) ( 01.2002 &#8211; 05.2004 , 90 PS)<\/span><\/strong><\/li>\n<li class=\"pkw-product-models__product\"><strong><span style=\"color: #993300\"><i class=\"icon arrow\"><\/i>TOYOTA Avensis II Sedan (T25) ( 04.2003 &#8211; 11.2008 , 116 PS)<\/span><\/strong><\/li>\n<li class=\"pkw-product-models__product\"><strong><span style=\"color: #993300\"><i class=\"icon arrow\"><\/i>TOYOTA Avensis II Station wagon (T25) ( 04.2003 &#8211; 11.2008 , 116 PS)<\/span><\/strong><\/li>\n<li class=\"pkw-product-models__product\"><strong><span style=\"color: #993300\"><i class=\"icon arrow\"><\/i>TOYOTA Avensis II Hatchback (T25) ( 04.2003 &#8211; 11.2008 , 116 PS)<\/span><\/strong><\/li>\n<li class=\"pkw-product-models__product\"><strong><span style=\"color: #993300\"><i class=\"icon arrow\"><\/i>TOYOTA Corolla Verso (AR10) ( 04.2004 &#8211; 03.2009 , 116 PS)<\/span><\/strong><\/li>\n<\/ul>\n<\/div>\n","protected":false},"excerpt":{"rendered":"<h3><span style=\"color: #800000\">Tensionere kite rrypi\u00a0<\/span> <span style=\"color: #0000ff\">VKMA 91303 <\/span><a style=\"font-weight: 400\" href=\"https:\/\/www.antallaktikaonline.gr\/exartimaton-aftokiniton-kataskeuastes\/skf\"><img decoding=\"async\" class=\"pkw-product__image-brand\" title=\"A\u03bd\u03c4\u03b1\u03bb\u03bb\u03b1\u03ba\u03c4\u03b9\u03ba\u03ac, \u03c0\u03b5\u03c1\u03b9\u03c0\u03bf\u03af\u03b7\u03c3\u03b7 \u03b1\u03c5\u03c4\u03bf\u03ba\u03b9\u03bd\u03ae\u03c4\u03bf\u03c5, \u03b5\u03c1\u03b3\u03b1\u03bb\u03b5\u03af\u03b1 SKF\" src=\"https:\/\/cdn.pkwteile.de\/brands\/thumbs\/50.png?m=2&amp;ccf=87856753\" alt=\"SKF A\u03bd\u03c4\u03b1\u03bb\u03bb\u03b1\u03ba\u03c4\u03b9\u03ba\u03ac, \u03a0\u03b5\u03c1\u03b9\u03c0\u03bf\u03af\u03b7\u03c3\u03b7 \u03b1\u03c5\u03c4\u03bf\u03ba\u03b9\u03bd\u03ae\u03c4\u03bf\u03c5, \u0395\u03c1\u03b3\u03b1\u03bb\u03b5\u03af\u03b1 \u03b3\u03bd\u03ae\u03c3\u03b9\u03b1 \u03b1\u03bd\u03c4\u03b1\u03bb\u03bb\u03b1\u03ba\u03c4\u03b9\u03ba\u03ac\" \/><\/a><\/h3>\n<p><strong><span style=\"color: #003300\">Tensionere kite (<span style=\"color: #993300\">178&#215;25.4<\/span>) Toyota Avensis ,Verso ,Corolla,Verso ,RAV 4 D-4D ,Previa 2.0 D Viti.1999-2011<\/span><\/strong><\/p>\n<p><span style=\"color: #000080\"><strong>OEM : 13503-27010*\u00a0 TOYOTA<\/strong><\/span><\/p>\n<p><span style=\"color: #000080\"><strong>EAN : 7316572395844<\/strong><\/span><\/p>\n<h4><span style=\"color: #003300\">Kiti ka br\u00ebnda tensionues\u00a0 <span style=\"color: #0000ff\">VKM 71303<\/span>\u00a0 , <span style=\"color: #0000ff\">VKM 81204<\/span>\u00a0 dhe\u00a0 rripin e\u00a0 faz\u00ebs\u00a0 <span style=\"color: #0000ff\">VKMT 91303<\/span><\/span><\/h4>\n<h4><span style=\"color: #993366\">Numrat e z\u00ebvend\u00ebsimit<\/span><\/h4>\n<ul class=\"refnumbers__list\">\n<li class=\"refnumbers__item\"><span style=\"color: #008080\"><em><strong><span class=\"refnumbers__refnumber\">B00AJUKEEI<\/span>\u00a0 \u00a0 <span class=\"refnumbers__manufacturer\">AMAZON (ASIN)<\/span><\/strong><\/em><\/span><\/li>\n<li class=\"refnumbers__item\"><span style=\"color: #008080\"><em><strong><span class=\"refnumbers__refnumber\">ADT37302<\/span>\u00a0 \u00a0 <span class=\"refnumbers__manufacturer\">BLUE PRINT<\/span><\/strong><\/em><\/span><\/li>\n<li class=\"refnumbers__item\"><span style=\"color: #008080\"><em><strong><span class=\"refnumbers__refnumber\">1987948199<\/span>\u00a0 \u00a0 <span class=\"refnumbers__manufacturer\">BOSCH<\/span><\/strong><\/em><\/span><\/li>\n<li class=\"refnumbers__item\"><span style=\"color: #008080\"><em><strong><span class=\"refnumbers__refnumber\">CT1043K1<\/span>\u00a0 \u00a0 <span class=\"refnumbers__manufacturer\">CONTINENTAL CTAM<\/span><\/strong><\/em><\/span><\/li>\n<li class=\"refnumbers__item\"><span style=\"color: #008080\"><em><strong><span class=\"refnumbers__refnumber\">KTB527<\/span>\u00a0 \u00a0 <span class=\"refnumbers__manufacturer\">DAYCO<\/span><\/strong><\/em><\/span><\/li>\n<li class=\"refnumbers__item\"><span style=\"color: #008080\"><em><strong><span class=\"refnumbers__refnumber\">5695170<\/span>\u00a0 \u00a0 <span class=\"refnumbers__manufacturer\">EVR<\/span><\/strong><\/em><\/span><\/li>\n<li class=\"refnumbers__item\"><span style=\"color: #008080\"><em><strong><span class=\"refnumbers__refnumber\">26811<\/span>\u00a0 \u00a0 <span class=\"refnumbers__manufacturer\">FEBI<\/span><\/strong><\/em><\/span><\/li>\n<li class=\"refnumbers__item\"><span style=\"color: #008080\"><em><strong><span class=\"refnumbers__refnumber\">K015562XS<\/span>\u00a0 \u00a0 <span class=\"refnumbers__manufacturer\">GATES<\/span><\/strong><\/em><\/span><\/li>\n<li class=\"refnumbers__item\"><span style=\"color: #008080\"><em><strong><span class=\"refnumbers__refnumber\">J1112067<\/span>\u00a0 \u00a0 <span class=\"refnumbers__manufacturer\">HERTH+BUSS JAKOPARTS<\/span><\/strong><\/em><\/span><\/li>\n<li class=\"refnumbers__item\"><span style=\"color: #008080\"><em><strong><span class=\"refnumbers__refnumber\">KH 297<\/span>\u00a0 \u00a0 <span class=\"refnumbers__manufacturer\">HUTCHINSON<\/span><\/strong><\/em><\/span><\/li>\n<li class=\"refnumbers__item\"><span style=\"color: #008080\"><em><strong><span class=\"refnumbers__refnumber\">530042210<\/span>\u00a0 \u00a0 <span class=\"refnumbers__manufacturer\">INA<\/span><\/strong><\/em><\/span><\/li>\n<li class=\"refnumbers__item\"><span style=\"color: #008080\"><em><strong><span class=\"refnumbers__refnumber\">5695170<\/span>\u00a0 \u00a0 <span class=\"refnumbers__manufacturer\">INTER CARS\u00a0<\/span><\/strong><\/em><\/span><\/li>\n<li class=\"refnumbers__item\"><span style=\"color: #008080\"><em><strong><span class=\"refnumbers__refnumber\">5695171<\/span>\u00a0 \u00a0 <span class=\"refnumbers__manufacturer\">INTER CARS\u00a0<\/span><\/strong><\/em><\/span><\/li>\n<li class=\"refnumbers__item\"><span style=\"color: #008080\"><em><strong><span class=\"refnumbers__refnumber\">EVR5695171<\/span>\u00a0 \u00a0 <span class=\"refnumbers__manufacturer\">INTER CARS\u00a0<\/span><\/strong><\/em><\/span><\/li>\n<li class=\"refnumbers__item\"><span style=\"color: #008080\"><em><strong><span class=\"refnumbers__refnumber\">GATK015562XS<\/span>\u00a0 \u00a0 <span class=\"refnumbers__manufacturer\">INTER CARS\u00a0<\/span><\/strong><\/em><\/span><\/li>\n<li class=\"refnumbers__item\"><span style=\"color: #008080\"><em><strong><span class=\"refnumbers__refnumber\">GATK025562XS<\/span>\u00a0 \u00a0 <span class=\"refnumbers__manufacturer\">INTER CARS\u00a0<\/span><\/strong><\/em><\/span><\/li>\n<li class=\"refnumbers__item\"><span style=\"color: #008080\"><em><strong><span class=\"refnumbers__refnumber\">VKMS 91303<\/span>\u00a0 \u00a0 <span class=\"refnumbers__manufacturer\">INTER CARS\u00a0<\/span><\/strong><\/em><\/span><\/li>\n<li class=\"refnumbers__item\"><span style=\"color: #008080\"><em><strong><span class=\"refnumbers__refnumber\">DKT-9006<\/span>\u00a0 \u00a0 <span class=\"refnumbers__manufacturer\">KAVO PARTS<\/span><\/strong><\/em><\/span><\/li>\n<li class=\"refnumbers__item\"><span style=\"color: #008080\"><em><strong><span class=\"refnumbers__refnumber\">J1112050<\/span>\u00a0 \u00a0 <span class=\"refnumbers__manufacturer\">NIPPARTS<\/span><\/strong><\/em><\/span><\/li>\n<li class=\"refnumbers__item\"><span style=\"color: #008080\"><em><strong><span class=\"refnumbers__refnumber\">KT1397W1<\/span>\u00a0 \u00a0 <span class=\"refnumbers__manufacturer\">OPTIBELT<\/span><\/strong><\/em><\/span><\/li>\n<li class=\"refnumbers__item\"><span style=\"color: #008080\"><em><strong><span class=\"refnumbers__refnumber\">SK-1589<\/span>\u00a0 \u00a0 <span class=\"refnumbers__manufacturer\">OPTIMAL<\/span><\/strong><\/em><\/span><\/li>\n<li class=\"refnumbers__item\"><span style=\"color: #008080\"><em><strong><span class=\"refnumbers__refnumber\">QBK703<\/span>\u00a0 \u00a0 <span class=\"refnumbers__manufacturer\">QUINTON HAZELL<\/span><\/strong><\/em><\/span><\/li>\n<li class=\"refnumbers__item\"><span style=\"color: #008080\"><em><strong><span class=\"refnumbers__refnumber\">KD469.22<\/span>\u00a0 \u00a0 <span class=\"refnumbers__manufacturer\">SNR<\/span><\/strong><\/em><\/span><\/li>\n<\/ul>\n<div class=\"js-toggle toggle\">\n<div class=\"js-toggle-content toggle__content toggle__content--nopadding is-open\"><\/div>\n<\/div>\n","protected":false},"featured_media":604,"comment_status":"open","ping_status":"closed","template":"","meta":[],"product_cat":[33,101,65],"product_tag":[],"class_list":["post-603","product","type-product","status-publish","has-post-thumbnail","hentry","product_cat-skf","product_cat-tensionere-kite","product_cat-toyota"],"_links":{"self":[{"href":"https:\/\/autonardiexpress.com\/shop\/wp-json\/wp\/v2\/product\/603","targetHints":{"allow":["GET"]}}],"collection":[{"href":"https:\/\/autonardiexpress.com\/shop\/wp-json\/wp\/v2\/product"}],"about":[{"href":"https:\/\/autonardiexpress.com\/shop\/wp-json\/wp\/v2\/types\/product"}],"replies":[{"embeddable":true,"href":"https:\/\/autonardiexpress.com\/shop\/wp-json\/wp\/v2\/comments?post=603"}],"wp:featuredmedia":[{"embeddable":true,"href":"https:\/\/autonardiexpress.com\/shop\/wp-json\/wp\/v2\/media\/604"}],"wp:attachment":[{"href":"https:\/\/autonardiexpress.com\/shop\/wp-json\/wp\/v2\/media?parent=603"}],"wp:term":[{"taxonomy":"product_cat","embeddable":true,"href":"https:\/\/autonardiexpress.com\/shop\/wp-json\/wp\/v2\/product_cat?post=603"},{"taxonomy":"product_tag","embeddable":true,"href":"https:\/\/autonardiexpress.com\/shop\/wp-json\/wp\/v2\/product_tag?post=603"}],"curies":[{"name":"wp","href":"https:\/\/api.w.org\/{rel}","templated":true}]}}