{"id":589,"date":"2023-05-24T17:33:01","date_gmt":"2023-05-24T16:33:01","guid":{"rendered":"https:\/\/autonardiexpress.com\/shop\/?post_type=product&#038;p=589"},"modified":"2023-05-26T09:05:42","modified_gmt":"2023-05-26T08:05:42","slug":"guanicion-testate-12","status":"publish","type":"product","link":"https:\/\/autonardiexpress.com\/shop\/produkt\/guanicion-testate-12\/","title":{"rendered":"Guanicion testate"},"content":{"rendered":"<h3><span style=\"color: #008000\">Gasket, cylinder head <\/span>\u00a0\u00a0<span style=\"color: #ff0000\">\u2116:<\/span>\u00a0<span class=\"highlight\"><span style=\"color: #000080\">10142900<\/span>\u00a0<img loading=\"lazy\" decoding=\"async\" class=\"brand_image lazyloaded\" title=\"\u039c\u03ac\u03c1\u03ba\u03b1\" src=\"https:\/\/cdn.pkwteile.de\/brands\/thumbs\/147.png?m=2&amp;ccf=15381741\" alt=\"AJUSA \u03a6\u03bb\u03ac\u03bd\u03c4\u03b6\u03b1, \u03ba\u03b5\u03c6\u03b1\u03bb\u03ae \u03ba\u03c5\u03bb\u03af\u03bd\u03b4\u03c1\u03bf\u03c5 \u0391\u03c1\u03b9\u03b8\u03bc\u03cc\u03c2 \u03c0\u03c1\u03bf\u03ca\u03cc\u03bd\u03c4\u03bf\u03c2 10026410\" width=\"164\" height=\"67\" data-srcset=\"https:\/\/cdn.pkwteile.de\/brands\/thumbs\/147.png?m=2&amp;ccf=15381741\" \/><\/span><\/h3>\n<h3><span style=\"color: #008000\">\u03a6\u03bb\u03ac\u03bd\u03c4\u03b6\u03b1, \u03ba\u03b5\u03c6\u03b1\u03bb\u03ae \u03ba\u03c5\u03bb\u03af\u03bd\u03b4\u03c1\u03bf\u03c5\u00a0 \u00a0 \u00a0 \u00a0 \u00a0 \u00a0 \u00a0 \u00a0 \u00a0 \u00a0 \u00a0 \u00a0 \u00a0 \u00a0 \u00a0 \u00a0 \u00a0 \u00a0 \u00a0 \u00a0 \u00a0 \u00a0 \u00a0 \u00a0 \u00a0 \u00a0 <\/span><\/h3>\n<h3><span style=\"color: #008000\"> Guarnizione, testata\u00a0 \u00a0 \u00a0<\/span><\/h3>\n<h3><span style=\"color: #008000\">T\u00eb ngjash\u00ebm me numrat OEM vet\u00ebm p\u00ebr krahasim<\/span><\/h3>\n<ul class=\"pkw-oem__ul\">\n<li><span style=\"color: #800000\">KIA (0K24710271C)<\/span><\/li>\n<li><span class=\"pkw-oem__link\" style=\"color: #800000\">KIA (0K24710271G)<\/span><\/li>\n<\/ul>\n<h3><span style=\"color: #800080\">Prodhuesi Modeli Lloji Fuqia n\u00eb KW Viti i prodhimit\u00a0<\/span><\/h3>\n<ul class=\"pkw-product-models__list\">\n<li class=\"pkw-product-models__product\"><span style=\"color: #800080\"><b class=\"button_dropdown_list\" data-maker=\"184\" data-model=\"4739\" data-prod=\"7245212\">KIA Carens I (FC) ( 03.2000 &#8211; 07.2002 , 110 &#8211; 126 PS)<\/b><\/span><\/li>\n<li class=\"pkw-product-models__product\"><span style=\"color: #800080\"><b class=\"button_dropdown_list\" data-maker=\"184\" data-model=\"4794\" data-prod=\"7245212\"><i class=\"icon arrow\"><\/i>KIA Shuma II Hatchback (FB) ( 05.2001 &#8211; 08.2004 , 110 &#8211; 114 PS)<\/b><\/span><\/li>\n<li class=\"pkw-product-models__product\"><span style=\"color: #800080\"><b class=\"button_dropdown_list\" data-maker=\"184\" data-model=\"4943\" data-prod=\"7245212\"><i class=\"icon arrow\"><\/i>KIA Carens II (FJ) ( 07.2002 &#8211; &#8230; , 126 PS)<\/b><\/span><\/li>\n<li class=\"pkw-product-models__product\"><span style=\"color: #800080\"><b class=\"button_dropdown_list\" data-maker=\"184\" data-model=\"10833\" data-prod=\"7245212\"><i class=\"icon arrow\"><\/i>KIA Cerato Sedan ( 10.2001 &#8211; 07.2004 , 116 PS)<\/b><\/span><\/li>\n<\/ul>\n<h3><\/h3>\n","protected":false},"excerpt":{"rendered":"<h3><span style=\"color: #800000\">Guanicion testate<\/span>\u00a0 \u00a0<span style=\"color: #ff0000\">\u2116:<\/span>\u00a0<span class=\"highlight\"><span style=\"color: #333399\">10142900<\/span>\u00a0<img loading=\"lazy\" decoding=\"async\" class=\"brand_image lazyloaded\" title=\"\u039c\u03ac\u03c1\u03ba\u03b1\" src=\"https:\/\/cdn.pkwteile.de\/brands\/thumbs\/147.png?m=2&amp;ccf=15381741\" alt=\"AJUSA \u03a6\u03bb\u03ac\u03bd\u03c4\u03b6\u03b1, \u03ba\u03b5\u03c6\u03b1\u03bb\u03ae \u03ba\u03c5\u03bb\u03af\u03bd\u03b4\u03c1\u03bf\u03c5 \u0391\u03c1\u03b9\u03b8\u03bc\u03cc\u03c2 \u03c0\u03c1\u03bf\u03ca\u03cc\u03bd\u03c4\u03bf\u03c2 10026410\" width=\"164\" height=\"67\" data-srcset=\"https:\/\/cdn.pkwteile.de\/brands\/thumbs\/147.png?m=2&amp;ccf=15381741\" \/>\u00a0 \u00a0<\/span><\/h3>\n<p><span style=\"color: #003366\"><strong>OEM<\/strong> : 0K24710271C\u00a0 &amp;\u00a0 0K24710271G\u00a0 <strong>KIA<\/strong> \u00a0 \u00a0 \u00a0 \u00a0 \u00a0 \u00a0 \u00a0 \u00a0 \u00a0 \u00a0 \u00a0 \u00a0 \u00a0 \u00a0 \u00a0 \u00a0 \u00a0 \u00a0 \u00a0 \u00a0 \u00a0 \u00a0 \u00a0 \u00a0 \u00a0 \u00a0 \u00a0 \u00a0 \u00a0 \u00a0 \u00a0 \u00a0 \u00a0 \u00a0 \u00a0 \u00a0 \u00a0 \u00a0 \u00a0 \u00a0 \u00a0 \u00a0 \u00a0 <\/span><\/p>\n<p><span style=\"color: #003366\"><strong>EAN<\/strong> : 8427769686252 <strong>\u00a0<\/strong> \u00a0 \u00a0 \u00a0 \u00a0 \u00a0 \u00a0 \u00a0 \u00a0 \u00a0 \u00a0 \u00a0 \u00a0 \u00a0 \u00a0 \u00a0 \u00a0 \u00a0 \u00a0 \u00a0 \u00a0 \u00a0 \u00a0 \u00a0 \u00a0 \u00a0 \u00a0 \u00a0 \u00a0 \u00a0 \u00a0 \u00a0 \u00a0 \u00a0 \u00a0 \u00a0 \u00a0 \u00a0 \u00a0 \u00a0 \u00a0 \u00a0 \u00a0 \u00a0 \u00a0 \u00a0 \u00a0 \u00a0 \u00a0 \u00a0 \u00a0 \u00a0 \u00a0 \u00a0 \u00a0 \u00a0 \u00a0 <\/span><\/p>\n<p><span style=\"color: #003366\"><strong>Guanicion testate<\/strong> \u00d8:<strong>82<\/strong>mm Kia Carens I (FC) &amp; Kia Shuma II (FB) 1.8i Viti.2000-2004\u00a0 \u00a0 \u00a0 \u00a0 \u00a0 \u00a0 \u00a0 \u00a0 \u00a0 \u00a0 \u00a0<\/span><\/p>\n<p><span style=\"color: #800000\"><strong>Replacement numbers<\/strong><\/span><\/p>\n<div class=\"refnumbers__group\">\n<ul class=\"refnumbers__list\">\n<li class=\"refnumbers__item\"><span style=\"color: #800000\"><span class=\"refnumbers__refnumber\">10142900<\/span>\u00a0 \u00a0 <span class=\"refnumbers__manufacturer\">ARTNR_Z_TCD<\/span><\/span><\/li>\n<li class=\"refnumbers__item\"><span style=\"color: #800000\"><span class=\"refnumbers__refnumber\">HG1810<\/span>\u00a0 \u00a0 <span class=\"refnumbers__manufacturer\">FAI AUTOPARTS<\/span><\/span><\/li>\n<li class=\"refnumbers__item\"><span style=\"color: #800000\"><span class=\"refnumbers__refnumber\">AG9190<\/span>\u00a0 \u00a0 <span class=\"refnumbers__manufacturer\">INTER CARS\u00a0<\/span><\/span><\/li>\n<li class=\"refnumbers__item\"><span style=\"color: #800000\"><span class=\"refnumbers__refnumber\">CO415162P<\/span>\u00a0 \u00a0 <span class=\"refnumbers__manufacturer\">INTER CARS\u00a0<\/span><\/span><\/li>\n<li class=\"refnumbers__item\"><span style=\"color: #800000\"><span class=\"refnumbers__refnumber\">J1250305<\/span>\u00a0 \u00a0 <span class=\"refnumbers__manufacturer\">NIPPARTS<\/span><\/span><\/li>\n<li class=\"refnumbers__item\"><span style=\"color: #800000\"><span class=\"refnumbers__refnumber\">AG9190<\/span>\u00a0 \u00a0 <span class=\"refnumbers__manufacturer\">PAYEN<\/span><\/span><\/li>\n<li class=\"refnumbers__item\"><span style=\"color: #800000\"><span class=\"refnumbers__refnumber\">61-53385-00<\/span>\u00a0 \u00a0<span class=\"refnumbers__manufacturer\">VICTOR REINZ<\/span><\/span><\/li>\n<\/ul>\n<div class=\"js-toggle toggle\">\n<div class=\"js-toggle-content toggle__content toggle__content--nopadding is-open\"><\/div>\n<\/div>\n<\/div>\n","protected":false},"featured_media":590,"comment_status":"open","ping_status":"closed","template":"","meta":[],"product_cat":[34,94,57],"product_tag":[],"class_list":["post-589","product","type-product","status-publish","has-post-thumbnail","hentry","product_cat-ajusa","product_cat-guanicion-testate","product_cat-kia"],"_links":{"self":[{"href":"https:\/\/autonardiexpress.com\/shop\/wp-json\/wp\/v2\/product\/589","targetHints":{"allow":["GET"]}}],"collection":[{"href":"https:\/\/autonardiexpress.com\/shop\/wp-json\/wp\/v2\/product"}],"about":[{"href":"https:\/\/autonardiexpress.com\/shop\/wp-json\/wp\/v2\/types\/product"}],"replies":[{"embeddable":true,"href":"https:\/\/autonardiexpress.com\/shop\/wp-json\/wp\/v2\/comments?post=589"}],"wp:featuredmedia":[{"embeddable":true,"href":"https:\/\/autonardiexpress.com\/shop\/wp-json\/wp\/v2\/media\/590"}],"wp:attachment":[{"href":"https:\/\/autonardiexpress.com\/shop\/wp-json\/wp\/v2\/media?parent=589"}],"wp:term":[{"taxonomy":"product_cat","embeddable":true,"href":"https:\/\/autonardiexpress.com\/shop\/wp-json\/wp\/v2\/product_cat?post=589"},{"taxonomy":"product_tag","embeddable":true,"href":"https:\/\/autonardiexpress.com\/shop\/wp-json\/wp\/v2\/product_tag?post=589"}],"curies":[{"name":"wp","href":"https:\/\/api.w.org\/{rel}","templated":true}]}}