{"id":586,"date":"2023-05-24T11:10:20","date_gmt":"2023-05-24T10:10:20","guid":{"rendered":"https:\/\/autonardiexpress.com\/shop\/?post_type=product&#038;p=586"},"modified":"2023-05-24T15:06:07","modified_gmt":"2023-05-24T14:06:07","slug":"ferrota-freni-6","status":"publish","type":"product","link":"https:\/\/autonardiexpress.com\/shop\/produkt\/ferrota-freni-6\/","title":{"rendered":"Ferrota freni"},"content":{"rendered":"<h1><span style=\"color: #008000\">Set ferrotash frenash <span style=\"color: #800000\">05P415 <span style=\"color: #008000\">me vida<\/span>\u00a0<\/span><\/span><\/h1>\n<h3><a href=\"https:\/\/www.antallaktikaonline.gr\/exartimaton-aftokiniton-kataskeuastes\/lpr\"><img decoding=\"async\" class=\"pkw-product__image-brand\" title=\"A\u03bd\u03c4\u03b1\u03bb\u03bb\u03b1\u03ba\u03c4\u03b9\u03ba\u03ac LPR\" src=\"https:\/\/cdn.pkwteile.de\/brands\/thumbs\/480.png?m=2&amp;ccf=54602244\" alt=\"LPR A\u03bd\u03c4\u03b1\u03bb\u03bb\u03b1\u03ba\u03c4\u03b9\u03ba\u03ac \u03b3\u03bd\u03ae\u03c3\u03b9\u03b1 \u03b1\u03bd\u03c4\u03b1\u03bb\u03bb\u03b1\u03ba\u03c4\u03b9\u03ba\u03ac\" \/><\/a><\/h3>\n<h3><span style=\"color: #008000\">\u03a3\u03b5\u03c4 \u03c4\u03b1\u03ba\u03ac\u03ba\u03b9\u03b1, \u03b4\u03b9\u03c3\u03ba\u03cc\u03c6\u03c1\u03b5\u03bd\u03b1\u00a0 .\u039c\u03b5 \u03b2\u03af\u03b4\u03b5\u03c2 \u00a0 \u00a0 \u00a0 \u00a0 \u00a0 \u00a0 \u00a0 \u00a0 \u00a0 \u00a0 \u00a0 \u00a0 \u00a0 \u00a0 \u00a0 \u00a0 \u00a0 \u00a0 \u00a0\u00a0<\/span><\/h3>\n<h3><span style=\"color: #008000\">Set of pads, disc brakes\u00a0 .With screws \u00a0 \u00a0 \u00a0 \u00a0 \u00a0 \u00a0 \u00a0 \u00a0 \u00a0 \u00a0 \u00a0 \u00a0 \u00a0 \u00a0 \u00a0 \u00a0 <\/span><\/h3>\n<h3><span style=\"color: #008000\">Set di pastiglie, freni a disco\u00a0 .Con viti<\/span><\/h3>\n<h4><span style=\"color: #808000\">T\u00eb ngjash\u00ebm me numrat OEM vet\u00ebm p\u00ebr krahasim\u00a0 \u00a0 \u00a0 \u00a0 \u00a0 \u00a0 \u00a0 \u00a0 \u00a0 \u00a0 \u00a0<\/span><\/h4>\n<ul class=\"pkw-oem__ul\">\n<li><span class=\"pkw-oem__link\" style=\"color: #008000\">LPR (20933)<\/span><\/li>\n<li><span class=\"pkw-oem__link link\" style=\"color: #008000\">LPR (20934)<\/span><\/li>\n<li><span class=\"pkw-oem__link\" style=\"color: #008000\">LPR (21573)<\/span><\/li>\n<li><span class=\"pkw-oem__link\" style=\"color: #008000\">LPR (5SP415)<\/span><\/li>\n<li><span class=\"pkw-oem__link\" style=\"color: #008000\">MERCEDES-BENZ (6014217720)<\/span><\/li>\n<li><span style=\"color: #008000\">MERCEDES-BENZ (6314200120)<\/span><\/li>\n<li><span style=\"color: #008000\">MERCEDES-BENZ (6314200320)\u00a0<\/span><\/li>\n<\/ul>\n<h4><span style=\"color: #808000\">Prodhuesi Modeli Lloji Fuqia n\u00eb KW Viti i prodhimit\u00a0 \u00a0 \u00a0 \u00a0 \u00a0 \u00a0 \u00a0 \u00a0 \u00a0 \u00a0<\/span><\/h4>\n<ul class=\"pkw-product-models__list\">\n<li class=\"pkw-product-models__product\"><span style=\"color: #008000\"><b class=\"button_dropdown_list\" data-maker=\"74\" data-model=\"530\" data-prod=\"2359971\">MERCEDES-BENZ MB 100 Microbus (W631) ( 02.1988 &#8211; 04.1996 , 56 &#8211; 75 PS)<\/b><\/span><\/li>\n<li class=\"pkw-product-models__product\"><span style=\"color: #008000\"><b class=\"button_dropdown_list\" data-maker=\"74\" data-model=\"2050\" data-prod=\"2359971\"><i class=\"icon arrow\"><\/i>MERCEDES-BENZ MB 100 Van (W631) ( 02.1988 &#8211; 04.1996 , 60 &#8211; 75 PS)<\/b><\/span><\/li>\n<li class=\"pkw-product-models__product\"><span style=\"color: #008000\"><b class=\"button_dropdown_list\" data-maker=\"74\" data-model=\"4821\" data-prod=\"2359971\"><i class=\"icon arrow\"><\/i>MERCEDES-BENZ MB 100 \u03a6\u03bf\u03c1\u03c4\u03b7\u03b3\u03cc \u03c0\u03bb\u03b1\u03c4\u03c6\u03cc\u03c1\u03bc\u03b1\/\u03a3\u03b1\u03c3\u03c3\u03af (W631) ( 02.1988 &#8211; 02.1996 , 72 &#8211; 75 PS)<\/b><\/span><\/li>\n<\/ul>\n","protected":false},"excerpt":{"rendered":"<h3><span style=\"color: #008000\">Ferrota freni\u00a0<\/span> \u00a0<span style=\"color: #800000\">05P415<\/span>\u00a0 <a href=\"https:\/\/www.antallaktikaonline.gr\/exartimaton-aftokiniton-kataskeuastes\/lpr\"><img decoding=\"async\" class=\"pkw-product__image-brand\" title=\"A\u03bd\u03c4\u03b1\u03bb\u03bb\u03b1\u03ba\u03c4\u03b9\u03ba\u03ac LPR\" src=\"https:\/\/cdn.pkwteile.de\/brands\/thumbs\/480.png?m=2&amp;ccf=54602244\" alt=\"LPR A\u03bd\u03c4\u03b1\u03bb\u03bb\u03b1\u03ba\u03c4\u03b9\u03ba\u03ac \u03b3\u03bd\u03ae\u03c3\u03b9\u03b1 \u03b1\u03bd\u03c4\u03b1\u03bb\u03bb\u03b1\u03ba\u03c4\u03b9\u03ba\u03ac\" \/><\/a><\/h3>\n<h4><span style=\"color: #008000\">EAN : 8032532061978\u00a0 \u00a0 \u00a0 \u00a0 \u00a0 \u00a0 \u00a0 \u00a0 \u00a0 \u00a0 \u00a0 \u00a0 \u00a0 \u00a0 \u00a0 \u00a0 \u00a0 \u00a0 \u00a0 \u00a0 \u00a0 \u00a0 \u00a0 \u00a0 \u00a0 \u00a0 \u00a0 \u00a0 \u00a0 \u00a0 \u00a0 <\/span><\/h4>\n<h4><span style=\"color: #008000\"> Ferrota freni <span style=\"color: #800000\">Mercedes-Benz MB 100 (W631) 2.4 D t\u00eb I-ra <\/span><\/span><\/h4>\n<h4><span style=\"color: #800000\">Furgon Mikrobus Viti.1988-1996<\/span><\/h4>\n<h4 class=\"refnumbers__listheader\"><span style=\"color: #800000\"><strong>OEM part number equivalent<\/strong><\/span><\/h4>\n<div class=\"refnumbers__group\">\n<ul class=\"refnumbers__list\">\n<li class=\"refnumbers__item\"><span style=\"color: #008000\"><span class=\"refnumbers__refnumber\">6014217720<\/span>\u00a0<span class=\"refnumbers__manufacturer\">MERCEDES<\/span><\/span><\/li>\n<li class=\"refnumbers__item\"><span style=\"color: #008000\"><span class=\"refnumbers__refnumber\">6314200120<\/span>\u00a0<span class=\"refnumbers__manufacturer\">MERCEDES<\/span><\/span><\/li>\n<li class=\"refnumbers__item\"><span style=\"color: #008000\"><span class=\"refnumbers__refnumber\">6314200320<\/span>\u00a0<span class=\"refnumbers__manufacturer\">MERCEDES<\/span><\/span><\/li>\n<li class=\"refnumbers__item\"><span style=\"color: #008000\"><span class=\"refnumbers__refnumber\">A6014217720<\/span>\u00a0<span class=\"refnumbers__manufacturer\">MERCEDES<\/span><\/span><\/li>\n<li class=\"refnumbers__item\"><span style=\"color: #008000\"><span class=\"refnumbers__refnumber\">A6314200120<\/span>\u00a0<span class=\"refnumbers__manufacturer\">MERCEDES<\/span><\/span><\/li>\n<li class=\"refnumbers__item\"><span style=\"color: #008000\"><span style=\"color: #008000\"><span class=\"refnumbers__refnumber\">A6314200320<\/span>\u00a0<span class=\"refnumbers__manufacturer\">MERCEDES\u00a0 \u00a0 \u00a0 \u00a0 \u00a0 \u00a0 \u00a0 \u00a0 \u00a0 \u00a0 \u00a0 \u00a0 \u00a0 \u00a0 \u00a0 \u00a0 \u00a0 \u00a0 \u00a0 \u00a0 \u00a0 \u00a0 \u00a0 \u00a0 \u00a0 \u00a0 \u00a0 \u00a0 \u00a0 \u00a0 \u00a0 \u00a0 \u00a0 \u00a0 \u00a0 \u00a0 \u00a0 \u00a0 \u00a0 \u00a0 \u00a0 \u00a0 \u00a0 \u00a0 \u00a0 \u00a0 \u00a0 \u00a0 \u00a0 \u00a0 \u00a0 \u00a0 \u00a0 \u00a0 \u00a0 \u00a0 \u00a0 \u00a0 \u00a0 \u00a0 \u00a0 \u00a0 \u00a0 \u00a0 \u00a0 \u00a0 \u00a0 \u00a0 \u00a0 \u00a0 \u00a0 \u00a0 \u00a0 \u00a0 \u00a0 \u00a0 \u00a0 \u00a0 \u00a0 \u00a0 \u00a0 \u00a0 \u00a0 \u00a0 \u00a0 \u00a0 \u00a0 \u00a0 \u00a0 \u00a0 \u00a0 \u00a0 \u00a0 \u00a0 \u00a0 \u00a0 \u00a0 \u00a0 \u00a0 \u00a0 \u00a0 \u00a0 \u00a0 \u00a0 \u00a0 \u00a0 \u00a0 \u00a0 \u00a0 \u00a0 \u00a0 \u00a0 \u00a0 \u00a0 \u00a0 \u00a0 \u00a0 \u00a0 \u00a0 \u00a0 \u00a0 \u00a0 \u00a0 \u00a0 \u00a0 \u00a0 \u00a0 \u00a0 \u00a0 \u00a0 \u00a0 \u00a0 \u00a0 \u00a0 \u00a0 \u00a0<\/span><\/span><\/span>\n<div class=\"refnumbers__listheader\"><span style=\"color: #003300\"><strong>Replacement numbers<\/strong><\/span><\/div>\n<div class=\"refnumbers__group\">\n<ul class=\"refnumbers__list\">\n<li class=\"refnumbers__item\"><span style=\"color: #993300\"><span class=\"refnumbers__refnumber\">AC458581D<\/span>\u00a0 \u00a0<span class=\"refnumbers__manufacturer\">AC DELCO<\/span><\/span><\/li>\n<li class=\"refnumbers__item\"><span style=\"color: #993300\"><span class=\"refnumbers__refnumber\">AN4220K<\/span>\u00a0 \u00a0<span class=\"refnumbers__manufacturer\">AKEBONO<\/span><\/span><\/li>\n<li class=\"refnumbers__item\"><span style=\"color: #993300\"><span class=\"refnumbers__refnumber\">B00GI53T86<\/span>\u00a0 \u00a0<span class=\"refnumbers__manufacturer\">AMAZON (ASIN)<\/span><\/span><\/li>\n<li class=\"refnumbers__item\"><span style=\"color: #993300\"><span class=\"refnumbers__refnumber\">05P415<\/span>\u00a0 \u00a0<span class=\"refnumbers__manufacturer\">ARTNR_Z_TCD<\/span><\/span><\/li>\n<li class=\"refnumbers__item\"><span style=\"color: #993300\"><span class=\"refnumbers__refnumber\">13.0460-3945.2<\/span>\u00a0 \u00a0<span class=\"refnumbers__manufacturer\">ATE &#8211; TEVES<\/span><\/span><\/li>\n<li class=\"refnumbers__item\"><span style=\"color: #993300\"><span class=\"refnumbers__refnumber\">571521B<\/span>\u00a0 \u00a0<span class=\"refnumbers__manufacturer\">BENDIX<\/span><\/span><\/li>\n<li class=\"refnumbers__item\"><span style=\"color: #993300\"><span class=\"refnumbers__refnumber\">0 986 460 947<\/span>\u00a0 \u00a0<span class=\"refnumbers__manufacturer\">BOSCH<\/span><\/span><\/li>\n<li class=\"refnumbers__item\"><span style=\"color: #993300\"><span class=\"refnumbers__refnumber\">PA1213<\/span>\u00a0 \u00a0<span class=\"refnumbers__manufacturer\">BRAKE ENGINEERING<\/span><\/span><\/li>\n<li class=\"refnumbers__item\"><span style=\"color: #993300\"><span class=\"refnumbers__refnumber\">PA998<\/span>\u00a0 \u00a0<span class=\"refnumbers__manufacturer\">BRAKE ENGINEERING<\/span><\/span><\/li>\n<li class=\"refnumbers__item\"><span style=\"color: #993300\"><span class=\"refnumbers__refnumber\">822-055-1<\/span>\u00a0 \u00a0<span class=\"refnumbers__manufacturer\">CIFAM<\/span><\/span><\/li>\n<li class=\"refnumbers__item\"><span style=\"color: #993300\"><span class=\"refnumbers__refnumber\">8220550<\/span>\u00a0 \u00a0<span class=\"refnumbers__manufacturer\">CIFAM<\/span><\/span><\/li>\n<li class=\"refnumbers__item\"><span style=\"color: #993300\"><span class=\"refnumbers__refnumber\">ADB01089<\/span>\u00a0 \u00a0<span class=\"refnumbers__manufacturer\">COMLINE<\/span><\/span><\/li>\n<li class=\"refnumbers__item\"><span style=\"color: #993300\"><span class=\"refnumbers__refnumber\">LP735<\/span>\u00a0 \u00a0<span class=\"refnumbers__manufacturer\">DELPHI<\/span><\/span><\/li>\n<li class=\"refnumbers__item\"><span style=\"color: #993300\"><span class=\"refnumbers__refnumber\">FDB752<\/span>\u00a0 \u00a0<span class=\"refnumbers__manufacturer\">FERODO<\/span><\/span><\/li>\n<li class=\"refnumbers__item\"><span style=\"color: #993300\"><span class=\"refnumbers__refnumber\">FDB941<\/span>\u00a0 \u00a0<span class=\"refnumbers__manufacturer\">FERODO<\/span><\/span><\/li>\n<li class=\"refnumbers__item\"><span style=\"color: #993300\"><span class=\"refnumbers__refnumber\">FVR752<\/span>\u00a0 \u00a0<span class=\"refnumbers__manufacturer\">FERODO<\/span><\/span><\/li>\n<li class=\"refnumbers__item\"><span style=\"color: #993300\"><span class=\"refnumbers__refnumber\">FVR941<\/span>\u00a0 \u00a0<span class=\"refnumbers__manufacturer\">FERODO<\/span><\/span><\/li>\n<li class=\"refnumbers__item\"><span style=\"color: #993300\"><span class=\"refnumbers__refnumber\">0570<\/span>\u00a0 \u00a0<span class=\"refnumbers__manufacturer\">FRI.TECH.<\/span><\/span><\/li>\n<li class=\"refnumbers__item\"><span style=\"color: #993300\"><span class=\"refnumbers__refnumber\">20306391<\/span>\u00a0 \u00a0<span class=\"refnumbers__manufacturer\">GALFER<\/span><\/span><\/li>\n<li class=\"refnumbers__item\"><span style=\"color: #993300\"><span class=\"refnumbers__refnumber\">140893<\/span>\u00a0 \u00a0<span class=\"refnumbers__manufacturer\">ICER<\/span><\/span><\/li>\n<li class=\"refnumbers__item\"><span style=\"color: #993300\"><span class=\"refnumbers__refnumber\">140558<\/span>\u00a0 \u00a0<span class=\"refnumbers__manufacturer\">INTER CARS\u00a0<\/span><\/span><\/li>\n<li class=\"refnumbers__item\"><span style=\"color: #993300\"><span class=\"refnumbers__refnumber\">140813<\/span>\u00a0 \u00a0<span class=\"refnumbers__manufacturer\">INTER CARS\u00a0<\/span><\/span><\/li>\n<li class=\"refnumbers__item\"><span style=\"color: #993300\"><span class=\"refnumbers__refnumber\">T4067<\/span>\u00a0 \u00a0<span class=\"refnumbers__manufacturer\">INTER CARS\u00a0<\/span><\/span><\/li>\n<li class=\"refnumbers__item\"><span style=\"color: #993300\"><span class=\"refnumbers__refnumber\">21573<\/span>\u00a0\u00a0<span class=\"refnumbers__manufacturer\">INTER CARS\u00a0<\/span><\/span><\/li>\n<li class=\"refnumbers__item\"><span style=\"color: #993300\"><span class=\"refnumbers__refnumber\">T4047<\/span> \u00a0<span class=\"refnumbers__manufacturer\">INTER CARS\u00a0<\/span><\/span><\/li>\n<li class=\"refnumbers__item\"><span style=\"color: #993300\"><span class=\"refnumbers__refnumber\">458581<\/span>\u00a0 \u00a0<span class=\"refnumbers__manufacturer\">INTER CARS\u00a0<\/span><\/span><\/li>\n<li class=\"refnumbers__item\"><span style=\"color: #993300\"><span class=\"refnumbers__refnumber\">598000<\/span>\u00a0 \u00a0<span class=\"refnumbers__manufacturer\">INTER CARS\u00a0<\/span><\/span><\/li>\n<li class=\"refnumbers__item\"><span style=\"color: #993300\"><span class=\"refnumbers__refnumber\">BL1442A1<\/span>\u00a0 \u00a0<span class=\"refnumbers__manufacturer\">INTER CARS\u00a0<\/span><\/span><\/li>\n<li class=\"refnumbers__item\"><span style=\"color: #993300\"><span class=\"refnumbers__refnumber\">BL2735A1<\/span>\u00a0 \u00a0<span class=\"refnumbers__manufacturer\">INTER CARS\u00a0<\/span><\/span><\/li>\n<li class=\"refnumbers__item\"><span style=\"color: #993300\"><span class=\"refnumbers__refnumber\">FVR627<\/span>\u00a0 \u00a0<span class=\"refnumbers__manufacturer\">INTER CARS\u00a0<\/span><\/span><\/li>\n<li class=\"refnumbers__item\"><span style=\"color: #993300\"><span class=\"refnumbers__refnumber\">FVR752\u00a0 <\/span>\u00a0<span class=\"refnumbers__manufacturer\">INTER CARS\u00a0<\/span><\/span><\/li>\n<li class=\"refnumbers__item\"><span style=\"color: #993300\"><span class=\"refnumbers__refnumber\">FVR941<\/span>\u00a0 \u00a0<span class=\"refnumbers__manufacturer\">INTER CARS\u00a0<\/span><\/span><\/li>\n<li class=\"refnumbers__item\"><span style=\"color: #993300\"><span class=\"refnumbers__refnumber\">GDB1070<\/span>\u00a0 \u00a0<span class=\"refnumbers__manufacturer\">INTER CARS <\/span><\/span><\/li>\n<li class=\"refnumbers__item\"><span style=\"color: #993300\"><span class=\"refnumbers__refnumber\">LP735<\/span>\u00a0 \u00a0<span class=\"refnumbers__manufacturer\">INTER CARS\u00a0<\/span><\/span><\/li>\n<li class=\"refnumbers__item\"><span style=\"color: #993300\"><span class=\"refnumbers__refnumber\">SF2751<\/span>\u00a0 \u00a0<span class=\"refnumbers__manufacturer\">INTER CARS\u00a0<\/span><\/span><\/li>\n<li class=\"refnumbers__item\"><span style=\"color: #993300\"><span class=\"refnumbers__refnumber\">WOKP0423.00<\/span>\u00a0 \u00a0<span class=\"refnumbers__manufacturer\">INTER CARS\u00a0<\/span><\/span><\/li>\n<li class=\"refnumbers__item\"><span style=\"color: #993300\"><span class=\"refnumbers__refnumber\">WOKP0423.20<\/span>\u00a0 \u00a0<span class=\"refnumbers__manufacturer\">INTER CARS\u00a0<\/span><\/span><\/li>\n<li class=\"refnumbers__item\"><span style=\"color: #993300\"><span class=\"refnumbers__refnumber\">2093400<\/span>\u00a0 \u00a0<span class=\"refnumbers__manufacturer\">JURID<\/span><\/span><\/li>\n<li class=\"refnumbers__item\"><span style=\"color: #993300\"><span class=\"refnumbers__refnumber\">571521J<\/span>\u00a0 \u00a0<span class=\"refnumbers__manufacturer\">JURID<\/span><\/span><\/li>\n<li class=\"refnumbers__item\"><span style=\"color: #993300\"><span class=\"refnumbers__refnumber\">350315<\/span>\u00a0 \u00a0<span class=\"refnumbers__manufacturer\">KAGER<\/span><\/span><\/li>\n<li class=\"refnumbers__item\"><span style=\"color: #993300\"><span class=\"refnumbers__refnumber\">2200551<\/span>\u00a0 \u00a0<span class=\"refnumbers__manufacturer\">METELLI<\/span><\/span><\/li>\n<li class=\"refnumbers__item\"><span style=\"color: #993300\"><span class=\"refnumbers__refnumber\">MDB 1470<\/span>\u00a0 \u00a0<span class=\"refnumbers__manufacturer\">MINTEX<\/span><\/span><\/li>\n<li class=\"refnumbers__item\"><span style=\"color: #993300\"><span class=\"refnumbers__refnumber\">T9005<\/span>\u00a0 \u00a0<span class=\"refnumbers__manufacturer\">PAGID<\/span><\/span><\/li>\n<li class=\"refnumbers__item\"><span style=\"color: #993300\"><span class=\"refnumbers__refnumber\">T9025<\/span>\u00a0 \u00a0<span class=\"refnumbers__manufacturer\">PAGID<\/span><\/span><\/li>\n<li class=\"refnumbers__item\"><span style=\"color: #993300\"><span class=\"refnumbers__refnumber\">BP675<\/span>\u00a0 \u00a0<span class=\"refnumbers__manufacturer\">QUINTON HAZELL<\/span><\/span><\/li>\n<li class=\"refnumbers__item\"><span style=\"color: #993300\"><span class=\"refnumbers__refnumber\">0142.10<\/span>\u00a0 \u00a0<span class=\"refnumbers__manufacturer\">REMSA<\/span><\/span><\/li>\n<li class=\"refnumbers__item\"><span style=\"color: #993300\"><span class=\"refnumbers__refnumber\">0142.20<\/span>\u00a0 \u00a0<span class=\"refnumbers__manufacturer\">REMSA<\/span><\/span><\/li>\n<li class=\"refnumbers__item\"><span style=\"color: #993300\"><span class=\"refnumbers__refnumber\">014230<\/span>\u00a0 \u00a0<span class=\"refnumbers__manufacturer\">REMSA<\/span><\/span><\/li>\n<li class=\"refnumbers__item\"><span style=\"color: #993300\"><span class=\"refnumbers__refnumber\">2142.10<\/span>\u00a0 \u00a0<span class=\"refnumbers__manufacturer\">ROADHOUSE<\/span><\/span><\/li>\n<li class=\"refnumbers__item\"><span style=\"color: #993300\"><span class=\"refnumbers__refnumber\">2142.20<\/span>\u00a0 \u00a0<span class=\"refnumbers__manufacturer\">ROADHOUSE<\/span><\/span><\/li>\n<li class=\"refnumbers__item\"><span style=\"color: #993300\"><span class=\"refnumbers__refnumber\">2142.30<\/span>\u00a0 \u00a0<span class=\"refnumbers__manufacturer\">ROADHOUSE<\/span><\/span><\/li>\n<li class=\"refnumbers__item\"><span style=\"color: #993300\"><span class=\"refnumbers__refnumber\">51458581<\/span>\u00a0 \u00a0<span class=\"refnumbers__manufacturer\">ROULUNDS BRAKING<\/span><\/span><\/li>\n<li class=\"refnumbers__item\"><span style=\"color: #993300\"><span class=\"refnumbers__refnumber\">5SP415<\/span>\u00a0 \u00a0<span class=\"refnumbers__manufacturer\">SAMKO<\/span><\/span><\/li>\n<li class=\"refnumbers__item\"><span style=\"color: #993300\"><span class=\"refnumbers__refnumber\">2157302<\/span>\u00a0 \u00a0<span class=\"refnumbers__manufacturer\">TEXTAR<\/span><\/span><\/li>\n<li class=\"refnumbers__item\"><span style=\"color: #993300\"><span class=\"refnumbers__refnumber\">GDB1114<\/span>\u00a0 \u00a0<span class=\"refnumbers__manufacturer\">TRW<\/span><\/span><\/li>\n<li class=\"refnumbers__item\"><span style=\"color: #993300\"><span class=\"refnumbers__refnumber\">540441<\/span>\u00a0 \u00a0<span class=\"refnumbers__manufacturer\">VALEO<\/span><\/span><\/li>\n<li class=\"refnumbers__item\"><span style=\"color: #993300\"><span class=\"refnumbers__refnumber\">598000<\/span>\u00a0 \u00a0<span class=\"refnumbers__manufacturer\">VALEO<\/span><\/span><\/li>\n<li class=\"refnumbers__item\"><span style=\"color: #993300\"><span class=\"refnumbers__refnumber\">3847<\/span>\u00a0 \u00a0<span class=\"refnumbers__manufacturer\">WOKING<\/span><\/span><\/li>\n<\/ul>\n<div class=\"js-toggle toggle\">\n<div class=\"js-toggle-content toggle__content toggle__content--nopadding is-open\"><\/div>\n<\/div>\n<\/div>\n<\/li>\n<\/ul>\n<div class=\"js-toggle toggle\">\n<div class=\"js-toggle-content toggle__content toggle__content--nopadding is-open\"><\/div>\n<\/div>\n<\/div>\n","protected":false},"featured_media":587,"comment_status":"open","ping_status":"closed","template":"","meta":[],"product_cat":[55,149,71],"product_tag":[],"class_list":["post-586","product","type-product","status-publish","has-post-thumbnail","hentry","product_cat-ferrota-freni","product_cat-lpr","product_cat-mercedes-benz"],"_links":{"self":[{"href":"https:\/\/autonardiexpress.com\/shop\/wp-json\/wp\/v2\/product\/586","targetHints":{"allow":["GET"]}}],"collection":[{"href":"https:\/\/autonardiexpress.com\/shop\/wp-json\/wp\/v2\/product"}],"about":[{"href":"https:\/\/autonardiexpress.com\/shop\/wp-json\/wp\/v2\/types\/product"}],"replies":[{"embeddable":true,"href":"https:\/\/autonardiexpress.com\/shop\/wp-json\/wp\/v2\/comments?post=586"}],"wp:featuredmedia":[{"embeddable":true,"href":"https:\/\/autonardiexpress.com\/shop\/wp-json\/wp\/v2\/media\/587"}],"wp:attachment":[{"href":"https:\/\/autonardiexpress.com\/shop\/wp-json\/wp\/v2\/media?parent=586"}],"wp:term":[{"taxonomy":"product_cat","embeddable":true,"href":"https:\/\/autonardiexpress.com\/shop\/wp-json\/wp\/v2\/product_cat?post=586"},{"taxonomy":"product_tag","embeddable":true,"href":"https:\/\/autonardiexpress.com\/shop\/wp-json\/wp\/v2\/product_tag?post=586"}],"curies":[{"name":"wp","href":"https:\/\/api.w.org\/{rel}","templated":true}]}}