{"id":577,"date":"2023-05-19T12:32:39","date_gmt":"2023-05-19T11:32:39","guid":{"rendered":"https:\/\/autonardiexpress.com\/shop\/?post_type=product&#038;p=577"},"modified":"2023-05-19T13:35:33","modified_gmt":"2023-05-19T12:35:33","slug":"kushineta-dopjo-4","status":"publish","type":"product","link":"https:\/\/autonardiexpress.com\/shop\/produkt\/kushineta-dopjo-4\/","title":{"rendered":"Kushineta dopjo"},"content":{"rendered":"<h3><span style=\"color: #0000ff\">Kushineta dopjo (Moco) <\/span><\/h3>\n<h3><span style=\"color: #333399\">BAF-0058 B\/VK210\u00a0<\/span> \u00a0 \u00a0<a href=\"https:\/\/www.antallaktikaonline.gr\/exartimaton-aftokiniton-kataskeuastes\/skf\"><img loading=\"lazy\" decoding=\"async\" class=\"pkw-product__image-brand\" title=\"A\u03bd\u03c4\u03b1\u03bb\u03bb\u03b1\u03ba\u03c4\u03b9\u03ba\u03ac, \u03c0\u03b5\u03c1\u03b9\u03c0\u03bf\u03af\u03b7\u03c3\u03b7 \u03b1\u03c5\u03c4\u03bf\u03ba\u03b9\u03bd\u03ae\u03c4\u03bf\u03c5, \u03b5\u03c1\u03b3\u03b1\u03bb\u03b5\u03af\u03b1 SKF\" src=\"https:\/\/cdn.pkwteile.de\/brands\/thumbs\/50.png?m=2&amp;ccf=87856753\" alt=\"SKF A\u03bd\u03c4\u03b1\u03bb\u03bb\u03b1\u03ba\u03c4\u03b9\u03ba\u03ac, \u03a0\u03b5\u03c1\u03b9\u03c0\u03bf\u03af\u03b7\u03c3\u03b7 \u03b1\u03c5\u03c4\u03bf\u03ba\u03b9\u03bd\u03ae\u03c4\u03bf\u03c5, \u0395\u03c1\u03b3\u03b1\u03bb\u03b5\u03af\u03b1 \u03b3\u03bd\u03ae\u03c3\u03b9\u03b1 \u03b1\u03bd\u03c4\u03b1\u03bb\u03bb\u03b1\u03ba\u03c4\u03b9\u03ba\u03ac\" width=\"183\" height=\"43\" \/><\/a><\/h3>\n<div class=\"pkw-product__rowspan\"><\/div>\n<div class=\"pkw-product__rowspan js-product-click-stars\" data-type=\"article\" data-articleid=\"1362660\" data-rating=\"8\">\n<h3 class=\"pkw-product__rating\" data-rating=\"8\"><span style=\"color: #0000ff\">\u03a3\u03b5\u03c4 \u03c1\u03bf\u03c5\u03bb\u03b5\u03bc\u03ac\u03bd \u03c4\u03c1\u03bf\u03c7\u03ce\u03bd\u00a0 \u00a0 \u00a0 \u00a0 \u00a0 \u00a0 \u00a0 \u00a0 \u00a0 \u00a0 \u00a0 \u00a0 \u00a0 \u00a0 \u00a0 \u00a0 \u00a0 \u00a0 \u00a0 \u00a0 \u00a0 \u00a0 \u00a0 \u00a0 \u00a0 \u00a0 \u00a0 \u00a0 \u00a0 \u00a0 \u00a0 <\/span><\/h3>\n<h3 class=\"pkw-product__rating\" data-rating=\"8\"><span style=\"color: #0000ff\"> Wheel bearing set\u00a0 \u00a0 \u00a0 \u00a0 \u00a0 \u00a0 \u00a0 \u00a0 \u00a0 \u00a0 \u00a0 \u00a0 \u00a0 \u00a0 \u00a0 \u00a0 \u00a0 \u00a0 \u00a0 \u00a0 \u00a0 \u00a0 \u00a0 \u00a0 \u00a0 \u00a0 \u00a0 \u00a0 \u00a0 \u00a0 \u00a0 \u00a0 \u00a0 \u00a0 <\/span><\/h3>\n<h3 class=\"pkw-product__rating\" data-rating=\"8\"><span style=\"color: #0000ff\"> Kit cuscinetti ruota\u00a0 \u00a0 \u00a0 \u00a0 \u00a0 \u00a0 \u00a0 \u00a0 \u00a0 \u00a0 \u00a0 \u00a0 \u00a0 \u00a0 \u00a0 \u00a0 \u00a0 \u00a0 \u00a0 \u00a0 \u00a0 \u00a0 \u00a0 \u00a0 \u00a0 \u00a0 \u00a0 \u00a0 \u00a0 \u00a0 \u00a0 \u00a0 \u00a0 <\/span><\/h3>\n<h3 class=\"pkw-product__rating\" data-rating=\"8\"><span style=\"color: #0000ff\">T\u00eb ngjash\u00ebm me numrat OEM vet\u00ebm p\u00ebr krahasim\u00a0 \u00a0 \u00a0 \u00a0 \u00a0 \u00a0 \u00a0 <\/span><\/h3>\n<h4 class=\"pkw-product__rating\" data-rating=\"8\"><span style=\"color: #0000ff\">SEAT, VW (6X0 598 477)<\/span><\/h4>\n<h4 class=\"pkw-product__rating\" data-rating=\"8\"><span style=\"color: #0000ff\">VW (6X0 501 477)<\/span><\/h4>\n<h4><span style=\"color: #0000ff\">Prodhuesi ,Modeli ,Lloji ,Fuqia n\u00eb KW Viti i prodhimit\u00a0 \u00a0 \u00a0 \u00a0 \u00a0 \u00a0 \u00a0 \u00a0 \u00a0<\/span><\/h4>\n<ul class=\"pkw-product-models js-ajax-product-compatibility\" data-car-type=\"\">\n<li class=\"pkw-product-maker__line pkw-product-models__line_active\" data-maker-id=\"104\"><span style=\"color: #0000ff\">SEAT<\/span>\n<ul class=\"pkw-product-models__list\">\n<li class=\"pkw-product-models__product\"><span style=\"color: #0000ff\"><b class=\"button_dropdown_list\" data-maker=\"104\" data-model=\"93\" data-prod=\"1362660\"><i class=\"icon arrow\"><\/i>SEAT C\u00f3rdoba I Sedan (6K1, 6K2) ( 02.1993 &#8211; 10.2002 , 50 &#8211; 156 PS)<\/b><\/span><\/li>\n<li class=\"pkw-product-models__product\"><span style=\"color: #0000ff\"><b class=\"button_dropdown_list\" data-maker=\"104\" data-model=\"569\" data-prod=\"1362660\"><i class=\"icon arrow\"><\/i>SEAT Ibiza II (6K1) ( 03.1993 &#8211; 02.2002 , 50 &#8211; 180 PS)<\/b><\/span><\/li>\n<li class=\"pkw-product-models__product\"><span style=\"color: #0000ff\"><b class=\"button_dropdown_list\" data-maker=\"104\" data-model=\"1903\" data-prod=\"1362660\"><i class=\"icon arrow\"><\/i>SEAT Arosa (6H) ( 05.1997 &#8211; 06.2004 , 50 &#8211; 100 PS)<\/b><\/span><\/li>\n<li class=\"pkw-product-models__product\"><span style=\"color: #0000ff\"><b class=\"button_dropdown_list\" data-maker=\"104\" data-model=\"1992\" data-prod=\"1362660\"><i class=\"icon arrow\"><\/i>SEAT C\u00f3rdoba I Vario (6K5) ( 08.1996 &#8211; 12.2002 , 60 &#8211; 110 PS)<\/b><\/span><\/li>\n<\/ul>\n<\/li>\n<li class=\"pkw-product-maker__line pkw-product-models__line_active\" data-maker-id=\"121\"><span style=\"color: #0000ff\">VW<\/span>\n<ul class=\"pkw-product-models__list\">\n<li class=\"pkw-product-models__product\"><span style=\"color: #0000ff\"><b class=\"button_dropdown_list\" data-maker=\"121\" data-model=\"427\" data-prod=\"1362660\"><i class=\"icon arrow\"><\/i>VW Polo III Hatchback (6N1) ( 10.1994 &#8211; 10.1999 , 50 &#8211; 120 PS)<\/b><\/span><\/li>\n<li class=\"pkw-product-models__product\"><span style=\"color: #0000ff\"><b class=\"button_dropdown_list\" data-maker=\"121\" data-model=\"1482\" data-prod=\"1362660\"><i class=\"icon arrow\"><\/i>VW Polo III Classic (6V2) ( 11.1995 &#8211; 07.2002 , 57 &#8211; 116 PS)<\/b><\/span><\/li>\n<li class=\"pkw-product-models__product\"><span style=\"color: #0000ff\"><b class=\"button_dropdown_list\" data-maker=\"121\" data-model=\"1993\" data-prod=\"1362660\"><i class=\"icon arrow\"><\/i>VW Polo III Variant (6V5) ( 05.1997 &#8211; 09.2001 , 54 &#8211; 110 PS)<\/b><\/span><\/li>\n<li class=\"pkw-product-models__product\"><span style=\"color: #0000ff\"><b class=\"button_dropdown_list\" data-maker=\"121\" data-model=\"3398\" data-prod=\"1362660\"><i class=\"icon arrow\"><\/i>VW Lupo \/ Lupo 3L (6X1, 6E1) ( 09.1998 &#8211; 07.2005 , 50 &#8211; 125 PS)<\/b><\/span><\/li>\n<li class=\"pkw-product-models__product\"><span style=\"color: #0000ff\"><b class=\"button_dropdown_list\" data-maker=\"121\" data-model=\"4528\" data-prod=\"1362660\"><i class=\"icon arrow\"><\/i>VW Polo III Hatchback (6N2) ( 10.1999 &#8211; 09.2001 , 50 &#8211; 125 PS)<\/b><\/span><\/li>\n<\/ul>\n<\/li>\n<\/ul>\n<\/div>\n","protected":false},"excerpt":{"rendered":"<h3><span style=\"color: #0000ff\">Kushineta dopjo (Moco) <\/span><\/h3>\n<h3><span style=\"color: #333399\">BAF-0058 B\/VK210\u00a0<\/span> \u00a0 \u00a0<a href=\"https:\/\/www.antallaktikaonline.gr\/exartimaton-aftokiniton-kataskeuastes\/skf\"><img loading=\"lazy\" decoding=\"async\" class=\"pkw-product__image-brand\" title=\"A\u03bd\u03c4\u03b1\u03bb\u03bb\u03b1\u03ba\u03c4\u03b9\u03ba\u03ac, \u03c0\u03b5\u03c1\u03b9\u03c0\u03bf\u03af\u03b7\u03c3\u03b7 \u03b1\u03c5\u03c4\u03bf\u03ba\u03b9\u03bd\u03ae\u03c4\u03bf\u03c5, \u03b5\u03c1\u03b3\u03b1\u03bb\u03b5\u03af\u03b1 SKF\" src=\"https:\/\/cdn.pkwteile.de\/brands\/thumbs\/50.png?m=2&amp;ccf=87856753\" alt=\"SKF A\u03bd\u03c4\u03b1\u03bb\u03bb\u03b1\u03ba\u03c4\u03b9\u03ba\u03ac, \u03a0\u03b5\u03c1\u03b9\u03c0\u03bf\u03af\u03b7\u03c3\u03b7 \u03b1\u03c5\u03c4\u03bf\u03ba\u03b9\u03bd\u03ae\u03c4\u03bf\u03c5, \u0395\u03c1\u03b3\u03b1\u03bb\u03b5\u03af\u03b1 \u03b3\u03bd\u03ae\u03c3\u03b9\u03b1 \u03b1\u03bd\u03c4\u03b1\u03bb\u03bb\u03b1\u03ba\u03c4\u03b9\u03ba\u03ac\" width=\"183\" height=\"43\" \/><\/a><\/h3>\n<h3><span style=\"color: #0000ff\">OEM : 6X0 598 477\u00a0 Seat-Volkswagen\u00a0 \u00a0 \u00a0 \u00a0 \u00a0 \u00a0 \u00a0 \u00a0 \u00a0 \u00a0 \u00a0 \u00a0 \u00a0 \u00a0 \u00a0 \u00a0 \u00a0 \u00a0<\/span><\/h3>\n<h3 class=\"pkw-product__rating\" data-rating=\"8\"><span style=\"color: #0000ff\">T\u00eb ngjash\u00ebm p\u00ebr krahasim\u00a0 \u00a0 \u00a0 \u00a0 \u00a0 \u00a0 \u00a0 \u00a0 \u00a0 \u00a0 \u00a0 \u00a0 \u00a0 \u00a0 \u00a0 \u00a0\u00a0<\/span><\/h3>\n<h3 class=\"pkw-product__rating\" data-rating=\"8\"><span style=\"color: #0000ff\">VKBC 20169 &amp; VKBA 3549\u00a0 \u00a0 \u00a0 \u00a0 \u00a0 \u00a0 \u00a0 \u00a0 \u00a0 \u00a0 \u00a0 \u00a0 \u00a0 \u00a0 \u00a0 \u00a0 \u00a0 \u00a0 \u00a0 \u00a0 \u00a0 \u00a0 \u00a0 \u00a0 \u00a0 \u00a0 \u00a0 <\/span><\/h3>\n<h3 class=\"pkw-product__rating\" data-rating=\"8\"><span style=\"color: #0000ff\">EAN : 7316571657165 \u00a0 \u00a0 \u00a0 \u00a0 \u00a0 \u00a0 \u00a0 \u00a0 \u00a0 \u00a0 \u00a0 \u00a0 \u00a0 \u00a0 \u00a0 \u00a0 \u00a0 \u00a0 \u00a0 \u00a0 \u00a0 \u00a0 \u00a0 \u00a0 \u00a0 \u00a0 \u00a0 \u00a0 \u00a0 \u00a0 \u00a0<\/span><\/h3>\n<h3 class=\"pkw-product__rating\" data-rating=\"8\"><span style=\"color: #0000ff\"> Kushineta dopjo \u00d8:28x120x62mm Seat Arosa ,Cordoba <\/span><\/h3>\n<h3 class=\"pkw-product__rating\" data-rating=\"8\"><span style=\"color: #0000ff\">,Ibiza &amp; <\/span><span style=\"color: #0000ff\">Volkswagen Lupo ,Polo t\u00eb II-ta pa anello ABS <\/span><\/h3>\n<h3 class=\"pkw-product__rating\" data-rating=\"8\"><span style=\"color: #0000ff\">Viti.1993-2005\u00a0 \u00a0 \u00a0 \u00a0 \u00a0 \u00a0 \u00a0 \u00a0 \u00a0 \u00a0 \u00a0<\/span><\/h3>\n<ul class=\"refnumbers__list\">\n<li class=\"refnumbers__item\"><span style=\"color: #003300\"><span class=\"refnumbers__refnumber\">5445<\/span>\u00a0 \u00a0<span class=\"refnumbers__manufacturer\">EVR<\/span><\/span><\/li>\n<li class=\"refnumbers__item\"><span style=\"color: #003300\"><span class=\"refnumbers__refnumber\">5461<\/span>\u00a0 \u00a0<span class=\"refnumbers__manufacturer\">EVR<\/span><\/span><\/li>\n<li class=\"refnumbers__item\"><span style=\"color: #003300\"><span class=\"refnumbers__refnumber\">713 610 320<\/span>\u00a0 \u00a0<span class=\"refnumbers__manufacturer\">FAG<\/span><\/span><\/li>\n<li class=\"refnumbers__item\"><span style=\"color: #003300\"><span class=\"refnumbers__refnumber\">713 6102 10<\/span>\u00a0 \u00a0<span class=\"refnumbers__manufacturer\">FAG<\/span><\/span><\/li>\n<li class=\"refnumbers__item\"><span style=\"color: #003300\"><span class=\"refnumbers__refnumber\">22556<\/span>\u00a0 \u00a0<span class=\"refnumbers__manufacturer\">FEBI<\/span><\/span><\/li>\n<li class=\"refnumbers__item\"><span style=\"color: #003300\"><span class=\"refnumbers__refnumber\">28168<\/span>\u00a0 \u00a0<span class=\"refnumbers__manufacturer\">FEBI<\/span><\/span><\/li>\n<li class=\"refnumbers__item\"><span style=\"color: #003300\"><span class=\"refnumbers__refnumber\">10\/21<\/span>\u00a0 \u00a0<span class=\"refnumbers__manufacturer\">HK<\/span><\/span><\/li>\n<li class=\"refnumbers__item\"><span style=\"color: #003300\"><span class=\"refnumbers__refnumber\">10\/32<\/span>\u00a0 \u00a0<span class=\"refnumbers__manufacturer\">HK<\/span><\/span><\/li>\n<li class=\"refnumbers__item\"><span style=\"color: #003300\"><span class=\"refnumbers__refnumber\">11963<\/span>\u00a0 \u00a0<span class=\"refnumbers__manufacturer\">HK<\/span><\/span><\/li>\n<li class=\"refnumbers__item\"><span style=\"color: #003300\"><span class=\"refnumbers__refnumber\">44470<\/span>\u00a0<span class=\"refnumbers__manufacturer\">HK<\/span><\/span><\/li>\n<li class=\"refnumbers__item\"><span style=\"color: #003300\"><span class=\"refnumbers__refnumber\">109 701<\/span>\u00a0 \u00a0<span class=\"refnumbers__manufacturer\">INTER CARS\u00a0<\/span><\/span><\/li>\n<li class=\"refnumbers__item\"><span style=\"color: #003300\"><span class=\"refnumbers__refnumber\">4703-03-5445P<\/span> \u00a0<span class=\"refnumbers__manufacturer\">INTER CARS\u00a0<\/span><\/span><\/li>\n<li class=\"refnumbers__item\"><span style=\"color: #003300\"><span class=\"refnumbers__refnumber\">5461<\/span>\u00a0 \u00a0<span class=\"refnumbers__manufacturer\">INTER CARS\u00a0<\/span><\/span><\/li>\n<li class=\"refnumbers__item\"><span style=\"color: #003300\"><span class=\"refnumbers__refnumber\">903.464\u00a0 <\/span><span class=\"refnumbers__manufacturer\">INTER CARS\u00a0<\/span><\/span><\/li>\n<li class=\"refnumbers__item\"><span style=\"color: #003300\"><span class=\"refnumbers__refnumber\">EVR5461\u00a0 <\/span><span class=\"refnumbers__manufacturer\">INTER CARS\u00a0<\/span><\/span><\/li>\n<li class=\"refnumbers__item\"><span style=\"color: #003300\"><span class=\"refnumbers__refnumber\">OPT102075<\/span>\u00a0 \u00a0<span class=\"refnumbers__manufacturer\">INTER CARS\u00a0<\/span><\/span><\/li>\n<li class=\"refnumbers__item\"><span style=\"color: #003300\"><span class=\"refnumbers__refnumber\">V10-8267<\/span>\u00a0 \u00a0<span class=\"refnumbers__manufacturer\">INTER CARS\u00a0<\/span><\/span><\/li>\n<li class=\"refnumbers__item\"><span style=\"color: #003300\"><span class=\"refnumbers__refnumber\">762331<\/span>\u00a0 \u00a0<span class=\"refnumbers__manufacturer\">NK<\/span><\/span><\/li>\n<li class=\"refnumbers__item\"><span style=\"color: #003300\"><span class=\"refnumbers__refnumber\">102 075<\/span>\u00a0 \u00a0<span class=\"refnumbers__manufacturer\">OPTIMAL<\/span><\/span><\/li>\n<li class=\"refnumbers__item\"><span style=\"color: #003300\"><span class=\"refnumbers__refnumber\">BK101257<\/span>\u00a0 \u00a0<span class=\"refnumbers__manufacturer\">QUINTON HAZELL<\/span><\/span><\/li>\n<li class=\"refnumbers__item\"><span style=\"color: #003300\"><span class=\"refnumbers__refnumber\">QWB 1257<\/span>\u00a0 \u00a0<span class=\"refnumbers__manufacturer\">QUINTON HAZELL<\/span><\/span><\/li>\n<li class=\"refnumbers__item\"><span style=\"color: #003300\"><span class=\"refnumbers__refnumber\">1401762331<\/span>\u00a0 \u00a0<span class=\"refnumbers__manufacturer\">SBS<\/span><\/span><\/li>\n<li class=\"refnumbers__item\"><span style=\"color: #003300\"><span class=\"refnumbers__refnumber\">762331<\/span>\u00a0 \u00a0<span class=\"refnumbers__manufacturer\">SBS<\/span><\/span><\/li>\n<li class=\"refnumbers__item\"><span style=\"color: #003300\"><span class=\"refnumbers__refnumber\">R 154.45<\/span>\u00a0 \u00a0<span class=\"refnumbers__manufacturer\">SNR<\/span><\/span><\/li>\n<li class=\"refnumbers__item\"><span style=\"color: #003300\"><span class=\"refnumbers__refnumber\">27177<\/span>\u00a0 \u00a0<span class=\"refnumbers__manufacturer\">SPIDAN<\/span><\/span><\/li>\n<\/ul>\n<div class=\"js-toggle toggle\">\n<div class=\"js-toggle-content toggle__content toggle__content--nopadding is-open\"><\/div>\n<\/div>\n<h3><span style=\"color: #0000ff\"><span style=\"color: #333300\">\u00a0<\/span> \u00a0 \u00a0 \u00a0 \u00a0 \u00a0 \u00a0 \u00a0 \u00a0 \u00a0 \u00a0 \u00a0 \u00a0 \u00a0 \u00a0 \u00a0 \u00a0 \u00a0 \u00a0 \u00a0<\/span><\/h3>\n","protected":false},"featured_media":578,"comment_status":"open","ping_status":"closed","template":"","meta":[],"product_cat":[79,33,66],"product_tag":[],"class_list":["post-577","product","type-product","status-publish","has-post-thumbnail","hentry","product_cat-seat","product_cat-skf","product_cat-volkswagen"],"_links":{"self":[{"href":"https:\/\/autonardiexpress.com\/shop\/wp-json\/wp\/v2\/product\/577","targetHints":{"allow":["GET"]}}],"collection":[{"href":"https:\/\/autonardiexpress.com\/shop\/wp-json\/wp\/v2\/product"}],"about":[{"href":"https:\/\/autonardiexpress.com\/shop\/wp-json\/wp\/v2\/types\/product"}],"replies":[{"embeddable":true,"href":"https:\/\/autonardiexpress.com\/shop\/wp-json\/wp\/v2\/comments?post=577"}],"wp:featuredmedia":[{"embeddable":true,"href":"https:\/\/autonardiexpress.com\/shop\/wp-json\/wp\/v2\/media\/578"}],"wp:attachment":[{"href":"https:\/\/autonardiexpress.com\/shop\/wp-json\/wp\/v2\/media?parent=577"}],"wp:term":[{"taxonomy":"product_cat","embeddable":true,"href":"https:\/\/autonardiexpress.com\/shop\/wp-json\/wp\/v2\/product_cat?post=577"},{"taxonomy":"product_tag","embeddable":true,"href":"https:\/\/autonardiexpress.com\/shop\/wp-json\/wp\/v2\/product_tag?post=577"}],"curies":[{"name":"wp","href":"https:\/\/api.w.org\/{rel}","templated":true}]}}