{"id":55,"date":"2021-05-15T20:12:53","date_gmt":"2021-05-15T19:12:53","guid":{"rendered":"https:\/\/autonardiexpress.com\/shop\/?post_type=product&#038;p=55"},"modified":"2024-04-18T15:45:23","modified_gmt":"2024-04-18T14:45:23","slug":"alkol-frenash-brake-fluid-sae-j-1703-bidon-500ml-dot-3-synthetic-per-abs-carlube","status":"publish","type":"product","link":"https:\/\/autonardiexpress.com\/shop\/produkt\/alkol-frenash-brake-fluid-sae-j-1703-bidon-500ml-dot-3-synthetic-per-abs-carlube\/","title":{"rendered":"Alkol frenash"},"content":{"rendered":"<p><strong><span style=\"color: #333399\">\u03a5\u03b3\u03c1\u03cc \u03c6\u03c1\u03ad\u03bd\u03c9\u03bd<\/span><\/strong><\/p>\n<p><strong><span style=\"color: #333399\">Brake Fluid<\/span><\/strong><\/p>\n<p><strong><span style=\"color: #333399\">Liquido dei freni<\/span><\/strong><\/p>\n<p><span style=\"color: #800000\">Rekomandohet p\u00ebr mekanizmat e frenave hidraulike t\u00eb tipit automobilistik t\u00eb makinave, automjeteve komerciale dhe moto\u00e7ikletave ku specifikohet niveli i m\u00ebsip\u00ebrm i performanc\u00ebs. Nuk rekomandohet p\u00ebr p\u00ebrdorim n\u00eb sistemet e frenave dhe pezullimit t\u00eb vajit mineral t\u00eb montuar n\u00eb disa modele Citroen, Jaguar dhe Rolls Royce. (Referojuni manualit)<\/span><\/p>\n<h4><span style=\"color: #333300\">T\u00eb gjitha pjes\u00ebt n\u00eb nj\u00eb v\u00ebnd \u2013 Zgjidhni tuajat n\u00eb faqen ton\u00eb .<\/span><\/h4>\n","protected":false},"excerpt":{"rendered":"<p><span style=\"color: #800000\"><strong>Alkol frenash<\/strong><\/span> <span style=\"color: #0000ff\">Brake Fluid SAE J-1705 bidon ( 500ml ) Dot-5.1 ESP &amp; ABS Synthetic<\/span> <span style=\"color: #ff0000\"><strong>CARLUBE<\/strong><\/span><\/p>\n<p><span style=\"color: #000080\"><strong>Kodi artikull<\/strong><\/span> <span style=\"color: #0000ff\">BFG050<\/span> <span style=\"color: #ff0000\"><strong>CARLUBE<\/strong><\/span><\/p>\n<p><span style=\"color: #008000\"><strong>Nr.<\/strong>108745<\/span><\/p>\n<p><span style=\"color: #000080\"><strong>EAN:<\/strong> 50552269<\/span><\/p>\n","protected":false},"featured_media":640,"comment_status":"open","ping_status":"closed","template":"","meta":[],"product_cat":[24,39],"product_tag":[27,28],"class_list":["post-55","product","type-product","status-publish","has-post-thumbnail","hentry","product_cat-alkol-frenash","product_cat-carlube","product_tag-alkol-frenash","product_tag-carlube"],"_links":{"self":[{"href":"https:\/\/autonardiexpress.com\/shop\/wp-json\/wp\/v2\/product\/55","targetHints":{"allow":["GET"]}}],"collection":[{"href":"https:\/\/autonardiexpress.com\/shop\/wp-json\/wp\/v2\/product"}],"about":[{"href":"https:\/\/autonardiexpress.com\/shop\/wp-json\/wp\/v2\/types\/product"}],"replies":[{"embeddable":true,"href":"https:\/\/autonardiexpress.com\/shop\/wp-json\/wp\/v2\/comments?post=55"}],"wp:featuredmedia":[{"embeddable":true,"href":"https:\/\/autonardiexpress.com\/shop\/wp-json\/wp\/v2\/media\/640"}],"wp:attachment":[{"href":"https:\/\/autonardiexpress.com\/shop\/wp-json\/wp\/v2\/media?parent=55"}],"wp:term":[{"taxonomy":"product_cat","embeddable":true,"href":"https:\/\/autonardiexpress.com\/shop\/wp-json\/wp\/v2\/product_cat?post=55"},{"taxonomy":"product_tag","embeddable":true,"href":"https:\/\/autonardiexpress.com\/shop\/wp-json\/wp\/v2\/product_tag?post=55"}],"curies":[{"name":"wp","href":"https:\/\/api.w.org\/{rel}","templated":true}]}}