{"id":53,"date":"2021-05-15T20:09:08","date_gmt":"2021-05-15T19:09:08","guid":{"rendered":"https:\/\/autonardiexpress.com\/shop\/?post_type=product&#038;p=53"},"modified":"2023-12-07T13:04:42","modified_gmt":"2023-12-07T12:04:42","slug":"alkol-frenash-brake-fluid-bidon-1-liter","status":"publish","type":"product","link":"https:\/\/autonardiexpress.com\/shop\/produkt\/alkol-frenash-brake-fluid-bidon-1-liter\/","title":{"rendered":"Alkol frenash"},"content":{"rendered":"<p><span style=\"color: #0000ff\">\u03a5\u03b3\u03c1\u03cc \u03c6\u03c1\u03ad\u03bd\u03c9\u03bd<\/span><\/p>\n<p><span style=\"color: #0000ff\">Brake Fluid<\/span><\/p>\n<p><span style=\"color: #0000ff\">Liquido dei freni<\/span><\/p>\n<p><span style=\"color: #800000\">Rekomandohet p\u00ebr p\u00ebrdorim n\u00eb automjete t\u00eb pajisura me ESP. Ky produkt \u00ebsht\u00eb gjithashtu i p\u00ebrshtatsh\u00ebm p\u00ebr automjetet q\u00eb k\u00ebrkojn\u00eb l\u00ebngje t\u00eb miratuara DOT 3 &amp; DOT 4. Jo i p\u00ebrshtatsh\u00ebm p\u00ebr t&#8217;u p\u00ebrdorur n\u00eb sistemet e frenave dhe pezullimit t\u00eb vajit mineral t\u00eb montuar n\u00eb disa modele Rolls Royce, Citroen dhe Jaguar (Referojuni manualit t\u00eb automjetit)<\/span><\/p>\n<h4><span style=\"color: #008000\">T\u00eb gjitha pjes\u00ebt n\u00eb nj\u00eb v\u00ebnd \u2013 Zgjidhni tuajat n\u00eb faqen ton\u00eb .<\/span><\/h4>\n","protected":false},"excerpt":{"rendered":"<p><span style=\"color: #800000\"><strong>Alkol frenash<\/strong><\/span> <span style=\"color: #0000ff\">Brake Fluid bidon 500ml Dot-4 ESP Synthetic Based<\/span> <strong><span style=\"color: #ff0000\">CARLUBE<\/span><\/strong><\/p>\n<p><span style=\"color: #000080\"><strong>Kodi artikull<\/strong><\/span> <span style=\"color: #0000ff\">BFE050<\/span> <span style=\"color: #ff0000\"><strong>CARLUBE<\/strong><\/span><\/p>\n<p><span style=\"color: #008000\"><strong>Nr.<\/strong>18746<\/span><\/p>\n<p><span style=\"color: #000080\"><strong>EAN:<\/strong> 50766710<\/span><\/p>\n","protected":false},"featured_media":639,"comment_status":"open","ping_status":"closed","template":"","meta":[],"product_cat":[24,39],"product_tag":[],"class_list":["post-53","product","type-product","status-publish","has-post-thumbnail","hentry","product_cat-alkol-frenash","product_cat-carlube"],"_links":{"self":[{"href":"https:\/\/autonardiexpress.com\/shop\/wp-json\/wp\/v2\/product\/53","targetHints":{"allow":["GET"]}}],"collection":[{"href":"https:\/\/autonardiexpress.com\/shop\/wp-json\/wp\/v2\/product"}],"about":[{"href":"https:\/\/autonardiexpress.com\/shop\/wp-json\/wp\/v2\/types\/product"}],"replies":[{"embeddable":true,"href":"https:\/\/autonardiexpress.com\/shop\/wp-json\/wp\/v2\/comments?post=53"}],"wp:featuredmedia":[{"embeddable":true,"href":"https:\/\/autonardiexpress.com\/shop\/wp-json\/wp\/v2\/media\/639"}],"wp:attachment":[{"href":"https:\/\/autonardiexpress.com\/shop\/wp-json\/wp\/v2\/media?parent=53"}],"wp:term":[{"taxonomy":"product_cat","embeddable":true,"href":"https:\/\/autonardiexpress.com\/shop\/wp-json\/wp\/v2\/product_cat?post=53"},{"taxonomy":"product_tag","embeddable":true,"href":"https:\/\/autonardiexpress.com\/shop\/wp-json\/wp\/v2\/product_tag?post=53"}],"curies":[{"name":"wp","href":"https:\/\/api.w.org\/{rel}","templated":true}]}}