{"id":492,"date":"2023-04-06T15:35:42","date_gmt":"2023-04-06T14:35:42","guid":{"rendered":"https:\/\/autonardiexpress.com\/shop\/?post_type=product&#038;p=492"},"modified":"2024-03-13T18:02:39","modified_gmt":"2024-03-13T17:02:39","slug":"guanicion-testate-9","status":"publish","type":"product","link":"https:\/\/autonardiexpress.com\/shop\/produkt\/guanicion-testate-9\/","title":{"rendered":"Guanicion testate"},"content":{"rendered":"<h3><span style=\"color: #008000\">Gasket, cylinder head<\/span>\u00a0\u00a0\u00a0<span style=\"color: #ff0000\">\u2116:<\/span>\u00a0<span class=\"highlight\" style=\"color: #0000ff\">10100600<\/span><\/h3>\n<p><a href=\"https:\/\/www.antallaktikaonline.gr\/exartimaton-aftokiniton-kataskeuastes\/ajusa\"><img loading=\"lazy\" decoding=\"async\" class=\"pkw-product__image-brand\" src=\"https:\/\/cdn.pkwteile.de\/brands\/thumbs\/147.png?m=2&amp;ccf=92859797\" alt=\"AJUSA A\u03bd\u03c4\u03b1\u03bb\u03bb\u03b1\u03ba\u03c4\u03b9\u03ba\u03ac, \u03a0\u03b5\u03c1\u03b9\u03c0\u03bf\u03af\u03b7\u03c3\u03b7 \u03b1\u03c5\u03c4\u03bf\u03ba\u03b9\u03bd\u03ae\u03c4\u03bf\u03c5 \u03b3\u03bd\u03ae\u03c3\u03b9\u03b1 \u03b1\u03bd\u03c4\u03b1\u03bb\u03bb\u03b1\u03ba\u03c4\u03b9\u03ba\u03ac\" width=\"140\" height=\"57\" \/><\/a><\/p>\n<h3><span style=\"color: #008000\">\u03a6\u03bb\u03ac\u03bd\u03c4\u03b6\u03b1, \u03ba\u03b5\u03c6\u03b1\u03bb\u03ae \u03ba\u03c5\u03bb\u03af\u03bd\u03b4\u03c1\u03bf\u03c5\u00a0 \u00a0 \u00a0 \u00a0 \u00a0 \u00a0 \u00a0 \u00a0 \u00a0 \u00a0 \u00a0 \u00a0 \u00a0 \u00a0 \u00a0 \u00a0 \u00a0 \u00a0 \u00a0 \u00a0 \u00a0 \u00a0 \u00a0 \u00a0 \u00a0 \u00a0<\/span><\/h3>\n<h3><span style=\"color: #008000\">Guarnizione, testata\u00a0\u00a0<\/span><\/h3>\n<div class=\"pkw-product__rowspan\"><\/div>\n<div class=\"pkw-product__rowspan js-product-click-stars\" data-type=\"article\" data-articleid=\"7244828\" data-rating=\"8\">\n<div class=\"pkw-product__rating\" data-rating=\"8\">\n<h3><span style=\"color: #800000\">T\u00eb ngjash\u00ebm me numrat\u00a0OEM\u00a0vet\u00ebm p\u00ebr krahasim<\/span><\/h3>\n<ul class=\"pkw-oem__ul\">\n<li><span style=\"color: #800080\"><em><strong>CHEVROLET\u00a0 96083324)<\/strong><\/em><\/span><\/li>\n<li><span style=\"color: #800080\"><em><strong>CHEVROLET\u00a0 96181218<\/strong><\/em><\/span><\/li>\n<li><span style=\"color: #800080\"><em><strong>CHEVROLET\u00a0 96391435<\/strong><\/em><\/span><\/li>\n<li><span style=\"color: #800080\"><em><strong>DAEWOO\u00a0 \u00a096391435\u00a0<\/strong><\/em><\/span><\/li>\n<\/ul>\n<h3><span style=\"color: #0000ff\">Prodhuesi Modeli Lloji Fuqia n\u00eb KW Viti i prodhimit<\/span><\/h3>\n<ul class=\"pkw-product-models js-ajax-product-compatibility\" data-car-type=\"\">\n<li class=\"pkw-product-maker__line pkw-product-models__line_active\" data-maker-id=\"185\"><span style=\"color: #993300\"><strong>DAEWOO<\/strong><\/span>\n<ul class=\"pkw-product-models__list\">\n<li class=\"pkw-product-models__product\"><span style=\"color: #993300\"><b class=\"button_dropdown_list loaded\" data-maker=\"185\" data-model=\"1303\" data-prod=\"7244828\"><i class=\"icon arrow\"><\/i>DAEWOO Espero ( 10.1993 &#8211; 08.1999 , 75 &#8211; 90 PS)<\/b><\/span><\/li>\n<li class=\"pkw-product-models__product\"><span style=\"color: #993300\"><b class=\"button_dropdown_list loaded\" data-maker=\"185\" data-model=\"1304\" data-prod=\"7244828\"><i class=\"icon arrow\"><\/i>DAEWOO Nexia I Hatchback (N100) ( 02.1995 &#8211; 08.1997 , 90 PS)<\/b><\/span><\/li>\n<li class=\"pkw-product-models__product\"><span style=\"color: #993300\"><b class=\"button_dropdown_list loaded\" data-maker=\"185\" data-model=\"1305\" data-prod=\"7244828\"><i class=\"icon arrow\"><\/i>DAEWOO Nexia I Sedan (N100) ( 02.1995 &#8211; 08.1997 , 90 PS)<\/b><\/span><\/li>\n<\/ul>\n<\/li>\n<\/ul>\n<h4><span style=\"color: #003300\"><em>T\u00eb gjitha pjes\u00ebt n\u00eb nj\u00eb v\u00ebnd \u2013 Zgjidhni tuajat n\u00eb faqen ton\u00eb .<\/em><\/span><\/h4>\n<\/div>\n<\/div>\n<p>&nbsp;<\/p>\n","protected":false},"excerpt":{"rendered":"<h3><span style=\"color: #003300\">Guanicion testate<\/span>\u00a0\u00a0\u00a0<span style=\"color: #800000\">\u2116:<\/span>\u00a0<span class=\"highlight\" style=\"color: #000080\">10100600<\/span><\/h3>\n<p><a href=\"https:\/\/www.antallaktikaonline.gr\/exartimaton-aftokiniton-kataskeuastes\/ajusa\"><img loading=\"lazy\" decoding=\"async\" class=\"pkw-product__image-brand\" src=\"https:\/\/cdn.pkwteile.de\/brands\/thumbs\/147.png?m=2&amp;ccf=92859797\" alt=\"AJUSA A\u03bd\u03c4\u03b1\u03bb\u03bb\u03b1\u03ba\u03c4\u03b9\u03ba\u03ac, \u03a0\u03b5\u03c1\u03b9\u03c0\u03bf\u03af\u03b7\u03c3\u03b7 \u03b1\u03c5\u03c4\u03bf\u03ba\u03b9\u03bd\u03ae\u03c4\u03bf\u03c5 \u03b3\u03bd\u03ae\u03c3\u03b9\u03b1 \u03b1\u03bd\u03c4\u03b1\u03bb\u03bb\u03b1\u03ba\u03c4\u03b9\u03ba\u03ac\" width=\"140\" height=\"57\" \/><\/a><\/p>\n<div class=\"pkw-product__rowspan js-product-click-stars\" data-type=\"article\" data-articleid=\"7244828\" data-rating=\"8\">\n<div class=\"pkw-product__rating\" data-rating=\"8\">\n<p><span style=\"color: #003300\"><em><strong>OEM : 96391435<\/strong><\/em><\/span><\/p>\n<\/div>\n<\/div>\n<p><span style=\"color: #003300\"><em><strong>EAN: 8427769472114<\/strong><\/em><\/span><\/p>\n<p><span style=\"color: #993366\"><em><strong>Guanicion testate \u00d8:78mm Daewoo Espero\u00a0 ,Nexia\u00a0 &amp;\u00a0 Chevrolet Lanos\u00a0 ,Nubira\u00a0 ,Nexia 1.5 16V\u00a0 \u00a0<\/strong><\/em><\/span><span style=\"color: #993366\"><em><strong>Viti.1995-2000<\/strong><\/em><\/span><\/p>\n<p><span style=\"color: #800000\"><strong>Replacement numbers<\/strong><\/span><\/p>\n<div class=\"refnumbers__group\">\n<ul class=\"refnumbers__list\">\n<li class=\"refnumbers__item\"><span style=\"color: #000080\"><em><strong>\u2116: 50501\u00a0 \u00a0<span class=\"refnumbers__manufacturer\">GLASER<\/span><\/strong><\/em><\/span><\/li>\n<li class=\"refnumbers__item\"><span style=\"color: #000080\"><em><strong>\u2116: HG1214\u00a0 \u00a0 \u00a0<span class=\"refnumbers__manufacturer\">FAI\u00a0<\/span><\/strong><\/em><\/span><\/li>\n<li class=\"refnumbers__item\"><span style=\"color: #000080\"><em><strong>\u2116: 30-029687-00 \u00a0 <span class=\"refnumbers__manufacturer\">GOETZE<\/span><\/strong><\/em><\/span><\/li>\n<li class=\"refnumbers__item\"><span style=\"color: #000080\"><em><strong>\u2116: \u00a00021012\u00a0 \u00a0 <span class=\"refnumbers__manufacturer\">ELWIS<\/span><\/strong><\/em><\/span><\/li>\n<li class=\"refnumbers__item\"><span style=\"color: #000080\"><em><strong>\u2116: BZ300 \u00a0 \u00a0 \u00a0 <span class=\"refnumbers__manufacturer\">PAYEN<\/span><\/strong><\/em><\/span><\/li>\n<li class=\"refnumbers__item\"><span style=\"color: #000080\"><em><strong>\u2116: 068.181\u00a0 \u00a0 <span class=\"refnumbers__manufacturer\">ELRING<\/span><\/strong><\/em><\/span><\/li>\n<li><span style=\"color: #000080\"><em><strong>\u2116: CH6597 \u00a0 \u00a0 BGA<\/strong><\/em><\/span><\/li>\n<\/ul>\n<\/div>\n<p>&nbsp;<\/p>\n","protected":false},"featured_media":493,"comment_status":"open","ping_status":"closed","template":"","meta":[],"product_cat":[34,130,139,94],"product_tag":[],"class_list":["post-492","product","type-product","status-publish","has-post-thumbnail","hentry","product_cat-ajusa","product_cat-chevrolet","product_cat-daewoo","product_cat-guanicion-testate"],"_links":{"self":[{"href":"https:\/\/autonardiexpress.com\/shop\/wp-json\/wp\/v2\/product\/492","targetHints":{"allow":["GET"]}}],"collection":[{"href":"https:\/\/autonardiexpress.com\/shop\/wp-json\/wp\/v2\/product"}],"about":[{"href":"https:\/\/autonardiexpress.com\/shop\/wp-json\/wp\/v2\/types\/product"}],"replies":[{"embeddable":true,"href":"https:\/\/autonardiexpress.com\/shop\/wp-json\/wp\/v2\/comments?post=492"}],"wp:featuredmedia":[{"embeddable":true,"href":"https:\/\/autonardiexpress.com\/shop\/wp-json\/wp\/v2\/media\/493"}],"wp:attachment":[{"href":"https:\/\/autonardiexpress.com\/shop\/wp-json\/wp\/v2\/media?parent=492"}],"wp:term":[{"taxonomy":"product_cat","embeddable":true,"href":"https:\/\/autonardiexpress.com\/shop\/wp-json\/wp\/v2\/product_cat?post=492"},{"taxonomy":"product_tag","embeddable":true,"href":"https:\/\/autonardiexpress.com\/shop\/wp-json\/wp\/v2\/product_tag?post=492"}],"curies":[{"name":"wp","href":"https:\/\/api.w.org\/{rel}","templated":true}]}}