{"id":485,"date":"2023-04-06T13:51:53","date_gmt":"2023-04-06T12:51:53","guid":{"rendered":"https:\/\/autonardiexpress.com\/shop\/?post_type=product&#038;p=485"},"modified":"2023-04-06T15:19:49","modified_gmt":"2023-04-06T14:19:49","slug":"bla-bla-bla","status":"publish","type":"product","link":"https:\/\/autonardiexpress.com\/shop\/produkt\/bla-bla-bla\/","title":{"rendered":"Kandele"},"content":{"rendered":"<p><img loading=\"lazy\" decoding=\"async\" class=\"alignnone size-medium wp-image-487\" src=\"https:\/\/autonardiexpress.com\/shop\/wp-content\/uploads\/2023\/04\/kandele-300x300.jpg\" alt=\"\" width=\"300\" height=\"300\" srcset=\"https:\/\/autonardiexpress.com\/shop\/wp-content\/uploads\/2023\/04\/kandele-300x300.jpg 300w, https:\/\/autonardiexpress.com\/shop\/wp-content\/uploads\/2023\/04\/kandele-150x150.jpg 150w, https:\/\/autonardiexpress.com\/shop\/wp-content\/uploads\/2023\/04\/kandele-768x768.jpg 768w, https:\/\/autonardiexpress.com\/shop\/wp-content\/uploads\/2023\/04\/kandele-512x512.jpg 512w, https:\/\/autonardiexpress.com\/shop\/wp-content\/uploads\/2023\/04\/kandele-420x420.jpg 420w, https:\/\/autonardiexpress.com\/shop\/wp-content\/uploads\/2023\/04\/kandele-75x75.jpg 75w, https:\/\/autonardiexpress.com\/shop\/wp-content\/uploads\/2023\/04\/kandele-600x600.jpg 600w, https:\/\/autonardiexpress.com\/shop\/wp-content\/uploads\/2023\/04\/kandele-100x100.jpg 100w, https:\/\/autonardiexpress.com\/shop\/wp-content\/uploads\/2023\/04\/kandele.jpg 800w\" sizes=\"auto, (max-width: 300px) 100vw, 300px\" \/><\/p>\n","protected":false},"excerpt":{"rendered":"<p>NGK <strong>2382<\/strong><\/p>\n<p>Kodi Unik <strong>BKR5ES-11\u00a0<\/strong><\/p>\n<p>Borcod :<strong>087295123829<\/strong><\/p>\n<p>OE;<strong>04887 031<\/strong><\/p>\n<p>Kandele \u00d8:14mm me rondele dhe kok\u00eb \u00d8:16mm\u00a0 me (1)\u00a0 \u00e7entil<\/p>\n<p>P\u00ebrdorimi\u00a0 Chrysler\u00a0 ,Dodge\u00a0 ,Isuzu\u00a0 ,Nissan\u00a0 ,Hyundai\u00a0 ,Kia\u00a0 ,Infiniti\u00a0 etj\u00a0 Viti.1994-2014<\/p>\n","protected":false},"featured_media":487,"comment_status":"open","ping_status":"closed","template":"","meta":[],"product_cat":[108,109,87,136,99,135,57,137,67],"product_tag":[138],"class_list":["post-485","product","type-product","status-publish","has-post-thumbnail","hentry","product_cat-chrysler","product_cat-dodge","product_cat-hyundai","product_cat-infiniti","product_cat-isuzu","product_cat-kandele","product_cat-kia","product_cat-ngk","product_cat-nissan","product_tag-ngk"],"_links":{"self":[{"href":"https:\/\/autonardiexpress.com\/shop\/wp-json\/wp\/v2\/product\/485","targetHints":{"allow":["GET"]}}],"collection":[{"href":"https:\/\/autonardiexpress.com\/shop\/wp-json\/wp\/v2\/product"}],"about":[{"href":"https:\/\/autonardiexpress.com\/shop\/wp-json\/wp\/v2\/types\/product"}],"replies":[{"embeddable":true,"href":"https:\/\/autonardiexpress.com\/shop\/wp-json\/wp\/v2\/comments?post=485"}],"wp:featuredmedia":[{"embeddable":true,"href":"https:\/\/autonardiexpress.com\/shop\/wp-json\/wp\/v2\/media\/487"}],"wp:attachment":[{"href":"https:\/\/autonardiexpress.com\/shop\/wp-json\/wp\/v2\/media?parent=485"}],"wp:term":[{"taxonomy":"product_cat","embeddable":true,"href":"https:\/\/autonardiexpress.com\/shop\/wp-json\/wp\/v2\/product_cat?post=485"},{"taxonomy":"product_tag","embeddable":true,"href":"https:\/\/autonardiexpress.com\/shop\/wp-json\/wp\/v2\/product_tag?post=485"}],"curies":[{"name":"wp","href":"https:\/\/api.w.org\/{rel}","templated":true}]}}