{"id":260,"date":"2021-06-04T16:44:08","date_gmt":"2021-06-04T15:44:08","guid":{"rendered":"https:\/\/autonardiexpress.com\/shop\/?post_type=product&#038;p=260"},"modified":"2021-06-08T13:08:46","modified_gmt":"2021-06-08T12:08:46","slug":"kushineta-kite-4","status":"publish","type":"product","link":"https:\/\/autonardiexpress.com\/shop\/produkt\/kushineta-kite-4\/","title":{"rendered":"Kushineta kite"},"content":{"rendered":"","protected":false},"excerpt":{"rendered":"<p><strong>Kushineta kite<\/strong> auto \u00d8:169mm Mitsubishi Challenger ,Pajero \/ Shogun Classic Mk III 3.0i V6 &amp; 2.5-3.2 DI-D t\u00eb I-ra me 6 (gjasht\u00eb) dadi\u00e7ek montimi diskut Viti.98-12<\/p>\n<p><strong>Kodi artikull<\/strong>\u00a0 VKBA 6914\u00a0 <strong>SKF\u00a0<\/strong><\/p>\n<p><strong>OE:<\/strong> 3880A012\u00a0<strong> MITSUBISHI<\/strong><\/p>\n<p><strong>EAN:<\/strong> 7316574928583<\/p>\n<p><strong>Nr.<\/strong> 109023<\/p>\n<p>&nbsp;<\/p>\n","protected":false},"featured_media":261,"comment_status":"open","ping_status":"closed","template":"","meta":[],"product_cat":[47,56,33],"product_tag":[],"class_list":["post-260","product","type-product","status-publish","has-post-thumbnail","hentry","product_cat-kushineta-kite","product_cat-mitsubishi","product_cat-skf"],"_links":{"self":[{"href":"https:\/\/autonardiexpress.com\/shop\/wp-json\/wp\/v2\/product\/260","targetHints":{"allow":["GET"]}}],"collection":[{"href":"https:\/\/autonardiexpress.com\/shop\/wp-json\/wp\/v2\/product"}],"about":[{"href":"https:\/\/autonardiexpress.com\/shop\/wp-json\/wp\/v2\/types\/product"}],"replies":[{"embeddable":true,"href":"https:\/\/autonardiexpress.com\/shop\/wp-json\/wp\/v2\/comments?post=260"}],"wp:featuredmedia":[{"embeddable":true,"href":"https:\/\/autonardiexpress.com\/shop\/wp-json\/wp\/v2\/media\/261"}],"wp:attachment":[{"href":"https:\/\/autonardiexpress.com\/shop\/wp-json\/wp\/v2\/media?parent=260"}],"wp:term":[{"taxonomy":"product_cat","embeddable":true,"href":"https:\/\/autonardiexpress.com\/shop\/wp-json\/wp\/v2\/product_cat?post=260"},{"taxonomy":"product_tag","embeddable":true,"href":"https:\/\/autonardiexpress.com\/shop\/wp-json\/wp\/v2\/product_tag?post=260"}],"curies":[{"name":"wp","href":"https:\/\/api.w.org\/{rel}","templated":true}]}}