{"id":201,"date":"2021-05-27T14:18:31","date_gmt":"2021-05-27T13:18:31","guid":{"rendered":"https:\/\/autonardiexpress.com\/shop\/?post_type=product&#038;p=201"},"modified":"2023-12-07T12:24:49","modified_gmt":"2023-12-07T11:24:49","slug":"kushineta-dopjo-rrule","status":"publish","type":"product","link":"https:\/\/autonardiexpress.com\/shop\/produkt\/kushineta-dopjo-rrule\/","title":{"rendered":"Kushineta dopjo"},"content":{"rendered":"<h4><span style=\"color: #0000ff\"><strong>Kushineta dopjo<\/strong>\u2013rrul\u00eb<\/span>\u00a0 \u00a0\u00a0<span style=\"color: #000080\"><strong>22316 E\/C3<\/strong><\/span>\u00a0 \u00a0<a href=\"https:\/\/www.antallaktikaonline.gr\/exartimaton-aftokiniton-kataskeuastes\/skf\"><img loading=\"lazy\" decoding=\"async\" class=\"pkw-product__image-brand\" title=\"A\u03bd\u03c4\u03b1\u03bb\u03bb\u03b1\u03ba\u03c4\u03b9\u03ba\u03ac, \u03c0\u03b5\u03c1\u03b9\u03c0\u03bf\u03af\u03b7\u03c3\u03b7 \u03b1\u03c5\u03c4\u03bf\u03ba\u03b9\u03bd\u03ae\u03c4\u03bf\u03c5, \u03b5\u03c1\u03b3\u03b1\u03bb\u03b5\u03af\u03b1 SKF\" src=\"https:\/\/cdn.pkwteile.de\/brands\/thumbs\/50.png?m=2&amp;ccf=93145724\" alt=\"SKF A\u03bd\u03c4\u03b1\u03bb\u03bb\u03b1\u03ba\u03c4\u03b9\u03ba\u03ac, \u03a0\u03b5\u03c1\u03b9\u03c0\u03bf\u03af\u03b7\u03c3\u03b7 \u03b1\u03c5\u03c4\u03bf\u03ba\u03b9\u03bd\u03ae\u03c4\u03bf\u03c5, \u0395\u03c1\u03b3\u03b1\u03bb\u03b5\u03af\u03b1 \u03b3\u03bd\u03ae\u03c3\u03b9\u03b1 \u03b1\u03bd\u03c4\u03b1\u03bb\u03bb\u03b1\u03ba\u03c4\u03b9\u03ba\u03ac\" width=\"166\" height=\"39\" \/><\/a><\/h4>\n<h3><span style=\"color: #800000\">\u00d8:80x170x58mm<\/span> <span style=\"color: #000080\">Limiting speed 3000 r\/min\u00a0 \u00a0 \u00a0 \u00a0 \u00a0 \u00a0 \u00a0 \u00a0 \u00a0 \u00a0 \u00a0 \u00a0 \u00a0<\/span><\/h3>\n<h3><span style=\"color: #000080\">Reference speed 4<strong>000<\/strong>\u00a0r\/min<\/span><\/h3>\n<h4>&#8211;<span style=\"color: #993366\">\u03a3\u03c6\u03b1\u03b9\u03c1\u03b9\u03ba\u03cc \u03c1\u03bf\u03c5\u03bb\u03b5\u03bc\u03ac\u03bd \u03ba\u03c5\u03bb\u03af\u03bd\u03b4\u03c1\u03bf\u03c5 \u03bc\u03b5 \u03c7\u03b1\u03c1\u03b1\u03ba\u03c4\u03b7\u03c1\u03b9\u03c3\u03c4\u03b9\u03ba\u03ac \u03b5\u03c0\u03b1\u03bd\u03b1\u03bb\u03af\u03c0\u03b1\u03bd\u03c3\u03b7\u03c2<\/span><\/h4>\n<h4><span style=\"color: #993366\">-Spherical roller bearing with relubrication features<\/span><\/h4>\n<h4><span style=\"color: #993366\">-Cuscinetto orientabile a rulli con caratteristiche di rilubrificazione<\/span><\/h4>\n<h4><span style=\"color: #008080\">T\u00eb gjitha pjes\u00ebt n\u00eb nj\u00eb v\u00ebnd \u2013 Zgjidhni tuajat n\u00eb faqen ton\u00eb .<\/span><\/h4>\n","protected":false},"excerpt":{"rendered":"<p><span style=\"color: #0000ff\"><strong>Kushineta<\/strong> <strong>dopjo<\/strong>-rrul\u00eb<\/span> <span style=\"color: #993300\">\u00d8:80x170x58mm<\/span><\/p>\n<p><span style=\"color: #800000\"><strong>Kodi artikull<\/strong><\/span> <span style=\"color: #993300\">22316 E\/C3<\/span> <span style=\"color: #0000ff\"><strong>SKF<\/strong><\/span><\/p>\n<p><span style=\"color: #800000\"><strong>EAN:<\/strong><\/span> <span style=\"color: #008000\">7316576654138<\/span><\/p>\n<p><span style=\"color: #333300\"><strong>INDUSTRIALE &#8211; UNIVERSALE<\/strong><\/span><\/p>\n","protected":false},"featured_media":202,"comment_status":"open","ping_status":"closed","template":"","meta":[],"product_cat":[63,33],"product_tag":[],"class_list":["post-201","product","type-product","status-publish","has-post-thumbnail","hentry","product_cat-kushineta-dopjo-rrule","product_cat-skf"],"_links":{"self":[{"href":"https:\/\/autonardiexpress.com\/shop\/wp-json\/wp\/v2\/product\/201","targetHints":{"allow":["GET"]}}],"collection":[{"href":"https:\/\/autonardiexpress.com\/shop\/wp-json\/wp\/v2\/product"}],"about":[{"href":"https:\/\/autonardiexpress.com\/shop\/wp-json\/wp\/v2\/types\/product"}],"replies":[{"embeddable":true,"href":"https:\/\/autonardiexpress.com\/shop\/wp-json\/wp\/v2\/comments?post=201"}],"wp:featuredmedia":[{"embeddable":true,"href":"https:\/\/autonardiexpress.com\/shop\/wp-json\/wp\/v2\/media\/202"}],"wp:attachment":[{"href":"https:\/\/autonardiexpress.com\/shop\/wp-json\/wp\/v2\/media?parent=201"}],"wp:term":[{"taxonomy":"product_cat","embeddable":true,"href":"https:\/\/autonardiexpress.com\/shop\/wp-json\/wp\/v2\/product_cat?post=201"},{"taxonomy":"product_tag","embeddable":true,"href":"https:\/\/autonardiexpress.com\/shop\/wp-json\/wp\/v2\/product_tag?post=201"}],"curies":[{"name":"wp","href":"https:\/\/api.w.org\/{rel}","templated":true}]}}