{"id":93,"date":"2021-05-15T21:15:06","date_gmt":"2021-05-15T20:15:06","guid":{"rendered":"https:\/\/autonardiexpress.com\/shop\/?page_id=93"},"modified":"2021-05-25T09:12:38","modified_gmt":"2021-05-25T08:12:38","slug":"kontakt-2","status":"publish","type":"page","link":"https:\/\/autonardiexpress.com\/shop\/kontakt-2\/","title":{"rendered":"Kontakt"},"content":{"rendered":"<p><strong>TIRAN\u00cb\u00a0<\/strong><br \/>\nRRUGA DRITAN HOXHA, P\u00cbRBALL\u00cb PALLATIT T\u00cb SPORTIT<\/p>\n<p>Tel: +355 4 2 239 938<br \/>\nCeL: +355 67 30 49 910<br \/>\n+355 68 35 46 828<br \/>\n+355 69 24 35 881<\/p>\n<p><strong>LUSHNJE<\/strong><br \/>\nZONA INDUSTRIALE NR.1 PERBALLE PARKUT<\/p>\n<p>TEL\/FAX: +3555222626<br \/>\nEmail: autopas1@yahoo.it<br \/>\nautonardiexpress@gmail.com<\/p>\n","protected":false},"excerpt":{"rendered":"<p>TIRAN\u00cb\u00a0 RRUGA DRITAN HOXHA, P\u00cbRBALL\u00cb PALLATIT T\u00cb SPORTIT Tel: +355 4 2 239 938 CeL: +355 67 30 49 910 +355 68 35 46 828 +355 69 24 35 881 LUSHNJE ZONA INDUSTRIALE NR.1 PERBALLE PARKUT TEL\/FAX: +3555222626 Email: autopas1@yahoo.it autonardiexpress@gmail.com<\/p>\n","protected":false},"author":1,"featured_media":0,"parent":0,"menu_order":0,"comment_status":"closed","ping_status":"closed","template":"page-templates\/contact-template.php","meta":{"footnotes":""},"class_list":["post-93","page","type-page","status-publish","hentry"],"_links":{"self":[{"href":"https:\/\/autonardiexpress.com\/shop\/wp-json\/wp\/v2\/pages\/93","targetHints":{"allow":["GET"]}}],"collection":[{"href":"https:\/\/autonardiexpress.com\/shop\/wp-json\/wp\/v2\/pages"}],"about":[{"href":"https:\/\/autonardiexpress.com\/shop\/wp-json\/wp\/v2\/types\/page"}],"author":[{"embeddable":true,"href":"https:\/\/autonardiexpress.com\/shop\/wp-json\/wp\/v2\/users\/1"}],"replies":[{"embeddable":true,"href":"https:\/\/autonardiexpress.com\/shop\/wp-json\/wp\/v2\/comments?post=93"}],"version-history":[{"count":2,"href":"https:\/\/autonardiexpress.com\/shop\/wp-json\/wp\/v2\/pages\/93\/revisions"}],"predecessor-version":[{"id":176,"href":"https:\/\/autonardiexpress.com\/shop\/wp-json\/wp\/v2\/pages\/93\/revisions\/176"}],"wp:attachment":[{"href":"https:\/\/autonardiexpress.com\/shop\/wp-json\/wp\/v2\/media?parent=93"}],"curies":[{"name":"wp","href":"https:\/\/api.w.org\/{rel}","templated":true}]}}